{"id":1284,"date":"2017-05-23T15:52:42","date_gmt":"2017-05-23T15:52:42","guid":{"rendered":"https:\/\/www.keysiworld.com\/de\/formacion\/"},"modified":"2025-10-27T00:50:12","modified_gmt":"2025-10-26T23:50:12","slug":"ausbildung","status":"publish","type":"page","link":"https:\/\/www.keysiworld.com\/de\/ausbildung\/","title":{"rendered":"Ausbildung"},"content":{"rendered":"\n<style type=\"text\/css\" data-created_by=\"avia_inline_auto\" id=\"style-css-av-av_one_full-6126cab7d8fab8d08143dd2dacdf673c\">\n.flex_column.av-av_one_full-6126cab7d8fab8d08143dd2dacdf673c{\nborder-radius:0px 0px 0px 0px;\npadding:0px 0px 0px 0px;\n}\n<\/style>\n<div  class='flex_column av-av_one_full-6126cab7d8fab8d08143dd2dacdf673c av_one_full  avia-builder-el-0  el_before_av_hr  avia-builder-el-first  first flex_column_div av-zero-column-padding  '     ><style type=\"text\/css\" data-created_by=\"avia_inline_auto\" id=\"style-css-av-av_image-76a91f3e3864cde310e24421e7895834\">\n.avia-image-container.av-av_image-76a91f3e3864cde310e24421e7895834 img.avia_image{\nbox-shadow:none;\n}\n.avia-image-container.av-av_image-76a91f3e3864cde310e24421e7895834 .av-image-caption-overlay-center{\ncolor:#ffffff;\n}\n<\/style>\n<div  class='avia-image-container av-av_image-76a91f3e3864cde310e24421e7895834 av-styling- avia-align-center  avia-builder-el-1  avia-builder-el-no-sibling '   itemprop=\"image\" itemscope=\"itemscope\" itemtype=\"https:\/\/schema.org\/ImageObject\" ><div class=\"avia-image-container-inner\"><div class=\"avia-image-overlay-wrap\"><img decoding=\"async\" fetchpriority=\"high\" class='wp-image-7799 avia-img-lazy-loading-not-7799 avia_image ' src=\"https:\/\/www.keysiworld.com\/wp-content\/uploads\/2019\/04\/slider-800x451.jpg\" alt='' title='slider'  height=\"451\" width=\"800\"  itemprop=\"thumbnailUrl\" srcset=\"https:\/\/www.keysiworld.com\/wp-content\/uploads\/2019\/04\/slider-800x451.jpg 800w, https:\/\/www.keysiworld.com\/wp-content\/uploads\/2019\/04\/slider-768x433.jpg 768w, https:\/\/www.keysiworld.com\/wp-content\/uploads\/2019\/04\/slider-1030x580.jpg 1030w, https:\/\/www.keysiworld.com\/wp-content\/uploads\/2019\/04\/slider-1500x845.jpg 1500w, https:\/\/www.keysiworld.com\/wp-content\/uploads\/2019\/04\/slider-705x397.jpg 705w, https:\/\/www.keysiworld.com\/wp-content\/uploads\/2019\/04\/slider-450x254.jpg 450w\" sizes=\"(max-width: 800px) 100vw, 800px\" \/><\/div><\/div><\/div><\/div>\n\n<style type=\"text\/css\" data-created_by=\"avia_inline_auto\" id=\"style-css-av-av_hr-741ab06d0690c1111415ef58b6e9dc92\">\n#top .hr.hr-invisible.av-av_hr-741ab06d0690c1111415ef58b6e9dc92{\nheight:40px;\n}\n<\/style>\n<div  class='hr av-av_hr-741ab06d0690c1111415ef58b6e9dc92 hr-invisible  avia-builder-el-2  el_after_av_one_full  el_before_av_one_full '><span class='hr-inner '><span class=\"hr-inner-style\"><\/span><\/span><\/div>\n\n<style type=\"text\/css\" data-created_by=\"avia_inline_auto\" id=\"style-css-av-av_one_full-6126cab7d8fab8d08143dd2dacdf673c\">\n.flex_column.av-av_one_full-6126cab7d8fab8d08143dd2dacdf673c{\nborder-radius:0px 0px 0px 0px;\npadding:0px 0px 0px 0px;\n}\n<\/style>\n<div  class='flex_column av-av_one_full-6126cab7d8fab8d08143dd2dacdf673c av_one_full  avia-builder-el-3  el_after_av_hr  el_before_av_one_half  first flex_column_div av-zero-column-padding  '     ><section  class='av_textblock_section av-av_textblock-396ddf1f42196ca838231e61a4602801 '   itemscope=\"itemscope\" itemtype=\"https:\/\/schema.org\/CreativeWork\" ><div class='avia_textblock'  itemprop=\"text\" ><h3 style=\"text-align: center;\"><em>Keysi bietet Dir eine kontinuierliche Weiterentwicklung und gibt Dir die M\u00f6glichkeit f\u00fcr pers\u00f6nliches Wachstum.<br \/>\n<\/em><\/h3>\n<h3 style=\"text-align: center;\"><em>Der Unterrichtsalltag in einem Club oder Fitness Studio aber auch der Unterricht auf selbstst\u00e4ndiger Basis fordern ein hohes Mass an Professionalit\u00e4t von allen Beteiligten! <\/em><\/h3>\n<h3 style=\"text-align: center;\"><em>Darauf m\u00f6chten wir Dich vorbereiten, indem wir Dir die n\u00f6tigen Werkzeuge an die Hand geben um diesen Herausforderungen gerecht zu werden.<br \/>\n<\/em><\/h3>\n<\/div><\/section><\/div>\n\n<style type=\"text\/css\" data-created_by=\"avia_inline_auto\" id=\"style-css-av-av_one_half-6126cab7d8fab8d08143dd2dacdf673c\">\n.flex_column.av-av_one_half-6126cab7d8fab8d08143dd2dacdf673c{\nborder-radius:0px 0px 0px 0px;\npadding:0px 0px 0px 0px;\n}\n<\/style>\n<div  class='flex_column av-av_one_half-6126cab7d8fab8d08143dd2dacdf673c av_one_half  avia-builder-el-5  el_after_av_one_full  el_before_av_one_half  first flex_column_div av-zero-column-padding  column-top-margin'     ><p><section  class='av_textblock_section av-av_textblock-396ddf1f42196ca838231e61a4602801 '   itemscope=\"itemscope\" itemtype=\"https:\/\/schema.org\/CreativeWork\" ><div class='avia_textblock'  itemprop=\"text\" ><p>Keysi Fighting Method unterscheidet sich grundlegend von den \u00fcblichen und traditionellen Systemen und Stilen. Unser Ansatz widmet sich der Erforschung und dem Verst\u00e4ndnis der extremen Herausforderungen in unserer Welt. Die Vision von Keysi ist es die radikalen Anforderungen zu meistern die heutzutage, durch eine st\u00e4ndig zunehmende Gewaltbereitschaft, an Selbstverteidigung gestellt werden.<\/p>\n<\/div><\/section><br \/>\n<section  class='av_textblock_section av-av_textblock-396ddf1f42196ca838231e61a4602801 '   itemscope=\"itemscope\" itemtype=\"https:\/\/schema.org\/CreativeWork\" ><div class='avia_textblock'  itemprop=\"text\" ><p><strong>Keysi World deckt 4 Gesch\u00e4ftsbereiche ab:<\/strong><\/p>\n<h3><strong>1. PROGRAMME<\/strong><\/h3>\n<ul>\n<li><strong>Keysi FIGHTING Method<\/strong><\/li>\n<li><strong>Keysi KIDS<\/strong><\/li>\n<li><strong>Keysi TACTICAL &amp; LAW Enforcement f\u00fcr Polizei, Justiz und Security Unternehmen<\/strong><\/li>\n<li><strong>Keysi MOVIE Action<\/strong><\/li>\n<\/ul>\n<\/div><\/section><\/p><\/div>\n\n<style type=\"text\/css\" data-created_by=\"avia_inline_auto\" id=\"style-css-av-av_one_half-0aa7055fe62c3622faec82866afbaeb2\">\n.flex_column.av-av_one_half-0aa7055fe62c3622faec82866afbaeb2{\nborder-radius:0px 0px 0px 0px;\npadding:0px 0px 0px 0px;\n}\n<\/style>\n<div  class='flex_column av-av_one_half-0aa7055fe62c3622faec82866afbaeb2 av_one_half  avia-builder-el-8  el_after_av_one_half  el_before_av_one_half  flex_column_div av-zero-column-padding  column-top-margin'     ><style type=\"text\/css\" data-created_by=\"avia_inline_auto\" id=\"style-css-av-av_image-0b5439a27acdcd1c55c91cba1e29ccbf\">\n.avia-image-container.av-av_image-0b5439a27acdcd1c55c91cba1e29ccbf img.avia_image{\nbox-shadow:none;\n}\n.avia-image-container.av-av_image-0b5439a27acdcd1c55c91cba1e29ccbf .av-image-caption-overlay-center{\ncolor:#ffffff;\n}\n<\/style>\n<div  class='avia-image-container av-av_image-0b5439a27acdcd1c55c91cba1e29ccbf av-styling- avia-align-center  avia-builder-el-9  avia-builder-el-no-sibling '   itemprop=\"image\" itemscope=\"itemscope\" itemtype=\"https:\/\/schema.org\/ImageObject\" ><div class=\"avia-image-container-inner\"><div class=\"avia-image-overlay-wrap\"><img decoding=\"async\" fetchpriority=\"high\" class='wp-image-4787 avia-img-lazy-loading-not-4787 avia_image ' src=\"https:\/\/www.keysiworld.com\/wp-content\/uploads\/2017\/05\/formaciom-1.jpg\" alt='' title='formaciom'  height=\"600\" width=\"1000\"  itemprop=\"thumbnailUrl\" srcset=\"https:\/\/www.keysiworld.com\/wp-content\/uploads\/2017\/05\/formaciom-1.jpg 1000w, https:\/\/www.keysiworld.com\/wp-content\/uploads\/2017\/05\/formaciom-1-450x270.jpg 450w, https:\/\/www.keysiworld.com\/wp-content\/uploads\/2017\/05\/formaciom-1-800x480.jpg 800w, https:\/\/www.keysiworld.com\/wp-content\/uploads\/2017\/05\/formaciom-1-768x461.jpg 768w, https:\/\/www.keysiworld.com\/wp-content\/uploads\/2017\/05\/formaciom-1-705x423.jpg 705w\" sizes=\"(max-width: 1000px) 100vw, 1000px\" \/><\/div><\/div><\/div><\/div>\n\n<style type=\"text\/css\" data-created_by=\"avia_inline_auto\" id=\"style-css-av-av_one_half-6126cab7d8fab8d08143dd2dacdf673c\">\n.flex_column.av-av_one_half-6126cab7d8fab8d08143dd2dacdf673c{\nborder-radius:0px 0px 0px 0px;\npadding:0px 0px 0px 0px;\n}\n<\/style>\n<div  class='flex_column av-av_one_half-6126cab7d8fab8d08143dd2dacdf673c av_one_half  avia-builder-el-10  el_after_av_one_half  el_before_av_one_half  first flex_column_div av-zero-column-padding  column-top-margin'     ><section  class='av_textblock_section av-av_textblock-396ddf1f42196ca838231e61a4602801 '   itemscope=\"itemscope\" itemtype=\"https:\/\/schema.org\/CreativeWork\" ><div class='avia_textblock'  itemprop=\"text\" ><p><strong>Der Instructor<\/strong><\/p>\n<p>W\u00e4hrend Deiner Ausbildung zum Keysi Instructor erh\u00e4ltst Du umfassenden Service und Betreuung. Es wird Dir vermittelt wie Du einzelne Personen und Gruppen in Keysi unterrichten kannst. Du sammelst die ersten Erfahrungen im Unterrichten von Keysi und bekommst alle wichtigen Grundlagen um als Instructor erfolgreich und ein Vorbild zu sein.<\/p>\n<p><strong>LERNE DIREKT VOM GR\u00dcNDER:<\/strong><\/p>\n<h3><\/h3>\n<ul>\n<li>Erhalte Zugriff auf exklusive Trainingseinheiten unter der Leitung vom Keysi-Gr\u00fcnder Justo Dieguez sowie seinem International Top Team, bestehend aus Jessica Dieguez und Bogdan Suciu.<\/li>\n<li>Erhalte regelm\u00e4\u00dfiges Coaching, um Fragen zu stellen und Details des Keysi Programmes auszuarbeiten.<\/li>\n<li>Verpasse nicht diese Gelegenheit und werde Teil unseres weltweiten Teams von professionellen Trainern.<\/li>\n<li>Melde dich heute noch an und f\u00fclle hierzu das unten stehende <a href=\"#instructorrequest\">Formular<\/a> aus oder nimm hiermit einfach Kontakt zu uns auf, falls du noch Fragen haben solltest.<\/li>\n<\/ul>\n<\/div><\/section><\/div>\n\n<style type=\"text\/css\" data-created_by=\"avia_inline_auto\" id=\"style-css-av-av_one_half-0aa7055fe62c3622faec82866afbaeb2\">\n.flex_column.av-av_one_half-0aa7055fe62c3622faec82866afbaeb2{\nborder-radius:0px 0px 0px 0px;\npadding:0px 0px 0px 0px;\n}\n<\/style>\n<div  class='flex_column av-av_one_half-0aa7055fe62c3622faec82866afbaeb2 av_one_half  avia-builder-el-12  el_after_av_one_half  el_before_av_one_half  flex_column_div av-zero-column-padding  column-top-margin'     ><style type=\"text\/css\" data-created_by=\"avia_inline_auto\" id=\"style-css-av-av_image-d299c1720e47b474a2c21ca915be2d6e\">\n.avia-image-container.av-av_image-d299c1720e47b474a2c21ca915be2d6e img.avia_image{\nbox-shadow:none;\n}\n.avia-image-container.av-av_image-d299c1720e47b474a2c21ca915be2d6e .av-image-caption-overlay-center{\ncolor:#ffffff;\n}\n<\/style>\n<div  class='avia-image-container av-av_image-d299c1720e47b474a2c21ca915be2d6e av-styling- avia-align-center  avia-builder-el-13  avia-builder-el-no-sibling '   itemprop=\"image\" itemscope=\"itemscope\" itemtype=\"https:\/\/schema.org\/ImageObject\" ><div class=\"avia-image-container-inner\"><div class=\"avia-image-overlay-wrap\"><img decoding=\"async\" fetchpriority=\"high\" class='wp-image-4519 avia-img-lazy-loading-not-4519 avia_image ' src=\"https:\/\/www.keysiworld.com\/wp-content\/uploads\/2017\/05\/formacion.jpg\" alt='' title='formacion'  height=\"600\" width=\"1000\"  itemprop=\"thumbnailUrl\" srcset=\"https:\/\/www.keysiworld.com\/wp-content\/uploads\/2017\/05\/formacion.jpg 1000w, https:\/\/www.keysiworld.com\/wp-content\/uploads\/2017\/05\/formacion-450x270.jpg 450w, https:\/\/www.keysiworld.com\/wp-content\/uploads\/2017\/05\/formacion-800x480.jpg 800w, https:\/\/www.keysiworld.com\/wp-content\/uploads\/2017\/05\/formacion-768x461.jpg 768w, https:\/\/www.keysiworld.com\/wp-content\/uploads\/2017\/05\/formacion-705x423.jpg 705w\" sizes=\"(max-width: 1000px) 100vw, 1000px\" \/><\/div><\/div><\/div><\/div>\n\n<style type=\"text\/css\" data-created_by=\"avia_inline_auto\" id=\"style-css-av-av_one_half-6126cab7d8fab8d08143dd2dacdf673c\">\n.flex_column.av-av_one_half-6126cab7d8fab8d08143dd2dacdf673c{\nborder-radius:0px 0px 0px 0px;\npadding:0px 0px 0px 0px;\n}\n<\/style>\n<div  class='flex_column av-av_one_half-6126cab7d8fab8d08143dd2dacdf673c av_one_half  avia-builder-el-14  el_after_av_one_half  el_before_av_one_half  first flex_column_div av-zero-column-padding  column-top-margin'     ><section  class='av_textblock_section av-ll14kc9i-5f3313c2b153cbbeb44a71e7a1231021 '   itemscope=\"itemscope\" itemtype=\"https:\/\/schema.org\/CreativeWork\" ><div class='avia_textblock'  itemprop=\"text\" ><h3><\/h3>\n<p><strong>Vorteile:<\/strong><\/p>\n<ul>\n<li>Ein weltweit anerkanntes Instructor Zertifikat, nach erfolgreichem Abschluss des ersten Teils der Ausbildung<\/li>\n<li>Einen Instructor Ausweis mit weltweiter G\u00fcltigkeit.<\/li>\n<li>Pers\u00f6nlichen Zugang zum gesch\u00fctzten Bereich der Keysi World Company Homepage.<\/li>\n<\/ul>\n<p><strong>Inhalt:<\/strong><\/p>\n<ul>\n<li>W\u00e4hrend der Ausbildungswochenenden werden Theorie und Praxis des Keysi Programms vermittelt<\/li>\n<li>Theoretische und praktische Inhalte sind gut ausgewogen wobei das Augenmerk auf der praktischen Anwendung liegt<\/li>\n<li>Informationen \u00fcber M\u00f6glichkeiten und Verpflichtungen eines Keysi Instructor.<\/li>\n<li>Unterst\u00fctzung der Ausbildung durch umfangreiche Materialien wie Handb\u00fccher in PDF Form, Videos sowie Vermittlung von Methodik und Didaktik.<\/li>\n<li>Ein\u00fcben einer motivierenden Weitergabe des Programms an Einzelpersonen oder Gruppen.<\/li>\n<\/ul>\n<\/div><\/section><\/div>\n\n<style type=\"text\/css\" data-created_by=\"avia_inline_auto\" id=\"style-css-av-av_one_half-0aa7055fe62c3622faec82866afbaeb2\">\n.flex_column.av-av_one_half-0aa7055fe62c3622faec82866afbaeb2{\nborder-radius:0px 0px 0px 0px;\npadding:0px 0px 0px 0px;\n}\n<\/style>\n<div  class='flex_column av-av_one_half-0aa7055fe62c3622faec82866afbaeb2 av_one_half  avia-builder-el-16  el_after_av_one_half  el_before_av_one_half  flex_column_div av-zero-column-padding  column-top-margin'     ><section  class='av_textblock_section av-av_textblock-396ddf1f42196ca838231e61a4602801 '   itemscope=\"itemscope\" itemtype=\"https:\/\/schema.org\/CreativeWork\" ><div class='avia_textblock'  itemprop=\"text\" ><h3><strong>2. CLUBS UND STUDIOS<\/strong><\/h3>\n<p>Clubs und Fitness Studios eines Instructor erhalten eine Lizenz welche dazu berechtigt die jeweiligen Keysi Programme sowie die entsprechenden Merchandesing Produkte und Materialien anzubieten. Keysi gew\u00e4hrleistet eine Unterst\u00fctzung beim Erstellen von Werbematerialien und Marketing Aktionen.<\/p>\n<p>Den Clubs und Fitness Studios, die unter dem Dach der Keysi World Company t\u00e4tig sind, bieten wir eine qualitativ hochwertige Marke. Keysi ist eine der innovativsten Methoden zur Selbstverteidigung, die einen gro\u00dfen Teil zum wirtschaftlichen Erfolg eines Unternehmens oder einer Einzelperson beitragen kann.<\/p>\n<p>Keysi World bietet seinen professionellen Instructor und deren Unternehmen einen strategischen Zugang zum Markt der Selbstverteidigung.<\/p>\n<h3><\/h3>\n<h3><\/h3>\n<\/div><\/section><\/div>\n\n<style type=\"text\/css\" data-created_by=\"avia_inline_auto\" id=\"style-css-av-av_one_half-6126cab7d8fab8d08143dd2dacdf673c\">\n.flex_column.av-av_one_half-6126cab7d8fab8d08143dd2dacdf673c{\nborder-radius:0px 0px 0px 0px;\npadding:0px 0px 0px 0px;\n}\n<\/style>\n<div  class='flex_column av-av_one_half-6126cab7d8fab8d08143dd2dacdf673c av_one_half  avia-builder-el-18  el_after_av_one_half  el_before_av_one_half  first flex_column_div av-zero-column-padding  column-top-margin'     ><style type=\"text\/css\" data-created_by=\"avia_inline_auto\" id=\"style-css-av-av_image-925e40c0817ff93ecd676b6e8f60cb21\">\n.avia-image-container.av-av_image-925e40c0817ff93ecd676b6e8f60cb21 img.avia_image{\nbox-shadow:none;\n}\n.avia-image-container.av-av_image-925e40c0817ff93ecd676b6e8f60cb21 .av-image-caption-overlay-center{\ncolor:#ffffff;\n}\n<\/style>\n<div  class='avia-image-container av-av_image-925e40c0817ff93ecd676b6e8f60cb21 av-styling- avia-align-center  avia-builder-el-19  avia-builder-el-no-sibling '   itemprop=\"image\" itemscope=\"itemscope\" itemtype=\"https:\/\/schema.org\/ImageObject\" ><div class=\"avia-image-container-inner\"><div class=\"avia-image-overlay-wrap\"><img decoding=\"async\" fetchpriority=\"high\" class='wp-image-4635 avia-img-lazy-loading-not-4635 avia_image ' src=\"https:\/\/www.keysiworld.com\/wp-content\/uploads\/2017\/05\/otra-copia.jpg\" alt='' title='otra copia'  height=\"600\" width=\"1000\"  itemprop=\"thumbnailUrl\" srcset=\"https:\/\/www.keysiworld.com\/wp-content\/uploads\/2017\/05\/otra-copia.jpg 1000w, https:\/\/www.keysiworld.com\/wp-content\/uploads\/2017\/05\/otra-copia-450x270.jpg 450w, https:\/\/www.keysiworld.com\/wp-content\/uploads\/2017\/05\/otra-copia-800x480.jpg 800w, https:\/\/www.keysiworld.com\/wp-content\/uploads\/2017\/05\/otra-copia-768x461.jpg 768w, https:\/\/www.keysiworld.com\/wp-content\/uploads\/2017\/05\/otra-copia-705x423.jpg 705w\" sizes=\"(max-width: 1000px) 100vw, 1000px\" \/><\/div><\/div><\/div><\/div>\n\n<style type=\"text\/css\" data-created_by=\"avia_inline_auto\" id=\"style-css-av-av_one_half-0aa7055fe62c3622faec82866afbaeb2\">\n.flex_column.av-av_one_half-0aa7055fe62c3622faec82866afbaeb2{\nborder-radius:0px 0px 0px 0px;\npadding:0px 0px 0px 0px;\n}\n<\/style>\n<div  class='flex_column av-av_one_half-0aa7055fe62c3622faec82866afbaeb2 av_one_half  avia-builder-el-20  el_after_av_one_half  el_before_av_one_fifth  flex_column_div av-zero-column-padding  column-top-margin'     ><section  class='av_textblock_section av-av_textblock-396ddf1f42196ca838231e61a4602801 '   itemscope=\"itemscope\" itemtype=\"https:\/\/schema.org\/CreativeWork\" ><div class='avia_textblock'  itemprop=\"text\" ><h3><strong>3. KEYSI MERCHANDESING<\/strong><\/h3>\n<p>Die Keysi World Company bietet ihren Kunden eine ganze Bandbreite an Materialien und Zubeh\u00f6r.<br \/>\nDie Keysi World Company arbeitet gerade daran diesen Service auszubauen und zu installieren.<\/p>\n<\/div><\/section><\/div>\n\n<style type=\"text\/css\" data-created_by=\"avia_inline_auto\" id=\"style-css-av-av_one_fifth-6126cab7d8fab8d08143dd2dacdf673c\">\n.flex_column.av-av_one_fifth-6126cab7d8fab8d08143dd2dacdf673c{\nborder-radius:0px 0px 0px 0px;\npadding:0px 0px 0px 0px;\n}\n<\/style>\n<div  class='flex_column av-av_one_fifth-6126cab7d8fab8d08143dd2dacdf673c av_one_fifth  avia-builder-el-22  el_after_av_one_half  el_before_av_three_fifth  first flex_column_div av-zero-column-padding  column-top-margin'     ><\/div>\n\n<style type=\"text\/css\" data-created_by=\"avia_inline_auto\" id=\"style-css-av-av_three_fifth-0aa7055fe62c3622faec82866afbaeb2\">\n.flex_column.av-av_three_fifth-0aa7055fe62c3622faec82866afbaeb2{\nborder-radius:0px 0px 0px 0px;\npadding:0px 0px 0px 0px;\n}\n<\/style>\n<div  class='flex_column av-av_three_fifth-0aa7055fe62c3622faec82866afbaeb2 av_three_fifth  avia-builder-el-23  el_after_av_one_fifth  el_before_av_one_fifth  flex_column_div av-zero-column-padding  column-top-margin'     ><div  class='avia-video av-mh8d1v7c-e63a27c9a4e5f6a15a147ef2d78b1fb9 avia-video-16-9 av-no-preview-image avia-video-load-always av-lazyload-immediate av-lazyload-video-embed'  itemprop=\"video\" itemtype=\"https:\/\/schema.org\/VideoObject\"  data-original_url='https:\/\/www.youtube.com\/watch?v=gHULzZrNCa4'><script type='text\/html' class='av-video-tmpl'><div class='avia-iframe-wrap'><iframe loading=\"lazy\" title=\"Keysi Fighting Method by Justo Dieguez The Essence\" width=\"1500\" height=\"844\" src=\"https:\/\/www.youtube.com\/embed\/gHULzZrNCa4?feature=oembed&autoplay=0&loop=0&controls=1&mute=0\" frameborder=\"0\" allow=\"accelerometer; autoplay; clipboard-write; encrypted-media; gyroscope; picture-in-picture; web-share\" referrerpolicy=\"strict-origin-when-cross-origin\" allowfullscreen><\/iframe><\/div><\/script><div class='av-click-to-play-overlay'><div class=\"avia_playpause_icon\"><\/div><\/div><\/div><\/div>\n<style type=\"text\/css\" data-created_by=\"avia_inline_auto\" id=\"style-css-av-av_one_fifth-0aa7055fe62c3622faec82866afbaeb2\">\n.flex_column.av-av_one_fifth-0aa7055fe62c3622faec82866afbaeb2{\nborder-radius:0px 0px 0px 0px;\npadding:0px 0px 0px 0px;\n}\n<\/style>\n<div  class='flex_column av-av_one_fifth-0aa7055fe62c3622faec82866afbaeb2 av_one_fifth  avia-builder-el-25  el_after_av_three_fifth  el_before_av_one_fifth  flex_column_div av-zero-column-padding  column-top-margin'     ><\/div>\n\n<style type=\"text\/css\" data-created_by=\"avia_inline_auto\" id=\"style-css-av-av_one_fifth-6126cab7d8fab8d08143dd2dacdf673c\">\n.flex_column.av-av_one_fifth-6126cab7d8fab8d08143dd2dacdf673c{\nborder-radius:0px 0px 0px 0px;\npadding:0px 0px 0px 0px;\n}\n<\/style>\n<div  class='flex_column av-av_one_fifth-6126cab7d8fab8d08143dd2dacdf673c av_one_fifth  avia-builder-el-26  el_after_av_one_fifth  el_before_av_three_fifth  first flex_column_div av-zero-column-padding  column-top-margin'     ><\/div>\n\n<style type=\"text\/css\" data-created_by=\"avia_inline_auto\" id=\"style-css-av-av_three_fifth-0aa7055fe62c3622faec82866afbaeb2\">\n.flex_column.av-av_three_fifth-0aa7055fe62c3622faec82866afbaeb2{\nborder-radius:0px 0px 0px 0px;\npadding:0px 0px 0px 0px;\n}\n<\/style>\n<div  class='flex_column av-av_three_fifth-0aa7055fe62c3622faec82866afbaeb2 av_three_fifth  avia-builder-el-27  el_after_av_one_fifth  el_before_av_one_fifth  flex_column_div av-zero-column-padding  column-top-margin'     ><div  class='avia-button-wrap avia-button-center  avia-builder-el-28  avia-builder-el-no-sibling '>\n<style type=\"text\/css\" data-created_by=\"avia_inline_auto\" id=\"style-css-av-av_button_big-2746667c265747cc9d061e1fa580e349\">\n#top #wrap_all .avia-button.av-av_button_big-2746667c265747cc9d061e1fa580e349:hover{\ncolor:white;\ntransition:all 0.4s ease-in-out;\n}\n#top #wrap_all .avia-button.av-av_button_big-2746667c265747cc9d061e1fa580e349:hover .avia-svg-icon svg:first-child{\nfill:white;\nstroke:white;\n}\n<\/style>\n<a href='https:\/\/www.keysiworld.com\/de\/kontakt\/' class='avia-color-theme-color avia-font-color-theme-color avia-button avia-button-fullwidth av-av_button_big-2746667c265747cc9d061e1fa580e349 avia-icon_select-yes-left-icon avia-color-theme-color'   aria-label=\"Schreibe uns, um weitere Informationen zu erhalten.\"><span class='avia_button_icon avia_button_icon_left avia-svg-icon avia-font-svg_entypo-fontello' data-av_svg_icon='mail' data-av_iconset='svg_entypo-fontello'><svg version=\"1.1\" xmlns=\"http:\/\/www.w3.org\/2000\/svg\" width=\"29\" height=\"32\" viewBox=\"0 0 29 32\" preserveAspectRatio=\"xMidYMid meet\" aria-labelledby='av-svg-title-1' aria-describedby='av-svg-desc-1' role=\"graphics-symbol\">\n<title id='av-svg-title-1'>Mail<\/title>\n<desc id='av-svg-desc-1'>Mail<\/desc>\n<path d=\"M0.96 8.448q-1.024-0.576-0.896-1.28 0.064-0.448 0.832-0.448h27.072q1.216 0 0.64 1.024-0.256 0.448-0.768 0.704-0.448 0.192-6.144 3.264t-5.824 3.136q-0.512 0.32-1.472 0.32-0.896 0-1.472-0.32-0.128-0.064-5.824-3.136t-6.144-3.264zM28.16 11.648q0.64-0.32 0.64 0.32v11.776q0 0.512-0.544 1.024t-1.056 0.512h-25.6q-0.512 0-1.056-0.512t-0.544-1.024v-11.776q0-0.64 0.64-0.32l12.288 6.4q0.576 0.32 1.472 0.32t1.472-0.32z\"><\/path>\n<\/svg><\/span><span class='avia_iconbox_title' >Schreibe uns, um weitere Informationen zu erhalten.<\/span><span class='avia_button_background avia-button avia-button-fullwidth avia-color-theme-color-highlight'><\/span><\/a><\/div><\/div>\n<style type=\"text\/css\" data-created_by=\"avia_inline_auto\" id=\"style-css-av-av_one_fifth-0aa7055fe62c3622faec82866afbaeb2\">\n.flex_column.av-av_one_fifth-0aa7055fe62c3622faec82866afbaeb2{\nborder-radius:0px 0px 0px 0px;\npadding:0px 0px 0px 0px;\n}\n<\/style>\n<div  class='flex_column av-av_one_fifth-0aa7055fe62c3622faec82866afbaeb2 av_one_fifth  avia-builder-el-29  el_after_av_three_fifth  avia-builder-el-last  flex_column_div av-zero-column-padding  column-top-margin'     ><\/div>\n","protected":false},"excerpt":{"rendered":"","protected":false},"author":117,"featured_media":0,"parent":0,"menu_order":0,"comment_status":"closed","ping_status":"closed","template":"","meta":{"_acf_changed":false,"footnotes":""},"class_list":["post-1284","page","type-page","status-publish","hentry"],"acf":[],"_links":{"self":[{"href":"https:\/\/www.keysiworld.com\/de\/wp-json\/wp\/v2\/pages\/1284","targetHints":{"allow":["GET"]}}],"collection":[{"href":"https:\/\/www.keysiworld.com\/de\/wp-json\/wp\/v2\/pages"}],"about":[{"href":"https:\/\/www.keysiworld.com\/de\/wp-json\/wp\/v2\/types\/page"}],"author":[{"embeddable":true,"href":"https:\/\/www.keysiworld.com\/de\/wp-json\/wp\/v2\/users\/117"}],"replies":[{"embeddable":true,"href":"https:\/\/www.keysiworld.com\/de\/wp-json\/wp\/v2\/comments?post=1284"}],"version-history":[{"count":0,"href":"https:\/\/www.keysiworld.com\/de\/wp-json\/wp\/v2\/pages\/1284\/revisions"}],"wp:attachment":[{"href":"https:\/\/www.keysiworld.com\/de\/wp-json\/wp\/v2\/media?parent=1284"}],"curies":[{"name":"wp","href":"https:\/\/api.w.org\/{rel}","templated":true}]}}