{"id":1585,"date":"2017-05-30T14:20:54","date_gmt":"2017-05-30T14:20:54","guid":{"rendered":"https:\/\/www.keysiworld.com\/de\/keysi-world\/historia\/"},"modified":"2019-10-03T16:26:35","modified_gmt":"2019-10-03T16:26:35","slug":"justo-dieguez-de","status":"publish","type":"page","link":"https:\/\/www.keysiworld.com\/de\/keysi-world\/justo-dieguez-de\/","title":{"rendered":"Justo Dieguez"},"content":{"rendered":"<div id='layer_slider_1'  class='avia-layerslider main_color avia-shadow  avia-builder-el-0  el_before_av_one_half  avia-builder-el-first  container_wrap sidebar_right'  style='height: 171px; max-width: 1410px; margin: 0 auto;'  ><\/div><div id='after_layer_slider_1'  class='main_color av_default_container_wrap container_wrap sidebar_right'  ><div class='container av-section-cont-open' ><div class='template-page content  av-content-small alpha units'><div class='post-entry post-entry-type-page post-entry-1585'><div class='entry-content-wrapper clearfix'>\n\n<style type=\"text\/css\" data-created_by=\"avia_inline_auto\" id=\"style-css-av-av_one_half-6126cab7d8fab8d08143dd2dacdf673c\">\n.flex_column.av-av_one_half-6126cab7d8fab8d08143dd2dacdf673c{\nborder-radius:0px 0px 0px 0px;\npadding:0px 0px 0px 0px;\n}\n<\/style>\n<div  class='flex_column av-av_one_half-6126cab7d8fab8d08143dd2dacdf673c av_one_half  avia-builder-el-1  el_after_av_layerslider  el_before_av_one_half  avia-builder-el-first  first flex_column_div av-zero-column-padding  '     ><section  class='av_textblock_section av-av_textblock-396ddf1f42196ca838231e61a4602801 '   itemscope=\"itemscope\" itemtype=\"https:\/\/schema.org\/CreativeWork\" ><div class='avia_textblock'  itemprop=\"text\" ><h4><span style=\"color: #ff6600;\">JUSTO DIEGUEZ<\/span><\/h4>\n<p>Justo Di\u00e9guez (Keysi) wurde am 12. Oktober 1957 in einer kleinen Bergbaustadt in Sevilla, Spanien, geboren. Sein Vater wurde danach in eine kleine Stadt namens Ultrillas in der Provinz Teruel versetzt.<\/p>\n<p><strong>&#8222;Die Stadt, in der ich als Kind gelebt habe, war ein ganz besonderer und harter Ort. Dort hat man entweder gelernt sich zu wehren und zu k\u00e4mpfen oder man musste die Konsequenzen tragen.&#8220;<\/strong> Schon in jungen Jahren hatte er einige brutale Situationen erlebt und erkannte schnell, dass er, wenn er etwas mit seinem Leben anfangen wollte, von dort fliehen musste. Im Alter von 10 Jahren verbrachte er 3 Jahre in einem salesianischen Kloster. Danach kehrte er, ohne Antworten gefunden zu haben, nach Hause zur\u00fcck und begann mit 14 Jahren in den Minen zu arbeiten.<\/p>\n<p>Die Minen waren ein harter und schwieriger Ort f\u00fcr ein Kind, voller gewaltt\u00e4tiger und skrupelloser M\u00e4nner, die ohne Angst vor Bestrafungen lebten. Hier setzte Justo sich ein Ziel: Nicht zum Opfer werden! <strong>\u201eIch habe mich nie als Opfer gef\u00fchlt. Dies war eine extreme und brutale Zeit in meinem Leben, es war in den Minen, in denen ich viele meiner guten Freunde verlor. Ich habe 6 lange Jahre in dieser extremen und gewaltt\u00e4tigen Umgebung verbracht. \u201c<\/strong> Eines Tages st\u00fcrzte die Mine, in der Justo war ein, und die meisten Arbeiter im Tunnel wurden versch\u00fcttet und get\u00f6tet. <strong>&#8222;Ich erinnere mich noch an dieses ersch\u00fctternde Gebr\u00fcll der Erde, als ob etwas in ihren Inneren sich winden w\u00fcrde&#8220;<\/strong><\/p>\n<p>Es war genug, Justo verlie\u00df die Minen und schloss sich der Spezialeinheit &#8222;COE-22&#8220; an. Aufgrund seines starken Charakters wurde er schnell zu einem anerkannten Soldaten, der sich durch seine au\u00dfergew\u00f6hnlichen Eigenschaften auszeichnete.<\/p>\n<p>Nach dem Ausscheiden aus der Armee begann ein langer Weg der Entdeckungen in der Welt der Kampfk\u00fcnste. Justo absolvierte einige Ausbildungen zum Trainer auf verschiedenen Ebenen, ohne Antworten auf seine Fragen zu finden. Irgendwann erkannte er, dass man Antworten nicht suchen kann.<strong> &#8222;Dieser Weg beginnt in einem selbst, indem man daran glaubt wer man ist und niemandem erlaubt einem zu sagen wer man sein m\u00fcsste.&#8220;<\/strong><\/p>\n<p><strong>\u201eEntdecke die Welt von Keysi, lebe und atme das Abenteuer, erschaffe neues und dr\u00fccke dein tiefstes inneres aus, \u00fcberwinden die Barrieren von auferlegten Techniken und Systemen. Dieser Gedanke war der Schl\u00fcssel, der mir die T\u00fcren ge\u00f6ffnet hat, und das m\u00f6chten wir allen mit Keysi vermitteln.\u201c<\/strong><\/p>\n<\/div><\/section><\/div>\n<style type=\"text\/css\" data-created_by=\"avia_inline_auto\" id=\"style-css-av-av_one_half-0aa7055fe62c3622faec82866afbaeb2\">\n.flex_column.av-av_one_half-0aa7055fe62c3622faec82866afbaeb2{\nborder-radius:0px 0px 0px 0px;\npadding:0px 0px 0px 0px;\n}\n<\/style>\n<div  class='flex_column av-av_one_half-0aa7055fe62c3622faec82866afbaeb2 av_one_half  avia-builder-el-3  el_after_av_one_half  el_before_av_one_half  flex_column_div av-zero-column-padding  '     ><style type=\"text\/css\" data-created_by=\"avia_inline_auto\" id=\"style-css-av-av_image-9d5e17b1ca278c9bca7650064682a1d6\">\n.avia-image-container.av-av_image-9d5e17b1ca278c9bca7650064682a1d6 img.avia_image{\nbox-shadow:none;\n}\n.avia-image-container.av-av_image-9d5e17b1ca278c9bca7650064682a1d6 .av-image-caption-overlay-center{\ncolor:#ffffff;\n}\n<\/style>\n<div  class='avia-image-container av-av_image-9d5e17b1ca278c9bca7650064682a1d6 av-styling- avia-align-center  avia-builder-el-4  avia-builder-el-no-sibling '   itemprop=\"image\" itemscope=\"itemscope\" itemtype=\"https:\/\/schema.org\/ImageObject\" ><div class=\"avia-image-container-inner\"><div class=\"avia-image-overlay-wrap\"><img decoding=\"async\" fetchpriority=\"high\" class='wp-image-3787 avia-img-lazy-loading-not-3787 avia_image ' src=\"https:\/\/www.keysiworld.com\/wp-content\/uploads\/2017\/02\/MASTER-JUSTO-7.jpg\" alt='' title='Justo Dieguez Fundador de Keysi'  height=\"703\" width=\"450\"  itemprop=\"thumbnailUrl\"  \/><\/div><\/div><\/div><\/div>\n\n<style type=\"text\/css\" data-created_by=\"avia_inline_auto\" id=\"style-css-av-av_one_half-6126cab7d8fab8d08143dd2dacdf673c\">\n.flex_column.av-av_one_half-6126cab7d8fab8d08143dd2dacdf673c{\nborder-radius:0px 0px 0px 0px;\npadding:0px 0px 0px 0px;\n}\n<\/style>\n<div  class='flex_column av-av_one_half-6126cab7d8fab8d08143dd2dacdf673c av_one_half  avia-builder-el-5  el_after_av_one_half  el_before_av_one_half  first flex_column_div av-zero-column-padding  column-top-margin'     ><style type=\"text\/css\" data-created_by=\"avia_inline_auto\" id=\"style-css-av-av_image-fb189c149f5bc9eb9ac276ae0cd00ea5\">\n.avia-image-container.av-av_image-fb189c149f5bc9eb9ac276ae0cd00ea5 img.avia_image{\nbox-shadow:none;\n}\n.avia-image-container.av-av_image-fb189c149f5bc9eb9ac276ae0cd00ea5 .av-image-caption-overlay-center{\ncolor:#ffffff;\n}\n<\/style>\n<div  class='avia-image-container av-av_image-fb189c149f5bc9eb9ac276ae0cd00ea5 av-styling- avia-align-center  avia-builder-el-6  avia-builder-el-no-sibling '   itemprop=\"image\" itemscope=\"itemscope\" itemtype=\"https:\/\/schema.org\/ImageObject\" ><div class=\"avia-image-container-inner\"><div class=\"avia-image-overlay-wrap\"><img decoding=\"async\" fetchpriority=\"high\" class='wp-image-8818 avia-img-lazy-loading-not-8818 avia_image ' src=\"https:\/\/www.keysiworld.com\/wp-content\/uploads\/2019\/10\/Justo_Militar.jpg\" alt='' title='Justo_Militar'  height=\"600\" width=\"600\"  itemprop=\"thumbnailUrl\" srcset=\"https:\/\/www.keysiworld.com\/wp-content\/uploads\/2019\/10\/Justo_Militar.jpg 600w, https:\/\/www.keysiworld.com\/wp-content\/uploads\/2019\/10\/Justo_Militar-80x80.jpg 80w, https:\/\/www.keysiworld.com\/wp-content\/uploads\/2019\/10\/Justo_Militar-36x36.jpg 36w, https:\/\/www.keysiworld.com\/wp-content\/uploads\/2019\/10\/Justo_Militar-180x180.jpg 180w, https:\/\/www.keysiworld.com\/wp-content\/uploads\/2019\/10\/Justo_Militar-120x120.jpg 120w, https:\/\/www.keysiworld.com\/wp-content\/uploads\/2019\/10\/Justo_Militar-450x450.jpg 450w\" sizes=\"(max-width: 600px) 100vw, 600px\" \/><\/div><\/div><\/div><\/div>\n\n<style type=\"text\/css\" data-created_by=\"avia_inline_auto\" id=\"style-css-av-av_one_half-0aa7055fe62c3622faec82866afbaeb2\">\n.flex_column.av-av_one_half-0aa7055fe62c3622faec82866afbaeb2{\nborder-radius:0px 0px 0px 0px;\npadding:0px 0px 0px 0px;\n}\n<\/style>\n<div  class='flex_column av-av_one_half-0aa7055fe62c3622faec82866afbaeb2 av_one_half  avia-builder-el-7  el_after_av_one_half  el_before_av_heading  flex_column_div av-zero-column-padding  column-top-margin'     ><style type=\"text\/css\" data-created_by=\"avia_inline_auto\" id=\"style-css-av-av_image-c2ab110deb1f3976c72936f750b729ce\">\n.avia-image-container.av-av_image-c2ab110deb1f3976c72936f750b729ce img.avia_image{\nbox-shadow:none;\n}\n.avia-image-container.av-av_image-c2ab110deb1f3976c72936f750b729ce .av-image-caption-overlay-center{\ncolor:#ffffff;\n}\n<\/style>\n<div  class='avia-image-container av-av_image-c2ab110deb1f3976c72936f750b729ce av-styling- avia-align-center  avia-builder-el-8  avia-builder-el-no-sibling '   itemprop=\"image\" itemscope=\"itemscope\" itemtype=\"https:\/\/schema.org\/ImageObject\" ><div class=\"avia-image-container-inner\"><div class=\"avia-image-overlay-wrap\"><img decoding=\"async\" fetchpriority=\"high\" class='wp-image-8843 avia-img-lazy-loading-not-8843 avia_image ' src=\"https:\/\/www.keysiworld.com\/wp-content\/uploads\/2019\/10\/Justo_Dan_Inosanto_2004.png\" alt='' title='Justo_Dan_Inosanto_2004'  height=\"600\" width=\"600\"  itemprop=\"thumbnailUrl\" srcset=\"https:\/\/www.keysiworld.com\/wp-content\/uploads\/2019\/10\/Justo_Dan_Inosanto_2004.png 600w, https:\/\/www.keysiworld.com\/wp-content\/uploads\/2019\/10\/Justo_Dan_Inosanto_2004-80x80.png 80w, https:\/\/www.keysiworld.com\/wp-content\/uploads\/2019\/10\/Justo_Dan_Inosanto_2004-36x36.png 36w, https:\/\/www.keysiworld.com\/wp-content\/uploads\/2019\/10\/Justo_Dan_Inosanto_2004-180x180.png 180w, https:\/\/www.keysiworld.com\/wp-content\/uploads\/2019\/10\/Justo_Dan_Inosanto_2004-120x120.png 120w, https:\/\/www.keysiworld.com\/wp-content\/uploads\/2019\/10\/Justo_Dan_Inosanto_2004-450x450.png 450w\" sizes=\"(max-width: 600px) 100vw, 600px\" \/><\/div><\/div><\/div><\/div>\n\n<style type=\"text\/css\" data-created_by=\"avia_inline_auto\" id=\"style-css-av-av_heading-7b9517521aeb4207abe6f5f9d41e1561\">\n#top .av-special-heading.av-av_heading-7b9517521aeb4207abe6f5f9d41e1561{\npadding-bottom:10px;\n}\nbody .av-special-heading.av-av_heading-7b9517521aeb4207abe6f5f9d41e1561 .av-special-heading-tag .heading-char{\nfont-size:25px;\n}\n.av-special-heading.av-av_heading-7b9517521aeb4207abe6f5f9d41e1561 .av-subheading{\nfont-size:15px;\n}\n<\/style>\n<div  class='av-special-heading av-av_heading-7b9517521aeb4207abe6f5f9d41e1561 av-special-heading-h3  avia-builder-el-9  el_after_av_one_half  el_before_av_toggle_container '><h3 class='av-special-heading-tag '  itemprop=\"headline\"  >FAQS<\/h3><div class=\"special-heading-border\"><div class=\"special-heading-inner-border\"><\/div><\/div><\/div>\n<div  class='togglecontainer av-av_toggle_container-58d3b55d78679e2c4a6f7b2e625e97f8  avia-builder-el-10  el_after_av_heading  avia-builder-el-last  toggle_close_all' >\n<section class='av_toggle_section av-av_toggle-7a27be0c6d1cd3847c125555a006110c'  itemscope=\"itemscope\" itemtype=\"https:\/\/schema.org\/CreativeWork\" ><div role=\"tablist\" class=\"single_toggle\" data-tags=\"{Alle} \"  ><p id='toggle-toggle-id-1' data-fake-id='#toggle-id-1' class='toggler  activeTitle av-title-above '  itemprop=\"headline\"  role='tab' tabindex='0' aria-controls='toggle-id-1' data-slide-speed=\"200\" data-title=\"Warum hei\u00dft es Keysi?\" data-title-open=\"\" data-aria_collapsed=\"Click to expand: Warum hei\u00dft es Keysi?\" data-aria_expanded=\"Click to collapse: Warum hei\u00dft es Keysi?\">Warum hei\u00dft es Keysi?<span class=\"toggle_icon\"><span class=\"vert_icon\"><\/span><span class=\"hor_icon\"><\/span><\/span><\/p><div id='toggle-id-1' aria-labelledby='toggle-toggle-id-1' role='region' class='toggle_wrap  active_tc av-title-above' style='display:block;' ><div class='toggle_content invers-color '  itemprop=\"text\" ><p class=\"p1\"><span class=\"s1\">Der Name \u201eKeysi\u201c stammt aus der Kindheit von Justo Dieguez, aus der Zeit als er gelernt hat zu sprechen. Er hat zu dieser Zeit die spanischen Worte \u201e<strong><em>que si<\/em><\/strong>\u201c, die \u201eja, ich werde\u201c bedeuten, unfreiwillig falsch ausgesprochen. Dadurch erhielt er dieses \u201e<em><strong>Keysi<\/strong><\/em>\u201c als eine Art Spitzname und hat diesen \u00fcber die Jahre beibehalten.<\/span><\/p>\n<\/div><\/div><\/div><\/section>\n<section class='av_toggle_section av-av_toggle-8db4a73a2549839318848479a3224b0d'  itemscope=\"itemscope\" itemtype=\"https:\/\/schema.org\/CreativeWork\" ><div role=\"tablist\" class=\"single_toggle\" data-tags=\"{Alle} \"  ><p id='toggle-toggle-id-2' data-fake-id='#toggle-id-2' class='toggler  av-title-above '  itemprop=\"headline\"  role='tab' tabindex='0' aria-controls='toggle-id-2' data-slide-speed=\"200\" data-title=\"Wann wurde Keysi gegr\u00fcndet?\" data-title-open=\"\" data-aria_collapsed=\"Click to expand: Wann wurde Keysi gegr\u00fcndet?\" data-aria_expanded=\"Click to collapse: Wann wurde Keysi gegr\u00fcndet?\">Wann wurde Keysi gegr\u00fcndet?<span class=\"toggle_icon\"><span class=\"vert_icon\"><\/span><span class=\"hor_icon\"><\/span><\/span><\/p><div id='toggle-id-2' aria-labelledby='toggle-toggle-id-2' role='region' class='toggle_wrap  av-title-above'  ><div class='toggle_content invers-color '  itemprop=\"text\" ><p class=\"p1\"><span class=\"s1\">1980 wurde die \u201eKeysi\u201c Fighting Method dem Publikum pr\u00e4sentiert und \u00f6ffentlich gemacht. \u00dcber einen Zeitraum von 32 Jahren (1980-2012), hat Justo Dieguez seine Methode zur Selbstverteidigung weltweit auf Seminaren erfolgreich unterrichtet. Im Jahr 2012 war dann der Zeitpunkt gekommen an dem die Firma \u201eKFM\u201c der aktuellen Platz gemacht hat, Justo Dieguez f\u00fchrt Keysi Fighting Method seither unter dem Namen KEYSI WORLD weiter.<\/span><\/p>\n<\/div><\/div><\/div><\/section>\n<section class='av_toggle_section av-av_toggle-ef7e9782536015684db49346d66c9492'  itemscope=\"itemscope\" itemtype=\"https:\/\/schema.org\/CreativeWork\" ><div role=\"tablist\" class=\"single_toggle\" data-tags=\"{Alle} \"  ><p id='toggle-toggle-id-3' data-fake-id='#toggle-id-3' class='toggler  av-title-above '  itemprop=\"headline\"  role='tab' tabindex='0' aria-controls='toggle-id-3' data-slide-speed=\"200\" data-title=\"Was war vor Keysi?\" data-title-open=\"\" data-aria_collapsed=\"Click to expand: Was war vor Keysi?\" data-aria_expanded=\"Click to collapse: Was war vor Keysi?\">Was war vor Keysi?<span class=\"toggle_icon\"><span class=\"vert_icon\"><\/span><span class=\"hor_icon\"><\/span><\/span><\/p><div id='toggle-id-3' aria-labelledby='toggle-toggle-id-3' role='region' class='toggle_wrap  av-title-above'  ><div class='toggle_content invers-color '  itemprop=\"text\" ><p class=\"p1\"><span class=\"s1\">Die \u201eKeysi\u201c Akademie zur Selbstverteidigung gr\u00fcndete Justo im Jahre 1975, in dieser Zeit unterrichtete er dort verschiedene Stile und Kampfsportarten. Hervorzuheben sind dabei Filipino Kali, Jeet Kune Do und Boxen. Zwischen 1975 und 1980 begann Justo ebenfalls damit seine eigene Selbstverteidigungsmethode zu entwickeln, die auf den Erfahrungen seines eigenen Lebens basiert. Dank der L\u00fccken, die er in den traditionellen Stillen erkannten und entdeckten, und zusammen mit seiner gesammelten Erfahrungen und seinen Kenntnissen, konnte er die Keysi Fighting Method begr\u00fcnden. Diese war v\u00f6llig frei von vorgeschriebenen Regeln, Tatami und G\u00fcrteln.<\/span><\/p>\n<\/div><\/div><\/div><\/section>\n<\/div>\n","protected":false},"excerpt":{"rendered":"","protected":false},"author":117,"featured_media":0,"parent":946,"menu_order":0,"comment_status":"closed","ping_status":"closed","template":"","meta":{"_acf_changed":false,"footnotes":""},"class_list":["post-1585","page","type-page","status-publish","hentry"],"acf":[],"_links":{"self":[{"href":"https:\/\/www.keysiworld.com\/de\/wp-json\/wp\/v2\/pages\/1585","targetHints":{"allow":["GET"]}}],"collection":[{"href":"https:\/\/www.keysiworld.com\/de\/wp-json\/wp\/v2\/pages"}],"about":[{"href":"https:\/\/www.keysiworld.com\/de\/wp-json\/wp\/v2\/types\/page"}],"author":[{"embeddable":true,"href":"https:\/\/www.keysiworld.com\/de\/wp-json\/wp\/v2\/users\/117"}],"replies":[{"embeddable":true,"href":"https:\/\/www.keysiworld.com\/de\/wp-json\/wp\/v2\/comments?post=1585"}],"version-history":[{"count":0,"href":"https:\/\/www.keysiworld.com\/de\/wp-json\/wp\/v2\/pages\/1585\/revisions"}],"up":[{"embeddable":true,"href":"https:\/\/www.keysiworld.com\/de\/wp-json\/wp\/v2\/pages\/946"}],"wp:attachment":[{"href":"https:\/\/www.keysiworld.com\/de\/wp-json\/wp\/v2\/media?parent=1585"}],"curies":[{"name":"wp","href":"https:\/\/api.w.org\/{rel}","templated":true}]}}