{"id":1618,"date":"2017-05-30T14:18:36","date_gmt":"2017-05-30T14:18:36","guid":{"rendered":"https:\/\/www.keysiworld.com\/de\/keysi-world\/codigo-etico\/"},"modified":"2017-06-30T17:49:16","modified_gmt":"2017-06-30T17:49:16","slug":"etischer-code","status":"publish","type":"page","link":"https:\/\/www.keysiworld.com\/de\/keysi-world\/etischer-code\/","title":{"rendered":"Etischer Code"},"content":{"rendered":"<div id='layer_slider_1'  class='avia-layerslider main_color avia-shadow  avia-builder-el-0  el_before_av_one_full  avia-builder-el-first  container_wrap sidebar_right'  style='height: 171px; max-width: 1410px; margin: 0 auto;'  ><\/div><div id='after_layer_slider_1'  class='main_color av_default_container_wrap container_wrap sidebar_right'  ><div class='container av-section-cont-open' ><div class='template-page content  av-content-small alpha units'><div class='post-entry post-entry-type-page post-entry-1618'><div class='entry-content-wrapper clearfix'>\n\n<style type=\"text\/css\" data-created_by=\"avia_inline_auto\" id=\"style-css-av-av_one_full-6126cab7d8fab8d08143dd2dacdf673c\">\n.flex_column.av-av_one_full-6126cab7d8fab8d08143dd2dacdf673c{\nborder-radius:0px 0px 0px 0px;\npadding:0px 0px 0px 0px;\n}\n<\/style>\n<div  class='flex_column av-av_one_full-6126cab7d8fab8d08143dd2dacdf673c av_one_full  avia-builder-el-1  el_after_av_layerslider  el_before_av_one_half  avia-builder-el-first  first flex_column_div av-zero-column-padding  '     ><style type=\"text\/css\" data-created_by=\"avia_inline_auto\" id=\"style-css-av-av_heading-badce30f2a548d85caec05628a0d9b74\">\n#top .av-special-heading.av-av_heading-badce30f2a548d85caec05628a0d9b74{\npadding-bottom:20px;\ncolor:#000000;\n}\nbody .av-special-heading.av-av_heading-badce30f2a548d85caec05628a0d9b74 .av-special-heading-tag .heading-char{\nfont-size:25px;\n}\n.av-special-heading.av-av_heading-badce30f2a548d85caec05628a0d9b74 .special-heading-inner-border{\nborder-color:#000000;\n}\n.av-special-heading.av-av_heading-badce30f2a548d85caec05628a0d9b74 .av-subheading{\nfont-size:15px;\n}\n<\/style>\n<div  class='av-special-heading av-av_heading-badce30f2a548d85caec05628a0d9b74 av-special-heading-h3 custom-color-heading blockquote modern-quote modern-centered  avia-builder-el-2  avia-builder-el-no-sibling '><h3 class='av-special-heading-tag '  itemprop=\"headline\"  >Absicht \u2013 Respekt \u2013 Geduld \u2013 Beharrlichkeit \u2013 sind wie R\u00e4der, deren Achse die Perspektive ist. Sie ist der Mittelpunkt, von dem aus man klar sehen kann<\/h3><div class=\"special-heading-border\"><div class=\"special-heading-inner-border\"><\/div><\/div><\/div><\/div>\n<style type=\"text\/css\" data-created_by=\"avia_inline_auto\" id=\"style-css-av-av_one_half-6126cab7d8fab8d08143dd2dacdf673c\">\n.flex_column.av-av_one_half-6126cab7d8fab8d08143dd2dacdf673c{\nborder-radius:0px 0px 0px 0px;\npadding:0px 0px 0px 0px;\n}\n<\/style>\n<div  class='flex_column av-av_one_half-6126cab7d8fab8d08143dd2dacdf673c av_one_half  avia-builder-el-3  el_after_av_one_full  el_before_av_one_half  first flex_column_div av-zero-column-padding  column-top-margin'     ><section  class='av_textblock_section av-av_textblock-396ddf1f42196ca838231e61a4602801 '   itemscope=\"itemscope\" itemtype=\"https:\/\/schema.org\/CreativeWork\" ><div class='avia_textblock'  itemprop=\"text\" ><h4><span style=\"color: #ff6600;\">ETICHER CODE<\/span><\/h4>\n<ul>\n<li><span style=\"color: #000000;\"><strong>Absicht<\/strong> \u2013 ist mehr als nur ein Ziel es ist etwas \u00fcbergeordnetes das was wir erreichen wollen!<\/span><\/li>\n<li><span style=\"color: #000000;\"><strong>Respekt <\/strong> \u2013 ist die Zufriedenheit die aus unseren eigenen Leistungen entsteht. <\/span><\/li>\n<li><span style=\"color: #000000;\"><strong>Geduld <\/strong> \u2013 ist die Grundlage um unsere Absichten zufriedenstellend umzusetzen. <\/span><\/li>\n<li><span style=\"color: #000000;\"><strong>Beharrlichkeit <\/strong> \u2013 ist n\u00f6tig um unseren Weg gegen alle Widerst\u00e4nde weiterzugehen!.<\/span><\/li>\n<li><span style=\"color: #000000;\"><strong>Perspektive <\/strong> &#8211; ist die Achse die alles zusammenh\u00e4lt und uns eine Richtung gibt!<\/span><\/li>\n<\/ul>\n<\/div><\/section><\/div>\n\n<style type=\"text\/css\" data-created_by=\"avia_inline_auto\" id=\"style-css-av-av_one_half-0aa7055fe62c3622faec82866afbaeb2\">\n.flex_column.av-av_one_half-0aa7055fe62c3622faec82866afbaeb2{\nborder-radius:0px 0px 0px 0px;\npadding:0px 0px 0px 0px;\n}\n<\/style>\n<div  class='flex_column av-av_one_half-0aa7055fe62c3622faec82866afbaeb2 av_one_half  avia-builder-el-5  el_after_av_one_half  el_before_av_one_full  flex_column_div av-zero-column-padding  column-top-margin'     ><style type=\"text\/css\" data-created_by=\"avia_inline_auto\" id=\"style-css-av-av_image-56ee4a8522ea74f6e7671c34e294ed07\">\n.avia-image-container.av-av_image-56ee4a8522ea74f6e7671c34e294ed07 img.avia_image{\nbox-shadow:none;\n}\n.avia-image-container.av-av_image-56ee4a8522ea74f6e7671c34e294ed07 .av-image-caption-overlay-center{\ncolor:#ffffff;\n}\n<\/style>\n<div  class='avia-image-container av-av_image-56ee4a8522ea74f6e7671c34e294ed07 av-styling- avia-align-center  avia-builder-el-6  avia-builder-el-no-sibling '   itemprop=\"image\" itemscope=\"itemscope\" itemtype=\"https:\/\/schema.org\/ImageObject\" ><div class=\"avia-image-container-inner\"><div class=\"avia-image-overlay-wrap\"><img decoding=\"async\" fetchpriority=\"high\" class='wp-image-4495 avia-img-lazy-loading-not-4495 avia_image ' src=\"https:\/\/www.keysiworld.com\/wp-content\/uploads\/2017\/05\/Codigoetico.jpg\" alt='' title='Codigoetico'  height=\"600\" width=\"1000\"  itemprop=\"thumbnailUrl\" srcset=\"https:\/\/www.keysiworld.com\/wp-content\/uploads\/2017\/05\/Codigoetico.jpg 1000w, https:\/\/www.keysiworld.com\/wp-content\/uploads\/2017\/05\/Codigoetico-450x270.jpg 450w, https:\/\/www.keysiworld.com\/wp-content\/uploads\/2017\/05\/Codigoetico-800x480.jpg 800w, https:\/\/www.keysiworld.com\/wp-content\/uploads\/2017\/05\/Codigoetico-768x461.jpg 768w, https:\/\/www.keysiworld.com\/wp-content\/uploads\/2017\/05\/Codigoetico-705x423.jpg 705w\" sizes=\"(max-width: 1000px) 100vw, 1000px\" \/><\/div><\/div><\/div><\/div>\n\n<style type=\"text\/css\" data-created_by=\"avia_inline_auto\" id=\"style-css-av-av_one_full-6126cab7d8fab8d08143dd2dacdf673c\">\n.flex_column.av-av_one_full-6126cab7d8fab8d08143dd2dacdf673c{\nborder-radius:0px 0px 0px 0px;\npadding:0px 0px 0px 0px;\n}\n<\/style>\n<div  class='flex_column av-av_one_full-6126cab7d8fab8d08143dd2dacdf673c av_one_full  avia-builder-el-7  el_after_av_one_half  el_before_av_heading  first flex_column_div av-zero-column-padding  column-top-margin'     ><section  class='av_textblock_section av-av_textblock-396ddf1f42196ca838231e61a4602801 '   itemscope=\"itemscope\" itemtype=\"https:\/\/schema.org\/CreativeWork\" ><div class='avia_textblock'  itemprop=\"text\" ><h4><span style=\"color: #ff6600;\">DAS ERGEBNIS<\/span><\/h4>\n<p>Unter Beachtung dieser Werte ist die &#8222;Keysi by Justo Dieguez&#8220; Methode zur Selbstverteidigung eine revolution\u00e4re Art die Realit\u00e4t auf der Stra\u00dfe zu verstehen. Die Stra\u00dfe ist radikal! Ein Angreifer &#8222;Depredador&#8220; kann jederzeit zum Opfer werden &#8211; ein Opfer kann sich jederzeit in den &#8222;Depredador&#8220; verwandeln! Dar\u00fcber hinaus ist Keysi daf\u00fcr entwickelt die eigene Lebensqualit\u00e4t zu verbessern indem es den Sch\u00fclerinnen und Sch\u00fclern ein umfassendes physisches, emotionales und mentales Training bietet.<\/p>\n<\/div><\/section><\/div>\n\n<style type=\"text\/css\" data-created_by=\"avia_inline_auto\" id=\"style-css-av-av_heading-7b9517521aeb4207abe6f5f9d41e1561\">\n#top .av-special-heading.av-av_heading-7b9517521aeb4207abe6f5f9d41e1561{\npadding-bottom:10px;\n}\nbody .av-special-heading.av-av_heading-7b9517521aeb4207abe6f5f9d41e1561 .av-special-heading-tag .heading-char{\nfont-size:25px;\n}\n.av-special-heading.av-av_heading-7b9517521aeb4207abe6f5f9d41e1561 .av-subheading{\nfont-size:15px;\n}\n<\/style>\n<div  class='av-special-heading av-av_heading-7b9517521aeb4207abe6f5f9d41e1561 av-special-heading-h3  avia-builder-el-9  el_after_av_one_full  el_before_av_toggle_container '><h3 class='av-special-heading-tag '  itemprop=\"headline\"  >FAQS<\/h3><div class=\"special-heading-border\"><div class=\"special-heading-inner-border\"><\/div><\/div><\/div>\n<div  class='togglecontainer av-av_toggle_container-58d3b55d78679e2c4a6f7b2e625e97f8  avia-builder-el-10  el_after_av_heading  avia-builder-el-last  toggle_close_all' >\n<section class='av_toggle_section av-av_toggle-7a27be0c6d1cd3847c125555a006110c'  itemscope=\"itemscope\" itemtype=\"https:\/\/schema.org\/CreativeWork\" ><div role=\"tablist\" class=\"single_toggle\" data-tags=\"{Alle} \"  ><p id='toggle-toggle-id-1' data-fake-id='#toggle-id-1' class='toggler  activeTitle av-title-above '  itemprop=\"headline\"  role='tab' tabindex='0' aria-controls='toggle-id-1' data-slide-speed=\"200\" data-title=\"Warum hei\u00dft es Keysi?\" data-title-open=\"\" data-aria_collapsed=\"Click to expand: Warum hei\u00dft es Keysi?\" data-aria_expanded=\"Click to collapse: Warum hei\u00dft es Keysi?\">Warum hei\u00dft es Keysi?<span class=\"toggle_icon\"><span class=\"vert_icon\"><\/span><span class=\"hor_icon\"><\/span><\/span><\/p><div id='toggle-id-1' aria-labelledby='toggle-toggle-id-1' role='region' class='toggle_wrap  active_tc av-title-above' style='display:block;' ><div class='toggle_content invers-color '  itemprop=\"text\" ><p class=\"p1\"><span class=\"s1\">Der Name \u201eKeysi\u201c stammt aus der Kindheit von Justo Dieguez, aus der Zeit als er gelernt hat zu sprechen. Er hat zu dieser Zeit die spanischen Worte \u201e<strong><em>que si<\/em><\/strong>\u201c, die \u201eja, ich werde\u201c bedeuten, unfreiwillig falsch ausgesprochen. Dadurch erhielt er dieses \u201e<em><strong>Keysi<\/strong><\/em>\u201c als eine Art Spitzname und hat diesen \u00fcber die Jahre beibehalten.<\/span><\/p>\n<\/div><\/div><\/div><\/section>\n<section class='av_toggle_section av-av_toggle-8db4a73a2549839318848479a3224b0d'  itemscope=\"itemscope\" itemtype=\"https:\/\/schema.org\/CreativeWork\" ><div role=\"tablist\" class=\"single_toggle\" data-tags=\"{Alle} \"  ><p id='toggle-toggle-id-2' data-fake-id='#toggle-id-2' class='toggler  av-title-above '  itemprop=\"headline\"  role='tab' tabindex='0' aria-controls='toggle-id-2' data-slide-speed=\"200\" data-title=\"Wann wurde Keysi gegr\u00fcndet?\" data-title-open=\"\" data-aria_collapsed=\"Click to expand: Wann wurde Keysi gegr\u00fcndet?\" data-aria_expanded=\"Click to collapse: Wann wurde Keysi gegr\u00fcndet?\">Wann wurde Keysi gegr\u00fcndet?<span class=\"toggle_icon\"><span class=\"vert_icon\"><\/span><span class=\"hor_icon\"><\/span><\/span><\/p><div id='toggle-id-2' aria-labelledby='toggle-toggle-id-2' role='region' class='toggle_wrap  av-title-above'  ><div class='toggle_content invers-color '  itemprop=\"text\" ><p class=\"p1\"><span class=\"s1\">1980 wurde die \u201eKeysi\u201c Fighting Method dem Publikum pr\u00e4sentiert und \u00f6ffentlich gemacht. \u00dcber einen Zeitraum von 32 Jahren (1980-2012), hat Justo Dieguez seine Methode zur Selbstverteidigung weltweit auf Seminaren erfolgreich unterrichtet. Im Jahr 2012 war dann der Zeitpunkt gekommen an dem die Firma \u201eKFM\u201c der aktuellen Platz gemacht hat, Justo Dieguez f\u00fchrt Keysi Fighting Method seither unter dem Namen KEYSI WORLD weiter.<\/span><\/p>\n<\/div><\/div><\/div><\/section>\n<section class='av_toggle_section av-av_toggle-ef7e9782536015684db49346d66c9492'  itemscope=\"itemscope\" itemtype=\"https:\/\/schema.org\/CreativeWork\" ><div role=\"tablist\" class=\"single_toggle\" data-tags=\"{Alle} \"  ><p id='toggle-toggle-id-3' data-fake-id='#toggle-id-3' class='toggler  av-title-above '  itemprop=\"headline\"  role='tab' tabindex='0' aria-controls='toggle-id-3' data-slide-speed=\"200\" data-title=\"Was war vor Keysi?\" data-title-open=\"\" data-aria_collapsed=\"Click to expand: Was war vor Keysi?\" data-aria_expanded=\"Click to collapse: Was war vor Keysi?\">Was war vor Keysi?<span class=\"toggle_icon\"><span class=\"vert_icon\"><\/span><span class=\"hor_icon\"><\/span><\/span><\/p><div id='toggle-id-3' aria-labelledby='toggle-toggle-id-3' role='region' class='toggle_wrap  av-title-above'  ><div class='toggle_content invers-color '  itemprop=\"text\" ><p class=\"p1\"><span class=\"s1\">Die \u201eKeysi\u201c Akademie zur Selbstverteidigung gr\u00fcndete Justo im Jahre 1975, in dieser Zeit unterrichtete er dort verschiedene Stile und Kampfsportarten. Hervorzuheben sind dabei Filipino Kali, Jeet Kune Do und Boxen. Zwischen 1975 und 1980 begann Justo ebenfalls damit seine eigene Selbstverteidigungsmethode zu entwickeln, die auf den Erfahrungen seines eigenen Lebens basiert. Dank der L\u00fccken, die er in den traditionellen Stillen erkannten und entdeckten, und zusammen mit seiner gesammelten Erfahrungen und seinen Kenntnissen, konnte er die Keysi Fighting Method begr\u00fcnden. Diese war v\u00f6llig frei von vorgeschriebenen Regeln, Tatami und G\u00fcrteln.<\/span><\/p>\n<\/div><\/div><\/div><\/section>\n<\/div>\n","protected":false},"excerpt":{"rendered":"","protected":false},"author":117,"featured_media":0,"parent":946,"menu_order":0,"comment_status":"closed","ping_status":"closed","template":"","meta":{"_acf_changed":false,"footnotes":""},"class_list":["post-1618","page","type-page","status-publish","hentry"],"acf":[],"_links":{"self":[{"href":"https:\/\/www.keysiworld.com\/de\/wp-json\/wp\/v2\/pages\/1618","targetHints":{"allow":["GET"]}}],"collection":[{"href":"https:\/\/www.keysiworld.com\/de\/wp-json\/wp\/v2\/pages"}],"about":[{"href":"https:\/\/www.keysiworld.com\/de\/wp-json\/wp\/v2\/types\/page"}],"author":[{"embeddable":true,"href":"https:\/\/www.keysiworld.com\/de\/wp-json\/wp\/v2\/users\/117"}],"replies":[{"embeddable":true,"href":"https:\/\/www.keysiworld.com\/de\/wp-json\/wp\/v2\/comments?post=1618"}],"version-history":[{"count":0,"href":"https:\/\/www.keysiworld.com\/de\/wp-json\/wp\/v2\/pages\/1618\/revisions"}],"up":[{"embeddable":true,"href":"https:\/\/www.keysiworld.com\/de\/wp-json\/wp\/v2\/pages\/946"}],"wp:attachment":[{"href":"https:\/\/www.keysiworld.com\/de\/wp-json\/wp\/v2\/media?parent=1618"}],"curies":[{"name":"wp","href":"https:\/\/api.w.org\/{rel}","templated":true}]}}