{"id":7407,"date":"2019-02-07T18:50:50","date_gmt":"2019-02-07T18:50:50","guid":{"rendered":"https:\/\/www.keysiworld.com\/online-shop\/"},"modified":"2021-07-27T13:01:03","modified_gmt":"2021-07-27T13:01:03","slug":"online-shop","status":"publish","type":"page","link":"https:\/\/www.keysiworld.com\/de\/online-shop\/","title":{"rendered":"Online Shop"},"content":{"rendered":"<p style=\"text-align: center;\">Keysi bietet ein umfangreiches Sortiment an Trainingsbekleidung und Zubeh\u00f6r an.<br \/>\nDer Verkauf findet ausschlie\u00dflich \u00fcber unsere lizenzierten Instructor und Keysi Schulen statt.<\/p>\n<p style=\"text-align: center;\">Wenn Sie Keysi Artikel erwerben m\u00f6chten wenden Sie sich einfach an Ihren Instructor vor Ort.<\/p>\n<p><a href=\"https:\/\/www.keysiworld.com\/wp-content\/uploads\/2021\/07\/KEYSI_catalogue_07-2021_web.pdf\" target=\"_blank\" rel=\"noopener\"><img loading=\"lazy\" decoding=\"async\" class=\"aligncenter wp-image-7414 size-medium\" src=\"https:\/\/www.keysiworld.com\/wp-content\/uploads\/2019\/02\/Keysi_Clothing_2019-554x800.png\" alt=\"\" width=\"554\" height=\"800\" srcset=\"https:\/\/www.keysiworld.com\/wp-content\/uploads\/2019\/02\/Keysi_Clothing_2019-554x800.png 554w, https:\/\/www.keysiworld.com\/wp-content\/uploads\/2019\/02\/Keysi_Clothing_2019-768x1108.png 768w, https:\/\/www.keysiworld.com\/wp-content\/uploads\/2019\/02\/Keysi_Clothing_2019-714x1030.png 714w, https:\/\/www.keysiworld.com\/wp-content\/uploads\/2019\/02\/Keysi_Clothing_2019-489x705.png 489w, https:\/\/www.keysiworld.com\/wp-content\/uploads\/2019\/02\/Keysi_Clothing_2019-450x649.png 450w, https:\/\/www.keysiworld.com\/wp-content\/uploads\/2019\/02\/Keysi_Clothing_2019.png 844w\" sizes=\"auto, (max-width: 554px) 100vw, 554px\" \/><\/a><\/p>\n<p>&nbsp;<\/p>\n","protected":false},"excerpt":{"rendered":"<p>Keysi bietet ein umfangreiches Sortiment an Trainingsbekleidung und Zubeh\u00f6r an. Der Verkauf findet ausschlie\u00dflich \u00fcber unsere lizenzierten Instructor und Keysi Schulen statt. Wenn Sie Keysi Artikel erwerben m\u00f6chten wenden Sie sich einfach an Ihren Instructor vor Ort. &nbsp;<\/p>\n","protected":false},"author":1,"featured_media":0,"parent":0,"menu_order":0,"comment_status":"closed","ping_status":"closed","template":"","meta":{"_acf_changed":false,"footnotes":""},"class_list":["post-7407","page","type-page","status-publish","hentry"],"acf":[],"_links":{"self":[{"href":"https:\/\/www.keysiworld.com\/de\/wp-json\/wp\/v2\/pages\/7407","targetHints":{"allow":["GET"]}}],"collection":[{"href":"https:\/\/www.keysiworld.com\/de\/wp-json\/wp\/v2\/pages"}],"about":[{"href":"https:\/\/www.keysiworld.com\/de\/wp-json\/wp\/v2\/types\/page"}],"author":[{"embeddable":true,"href":"https:\/\/www.keysiworld.com\/de\/wp-json\/wp\/v2\/users\/1"}],"replies":[{"embeddable":true,"href":"https:\/\/www.keysiworld.com\/de\/wp-json\/wp\/v2\/comments?post=7407"}],"version-history":[{"count":0,"href":"https:\/\/www.keysiworld.com\/de\/wp-json\/wp\/v2\/pages\/7407\/revisions"}],"wp:attachment":[{"href":"https:\/\/www.keysiworld.com\/de\/wp-json\/wp\/v2\/media?parent=7407"}],"curies":[{"name":"wp","href":"https:\/\/api.w.org\/{rel}","templated":true}]}}