{"id":946,"date":"2017-01-02T10:33:54","date_gmt":"2017-01-02T10:33:54","guid":{"rendered":"https:\/\/www.keysiworld.com\/de\/keysi-world\/"},"modified":"2017-05-23T10:57:14","modified_gmt":"2017-05-23T10:57:14","slug":"keysi-world","status":"publish","type":"page","link":"https:\/\/www.keysiworld.com\/de\/keysi-world\/","title":{"rendered":"Keysi World"},"content":{"rendered":"<div id='layer_slider_1'  class='avia-layerslider main_color avia-shadow  avia-builder-el-0  el_before_av_one_full  avia-builder-el-first  container_wrap sidebar_right'  style='height: 171px; max-width: 1410px; margin: 0 auto;'  ><\/div><div id='after_layer_slider_1'  class='main_color av_default_container_wrap container_wrap sidebar_right'  ><div class='container av-section-cont-open' ><div class='template-page content  av-content-small alpha units'><div class='post-entry post-entry-type-page post-entry-946'><div class='entry-content-wrapper clearfix'>\n\n<style type=\"text\/css\" data-created_by=\"avia_inline_auto\" id=\"style-css-av-av_one_full-6126cab7d8fab8d08143dd2dacdf673c\">\n.flex_column.av-av_one_full-6126cab7d8fab8d08143dd2dacdf673c{\nborder-radius:0px 0px 0px 0px;\npadding:0px 0px 0px 0px;\n}\n<\/style>\n<div  class='flex_column av-av_one_full-6126cab7d8fab8d08143dd2dacdf673c av_one_full  avia-builder-el-1  el_after_av_layerslider  el_before_av_section  avia-builder-el-no-sibling  first flex_column_div av-zero-column-padding  '     ><style type=\"text\/css\" data-created_by=\"avia_inline_auto\" id=\"style-css-av-av_heading-b95027977a06c0c86d582ccbc06f9eb2\">\n#top .av-special-heading.av-av_heading-b95027977a06c0c86d582ccbc06f9eb2{\npadding-bottom:20px;\ncolor:#000000;\n}\nbody .av-special-heading.av-av_heading-b95027977a06c0c86d582ccbc06f9eb2 .av-special-heading-tag .heading-char{\nfont-size:25px;\n}\n.av-special-heading.av-av_heading-b95027977a06c0c86d582ccbc06f9eb2 .special-heading-inner-border{\nborder-color:#000000;\n}\n.av-special-heading.av-av_heading-b95027977a06c0c86d582ccbc06f9eb2 .av-subheading{\nfont-size:15px;\n}\n<\/style>\n<div  class='av-special-heading av-av_heading-b95027977a06c0c86d582ccbc06f9eb2 av-special-heading-h3 custom-color-heading blockquote modern-quote modern-centered  avia-builder-el-2  avia-builder-el-no-sibling '><h3 class='av-special-heading-tag '  itemprop=\"headline\"  ><span class='special_amp'>\u201e<\/span>Was<span class='special_amp'>\u201c<\/span> und <span class='special_amp'>\u201e<\/span>wer<span class='special_amp'>\u201c<\/span> ist Keysi by Justo Dieguez:<\/h3><div class=\"special-heading-border\"><div class=\"special-heading-inner-border\"><\/div><\/div><\/div><\/div>\n<\/div><\/div><\/div><!-- close content main div --><\/div><\/div>\n<style type=\"text\/css\" data-created_by=\"avia_inline_auto\" id=\"style-css-av-av_section-9f13a71b45f7bab5a72b86240b9247b2\">\n.avia-section.av-av_section-9f13a71b45f7bab5a72b86240b9247b2 .av-section-color-overlay{\nopacity:0.8;\nbackground-color:#bfbfbf;\n}\n<\/style>\n<div id='av_section_1'  class='avia-section av-av_section-9f13a71b45f7bab5a72b86240b9247b2 main_color avia-section-default avia-no-shadow  avia-builder-el-3  el_after_av_one_full  el_before_av_one_full  avia-bg-style-scroll av-section-color-overlay-active av-section-with-video-bg container_wrap sidebar_right'   data-section-video-ratio='16:9'><div  class='avia-slideshow av_slideshow_obj-1-69d14369d7ad5 avia-slideshow-featured av_slideshow avia-slide-slider av-slideshow-ui av-control-default av-slideshow-manual av-loop-once av-loop-manual-endless av-default-height-applied  av-section-video-bg avia-slideshow-1' data-slideshow-options=\"{&quot;animation&quot;:&quot;slide&quot;,&quot;autoplay&quot;:false,&quot;loop_autoplay&quot;:&quot;once&quot;,&quot;interval&quot;:5,&quot;loop_manual&quot;:&quot;manual-endless&quot;,&quot;autoplay_stopper&quot;:false,&quot;noNavigation&quot;:false,&quot;bg_slider&quot;:false,&quot;keep_padding&quot;:false,&quot;hoverpause&quot;:false,&quot;show_slide_delay&quot;:0}\"  itemprop=\"image\" itemscope=\"itemscope\" itemtype=\"https:\/\/schema.org\/ImageObject\" ><ul class='avia-slideshow-inner ' style='padding-bottom: 28.666666666667%;'><li  data-controls='disabled' data-mute='aviaTBaviaTBvideo_mute' data-loop='1' data-disable-autoplay=''  data-video-ratio='1.7777777777778' class='avia-slideshow-slide av_slideshow_obj-1-69d14369d7ad5__0  av-video-slide  av-video-service-youtube  av-hide-video-controls av-mute-video av-loop-video  av-single-slide slide-1 slide-odd'><div data-rel='slideshow-1' class='avia-slide-wrap '   ><div class='av-click-overlay'><\/div><div class='mejs-mediaelement'  itemprop=\"video\" itemtype=\"https:\/\/schema.org\/VideoObject\" ><div height='1600' width='900' class='av_youtube_frame' id='player_946_424514564_872979940'  data-autoplay='0'  data-videoid='UsSNYOEdopI'  data-hd='1'  data-rel='0'  data-wmode='opaque'  data-loop='0'  data-version='3'  data-autohide='1'  data-color='white'  data-controls='0'  data-iv_load_policy='3'  data-original_url='https:\/\/www.youtube.com\/watch?v=UsSNYOEdopI' ><\/div><\/div><div class=\"av-click-to-play-overlay\"><div class=\"avia_playpause_icon\"><\/div><\/div><\/div><\/li><\/ul><\/div><div class=\"av-section-color-overlay-wrap\"><div class=\"av-section-color-overlay\"><\/div><div class='container av-section-cont-open' ><div class='template-page content  av-content-small alpha units'><div class='post-entry post-entry-type-page post-entry-946'><div class='entry-content-wrapper clearfix'>\n\n<style type=\"text\/css\" data-created_by=\"avia_inline_auto\" id=\"style-css-av-av_hr-373523e22f0366b13a549278f1ad345e\">\n#top .hr.hr-invisible.av-av_hr-373523e22f0366b13a549278f1ad345e{\nheight:10px;\n}\n<\/style>\n<div  class='hr av-av_hr-373523e22f0366b13a549278f1ad345e hr-invisible  avia-builder-el-4  el_before_av_textblock  avia-builder-el-first '><span class='hr-inner '><span class=\"hr-inner-style\"><\/span><\/span><\/div>\n<section  class='av_textblock_section av-av_textblock-396ddf1f42196ca838231e61a4602801 '   itemscope=\"itemscope\" itemtype=\"https:\/\/schema.org\/CreativeWork\" ><div class='avia_textblock'  itemprop=\"text\" ><p><span style=\"color: #000000;\">Es ist die spanische Kunst kreiert von Justo Dieguez Serano mit dem einziegen Zweck, der pers\u00f6nlichen Wachstum durch die F\u00f6rderung und Entwicklung der Instinkte.<\/span><\/p>\n<p><span style=\"color: #000000;\">Die Bewegung in Keysi, die Konzepte und die Prinzipien folgen einige Natur- und Universalgesetze welche sich von keinem System oder Stil limitieren lassen.<\/span><\/p>\n<p><span style=\"color: #000000;\">Keysi entwickelt den Geist , den K\u00f6rper und vereinigt es zu einem Ganzen und einzigen Prinzip, welches der Person die notwendigen Eigenschaften verschaffen um ihr Leben zu modellieren und bestimmen als Konsequenz seines pers\u00f6nlichen Wachstums.<\/span><\/p>\n<p><span style=\"color: #000000;\">Wenn es etwas gibt, was Keysi massg\u00e4blich von anderen Kampfk\u00fcnste unterscheidet, dann sind es ihre Prinzipien, welche uns erziehen und uns die F\u00e4higkeiten zur Ausdruck und Selbstverwirklichung geben, Emotional\/ Geistig \/ K\u00f6rperlich.<\/span><\/p>\n<\/div><\/section>\n<\/div><\/div><\/div><!-- close content main div --><\/div><\/div><\/div><div id='after_section_1'  class='main_color av_default_container_wrap container_wrap sidebar_right'  ><div class='container av-section-cont-open' ><div class='template-page content  av-content-small alpha units'><div class='post-entry post-entry-type-page post-entry-946'><div class='entry-content-wrapper clearfix'>\n\n<style type=\"text\/css\" data-created_by=\"avia_inline_auto\" id=\"style-css-av-av_one_full-6126cab7d8fab8d08143dd2dacdf673c\">\n.flex_column.av-av_one_full-6126cab7d8fab8d08143dd2dacdf673c{\nborder-radius:0px 0px 0px 0px;\npadding:0px 0px 0px 0px;\n}\n<\/style>\n<div  class='flex_column av-av_one_full-6126cab7d8fab8d08143dd2dacdf673c av_one_full  avia-builder-el-6  el_after_av_section  el_before_av_one_half  avia-builder-el-first  first flex_column_div av-zero-column-padding  '     ><p>\n<style type=\"text\/css\" data-created_by=\"avia_inline_auto\" id=\"style-css-av-av_hr-616cd310f4c6bf63bbd1f033802c1165\">\n#top .hr.hr-invisible.av-av_hr-616cd310f4c6bf63bbd1f033802c1165{\nheight:20px;\n}\n<\/style>\n<div  class='hr av-av_hr-616cd310f4c6bf63bbd1f033802c1165 hr-invisible  avia-builder-el-7  el_before_av_textblock  avia-builder-el-first '><span class='hr-inner '><span class=\"hr-inner-style\"><\/span><\/span><\/div><br \/>\n<section  class='av_textblock_section av-av_textblock-396ddf1f42196ca838231e61a4602801 '   itemscope=\"itemscope\" itemtype=\"https:\/\/schema.org\/CreativeWork\" ><div class='avia_textblock'  itemprop=\"text\" ><h3><span style=\"color: #ff6600;\">Unser Angebot:<\/span><\/h3>\n<p>In Keysi haben wir einen Vorsatz welches in einer Weise deinem eigenen gleicht, ein individuellen und einzigartigen Vorsatz.<\/p>\n<p>In Keysi laden wir dich ein, unsere Kr\u00e4fte zu b\u00fcndeln, um den Weg zu diesen Zweck zu finden.<\/p>\n<p>Einmal gefunden, k\u00f6nnen wir diesen ultimativen Zweck (je nach unseren Vorstellungen), Gl\u00fcck, Verwirklichung, Erfolg nennen, das ist ganz einerlei, was wahrhaftig Z\u00e4hlt ist sich der Herausforderungen des Lebens zu stellen und diese zu erreichen.<\/p>\n<p>Ich habe viele Lehrer w\u00e4hrend meinem Weg gekannt und ich bin sicher du auch. Diese Lehrer haben uns viele M\u00f6glichkeiten, Formen, Wege, Zug\u00e4nge gelehrt um den richtigen Weg zu gehen. Trotz all dieser Vielfahlt gibt es Wege welche sich in und bei allen wider findet.<\/p>\n<p><strong>&#8211; Wege welche nicht ausgewichen werden k\u00f6nnen.<\/strong><\/p>\n<p><strong>&#8211; Wege welche zu durchlaufen sind.<\/strong><\/p>\n<p><strong>&#8211; Wege auf welchen wir lernen was notwendig ist um das letzte St\u00fcck zu gehen.<\/strong><\/p>\n<p>W\u00e4hrend der Suche nach meinem Zweck, auf meiner Lebensreise habe ich die Hinweise und Notizen von anderen Lebensreisen nachgeschlagen und habe davon gebrauch gemacht um meine eigene Lebenskarte zu gestalten. Diese Karten haben mir w\u00e4hrend dieser Jahren geholfen auf dem Kurs zur\u00fcckzufinden, jedes mal als ich mich verlor.<\/p>\n<p>Ich bin mir sicher, dass meine Karte dir helfen und dienen k\u00f6nnen deinen Kurs zu finden.<\/p>\n<p>Auf jeden Fall ist es wichtig zu verstehen, dass eine Karte nie das Gebiet ist und dass wir diesen korrigieren m\u00fcssen jede Zeit, wenn unsere Erfahrungen Fehler aufzeigen.<\/p>\n<ul>\n<li><strong>Nur so erreichen wir den Gipfel;<\/strong><\/li>\n<li><strong>Hoffentlich finden wir uns dort;<\/strong><\/li>\n<li><strong>Das bedeutet dass Du deinen Zweck erreicht hast.<\/strong><\/li>\n<li><strong>Das bedeutet dass ich meinen Zweck erreicht habe.<\/strong><\/li>\n<\/ul>\n<\/div><\/section><br \/>\n\n<style type=\"text\/css\" data-created_by=\"avia_inline_auto\" id=\"style-css-av-av_hr-19218f1ba897acae6930be1f9798fa1a\">\n#top .hr.hr-invisible.av-av_hr-19218f1ba897acae6930be1f9798fa1a{\nheight:14px;\n}\n<\/style>\n<div  class='hr av-av_hr-19218f1ba897acae6930be1f9798fa1a hr-invisible  avia-builder-el-9  el_after_av_textblock  el_before_av_textblock '><span class='hr-inner '><span class=\"hr-inner-style\"><\/span><\/span><\/div><br \/>\n<section  class='av_textblock_section av-av_textblock-396ddf1f42196ca838231e61a4602801 '   itemscope=\"itemscope\" itemtype=\"https:\/\/schema.org\/CreativeWork\" ><div class='avia_textblock'  itemprop=\"text\" ><h3><span style=\"color: #ff6600;\">Keysi by Justo Dieguez wurde mit einer gewissen Absicht erschaffen:<\/span><\/h3>\n<p><span style=\"color: #000000;\">Wir alle wissen, dass die \u00dcbertragung der Werte an der jungen Generation fehlt. Das hat meine Aufmerksamkeit erregt und eine Idee kam in mir auf ohne mich nach Erlaubnis zu fragen: \u201eWie k\u00f6nnte ich den neuen Generationen von M\u00e4dchen und Jungs helfen ihr Leben aufzubauen und zu gestalten, wie in einer Gesellschaft leben und ein Vorbild zu sein?\u201c<br \/>\n<\/span><\/p>\n<p><span style=\"color: #000000;\">Dieses war eine unerwartete Wendung in meinem Leben, welches mich mit Ehrfurcht und Respekt erf\u00fcllte, schon bevor ich mich dieser Idee widmete.<br \/>\n<\/span><\/p>\n<p><span style=\"color: #000000;\">Welche w\u00e4re der Weg es nachzugehen und versetzte mich in dich, verstand ich dass du denken k\u00f6nntest es sei kompliziert. Trotz all diesem Anschein k\u00f6nntest du dich gleichermassen f\u00fchlen, wie sich die Keysi Familie f\u00fchlt. Motiviert und begeistert mit diesen Projekt und mit der Gewissheit, dass wir uns hier befinden, sowohl dieser jungen Generation zu helfen, als auch den kommenden Generationen in verschiedenen Aspekten zu \u00e4ndern.<br \/>\n<\/span><\/p>\n<p><span style=\"color: #000000;\">Es ist m\u00f6glich, dass dich hier die gleichen Beweggr\u00fcnde, Gef\u00fchle und Begeisterung des Lebensflusses gebracht haben, welche uns dazu bewegt und motiviert haben diesen Projekt ins Leben zu rufen.<br \/>\nDu bist an diesen Punkt angekommen und das Schicksal hat unsere Wege gekreuzt und ich glaube das ist kein Zufall.<br \/>\n<\/span><\/p>\n<\/div><\/section><br \/>\n<div  class='avia-video av-av_video-803f0ee58f80808f238a0b7ce36e8c35 avia-video-16-9 av-no-preview-image avia-video-load-always av-lazyload-immediate av-lazyload-video-embed'  itemprop=\"video\" itemtype=\"https:\/\/schema.org\/VideoObject\"  data-original_url='https:\/\/www.youtube.com\/watch?v=J6W5nfbI8ts'><script type='text\/html' class='av-video-tmpl'><div class='avia-iframe-wrap'><iframe loading=\"lazy\" width=\"1500\" height=\"844\" src=\"https:\/\/www.youtube.com\/embed\/J6W5nfbI8ts?feature=oembed&autoplay=0&loop=0&controls=1&mute=0\" frameborder=\"0\" allowfullscreen><\/iframe><\/div><\/script><div class='av-click-to-play-overlay'><div class=\"avia_playpause_icon\"><\/div><\/div><\/div><\/p><\/div>\n<style type=\"text\/css\" data-created_by=\"avia_inline_auto\" id=\"style-css-av-av_one_half-6126cab7d8fab8d08143dd2dacdf673c\">\n.flex_column.av-av_one_half-6126cab7d8fab8d08143dd2dacdf673c{\nborder-radius:0px 0px 0px 0px;\npadding:0px 0px 0px 0px;\n}\n<\/style>\n<div  class='flex_column av-av_one_half-6126cab7d8fab8d08143dd2dacdf673c av_one_half  avia-builder-el-12  el_after_av_one_full  el_before_av_one_half  first flex_column_div av-zero-column-padding  column-top-margin'     ><section  class='av_textblock_section av-av_textblock-396ddf1f42196ca838231e61a4602801 '   itemscope=\"itemscope\" itemtype=\"https:\/\/schema.org\/CreativeWork\" ><div class='avia_textblock'  itemprop=\"text\" ><h3><span style=\"color: #ff6600;\">Unser Ethischer Code<\/span><\/h3>\n<p><strong>Unsere Ziele<\/strong>: Es ist das Leben der Menschen durch Inspiration zu ver\u00e4ndern und an sich zu glauben.<\/p>\n<p><strong>Unsere Vision<\/strong>: Die k\u00f6rperlichen, geistigen und emotionalen Schw\u00e4chen in St\u00e4rken zu konvertieren.<\/p>\n<p><strong>Unsere Werte<\/strong>: Der Vorsatz, Der Respekt, Die Geduld, Die Ausdauer und die Aussicht.<\/p>\n<p><strong>Unser Auftrag<\/strong>: Das Leben der Menschen so ver\u00e4ndern, dass sie an sich glauben und sie inspirieren niemals aufzugeben.<\/p>\n<\/div><\/section><\/div>\n<style type=\"text\/css\" data-created_by=\"avia_inline_auto\" id=\"style-css-av-av_one_half-0aa7055fe62c3622faec82866afbaeb2\">\n.flex_column.av-av_one_half-0aa7055fe62c3622faec82866afbaeb2{\nborder-radius:0px 0px 0px 0px;\npadding:0px 0px 0px 0px;\n}\n<\/style>\n<div  class='flex_column av-av_one_half-0aa7055fe62c3622faec82866afbaeb2 av_one_half  avia-builder-el-14  el_after_av_one_half  el_before_av_one_full  flex_column_div av-zero-column-padding  column-top-margin'     ><section  class='av_textblock_section av-av_textblock-396ddf1f42196ca838231e61a4602801 '   itemscope=\"itemscope\" itemtype=\"https:\/\/schema.org\/CreativeWork\" ><div class='avia_textblock'  itemprop=\"text\" ><h3><span style=\"color: #ff6600;\">Was wirst Du als Instructor lernen:<\/span><\/h3>\n<p>Das wichtigste was wir dir beibringen ist einen Zweck zu haben, in welchen Du deine k\u00f6rperlichen, geistigen und emotionalen Grenzen entdecken wirst.<\/p>\n<ul>\n<li>in deinen k\u00f6rperlichen Begrenzungen deine Schw\u00e4chen und St\u00e4rken offenbaren.<\/li>\n<li>in deinen geistigen und emotionalen Begrenzungen, wo Du dich selber beschr\u00e4nkt glaubst zu entdecken, dass dein Potential unbeschr\u00e4nkt ist.<\/li>\n<\/ul>\n<\/div><\/section><\/div>\n<style type=\"text\/css\" data-created_by=\"avia_inline_auto\" id=\"style-css-av-av_one_full-6126cab7d8fab8d08143dd2dacdf673c\">\n.flex_column.av-av_one_full-6126cab7d8fab8d08143dd2dacdf673c{\nborder-radius:0px 0px 0px 0px;\npadding:0px 0px 0px 0px;\n}\n<\/style>\n<div  class='flex_column av-av_one_full-6126cab7d8fab8d08143dd2dacdf673c av_one_full  avia-builder-el-16  el_after_av_one_half  el_before_av_hr  first flex_column_div av-zero-column-padding  column-top-margin'     ><section  class='av_textblock_section av-av_textblock-396ddf1f42196ca838231e61a4602801 '   itemscope=\"itemscope\" itemtype=\"https:\/\/schema.org\/CreativeWork\" ><div class='avia_textblock'  itemprop=\"text\" ><h3><span style=\"color: #ff6600;\"><strong>Unsere Struktur und Methodik:<\/strong><\/span><\/h3>\n<p>Keysi by Justo Dieguez entfaltet sich im Rahmen einer strukturierten progressiven Methodologie, welches sich im Rahmen eines auf individuellen Niveau basierten Plan st\u00fctzt.<\/p>\n<p>Diese Lehre ist gerichtet an dich, der zuk\u00fcnftige Instruktor, welcher lernen muss sowohl mit seinem Ged\u00e4hnis und Inteligenz, sowie auch als Mensch in st\u00e4ndiger entwicklung mit allen Einschr\u00e4nkungen und F\u00e4higkeiten umzugehen.<\/p>\n<p>Hilfreich daf\u00fcr ist es zu wissen und zu erkennen: das Wie, das Warum, das Wo und das Wohin Du dich in jeden Moment in deiner Entwicklung in Keysi by Justo Dieguez dich befindest.<\/p>\n<p>Dieser Programm ist struckturiert und beinhaltet all die Informationen und die Unterst\u00fctzung f\u00fcr deine t\u00e4gliche Arbeit\/Training.<\/p>\n<p>Deine t\u00e4gliche Arbeit\/Training ist der wesentliche Schritt um zu wachsen und jeden Moment zu absolvieren.<\/p>\n<h3><\/h3>\n<h3><span style=\"color: #ff6600;\"><strong>Die Struktur unserer Ausbildung<\/strong><\/span><\/h3>\n<p>Du wirst lernen einen Lehrer zu sein und wie Du unterrichten kannst.<\/p>\n<p>Daf\u00fcr stellen wir dir eine Struktur zur verf\u00fcgung, welches auf Wissen, Erfahrung und Erfolg basiert.<\/p>\n<p>Nur auf dieser Weise k\u00f6nnen wir unseren Sch\u00fclern die Motivation vermitteln um jeden Tag zu wachsen.<\/p>\n<h3><\/h3>\n<h3><span style=\"color: #ff6600;\"><strong>Die Struktur st\u00fctzt sich auf:<\/strong><\/span><\/h3>\n<ul>\n<li>Ein Programm \u2026&#8230;&#8230;&#8230;&#8230;&#8230;&#8230;&#8230; mit dem Ethischen Code.<\/li>\n<li>Eine Methode \u2026&#8230;&#8230;&#8230;&#8230;&#8230;&#8230; mit der technischen Durchf\u00fchrungen (Die Nukleus und Index).<\/li>\n<li>Einen Unterrichtsplan \u2026&#8230;. mit der Theorie (Die Hintergr\u00fcnde, das Warum).<\/li>\n<\/ul>\n<p>Keysi by Justo Dieguez entwickelt sich innerhalb eines Programmes, mit einer fortgeschrittene Methodik. Hieraus folgt eine ausgereifte Planung welche den guten Fortschritten des Instruktors f\u00f6rdert auf allen Ebenen, ohne Improvisationen.<\/p>\n<p>Deshalb sollten die zuk\u00fcnftigen Instruktoren, folgende Fragen und Antworten kennen, sich damit auseinandersetzten, da sie die Schl\u00fcssel zur ihrer Entwicklung sind, zusammen mit unseren Richtlinien:<\/p>\n<p><strong>\u00b0 Wenn unterrichte ich? \u2026&#8230;&#8230;&#8230;&#8230;&#8230;. Den Sch\u00fcler.<\/strong><\/p>\n<p><strong>\u00b0 Was unterrichte ich und wie? \u2026&#8230;&#8230; Eine Methode des pers\u00f6nlichen Wachstums und der Selbstveretidigung.<\/strong><\/p>\n<p><strong>\u00b0 Wer unterrichtet es? \u2026&#8230;&#8230;&#8230; Ein zertifizierter Instruktor.<\/strong><\/p>\n<p><strong>\u00b0 Warum unterrichte ich? \u2026&#8230;&#8230;&#8230;.. Weil es einen Zweck und einen Ziel gibt.<\/strong><\/p>\n<p>Um erfolgreich unsere Ziele zu erreichen und die maximale Entwicklung unseren Instruktoren zu erreichen, m\u00fcssen wir uns fokussieren und unser Training gezielt steuern.<\/p>\n<p>Dies beginnt mit der F\u00e4higkeit unsere Bodymechanik und unseren Geist zu erkennen und erforschen, zu lernen und erfahren wie unsere emotionale Seite arbeitet.<\/p>\n<p>Diese sind wesentliche Eigenschaften um dadurch unser K\u00f6rper an dem Stress dieser Instruktoren Ausbildung vorzubereiten und zu bew\u00e4ltigen.<\/p>\n<p>Aus diesen Grund und \u00dcberlegungen wir in Keysi begleiten und legen unseren Instruktoren aus Herz sich Ziele zu setzten mit einem sehr klaren Zweck um ihre Handlungen zu st\u00e4rken und dort hinzukommen wo er glaubt es ein unm\u00f6glich anzukommen.<\/p>\n<p>Sich auch bewusst werden, dass mit einer unerm\u00fctlichen Ausdauer und Begeisterung, alle Herausforderungen uns ein Schritt n\u00e4her zu unseren Zielen bringen und zu verwirklichen sind.<\/p>\n<h3><\/h3>\n<h3><span style=\"color: #ff6600;\"><strong>Dem Instruktor zu vermitteln<\/strong>:<\/span><\/h3>\n<p>&gt; Ein auf Instinkt basierte strukturierte Haltung in einer gef\u00e4hrlichen Situation.<\/p>\n<p>&gt; Ein erh\u00f6htes Fassungsverm\u00f6gen seinen Umfeld zu erkennen, zu analysieren und in seinem Vorteil zu nutzen und anwenden.<\/p>\n<p>&gt; Ein erh\u00f6hter Schwerpunkt in allen m\u00f6glichen Art und Weise der zu kontrollierender Kraft gegen\u00fcber einem Angreifen, sei es mit Waffen oder mit leeren H\u00e4nden.<\/p>\n<p>Der Instruktoren Ausbildungsprogramm D.I.M.A. wird unterrichtet, geleitet und gepr\u00fcft von zertifiezierten Instruktoren der Keysi World Companie, welche pers\u00f6nlich vom Begr\u00fcnder\/Founder Justo Dieguez ausgebildet und gepr\u00fcft sind.<\/p>\n<h3><\/h3>\n<h3><\/h3>\n<h3><span style=\"color: #ff6600;\">W\u00e4hrend dem ersten Jahr des Ausbildungsprogramms D.I.M.A.:<\/span><\/h3>\n<ul>\n<li>Der Instruktor ist nicht berechtigt die Keysi Methode zu unterrichten (Ausgenommen die vom Begr\u00fcnder Justo Dieguez befugten Instruktoren).<\/li>\n<li>Sobald man als Instructor Aprendice zertifiziert ist, darf man NUR die Inhalte (Grade) unterrichten in welchen man gepr\u00fcft worden ist.<\/li>\n<li>Diese Vorgehensweise setzt sich fort in der ganzen Ausbildungsstruktur.<\/li>\n<li>Nach dem Abschluss des ersten Ausbildungsjahres ist man verpflichtet zu unterrichten um in der n\u00e4chsten D.I.M.A. Ausgebildet zu werden.<\/li>\n<\/ul>\n<h3><\/h3>\n<h3><span style=\"color: #ff6600;\"><strong>Keysi World Companie:<\/strong><\/span><\/h3>\n<p>A \u2013 H\u00e4ndigt aus dem Instruktor Aprendice die Lizenz (Zertifikat) und Ausweis in den gepr\u00fcften Nivel (Grad).<\/p>\n<p>B \u2013 Bietet den Instruktor Aprendice eine distinktive Auszeichnung in Form einer Plakette, wenn er als INSTRUCTOR zertifiziert wird.<\/p>\n<p>C \u2013 Bietet dem Instruktor Aprendice seine pers\u00f6nlichen Web-Zugang zu den privaten Bereich der offiziellen Homepage, welches ihm erm\u00f6glichen die Nutzung der Merchandising und der Datenbank.<\/p>\n<p>D &#8211; Bietet dem Instruktor Aprendice die notwendigen Unterrichts- und Trainingseinheiten aufbauend und entsprechen des Niveaus (Grades), durch den Einheiten welche in jedem Land angeboten werden. Diese werden geplant und ausgerichtet vom Keysi World Office.<\/p>\n<p>E &#8211; Bietet dem Instruktor Aprendice die technischen Videos, eingeteilt in Grade und Unterrichtunterlagen in PDF- Format online in sein privaten Zugang.<\/p>\n<\/div><\/section><\/div><div  class='hr av-av_hr-dcd2069817a0e3d34ae04cad8f3443c7 hr-default  avia-builder-el-18  el_after_av_one_full  avia-builder-el-last '><span class='hr-inner '><span class=\"hr-inner-style\"><\/span><\/span><\/div>\n","protected":false},"excerpt":{"rendered":"","protected":false},"author":1,"featured_media":0,"parent":0,"menu_order":0,"comment_status":"closed","ping_status":"closed","template":"","meta":{"_acf_changed":false,"footnotes":""},"class_list":["post-946","page","type-page","status-publish","hentry"],"acf":[],"_links":{"self":[{"href":"https:\/\/www.keysiworld.com\/de\/wp-json\/wp\/v2\/pages\/946","targetHints":{"allow":["GET"]}}],"collection":[{"href":"https:\/\/www.keysiworld.com\/de\/wp-json\/wp\/v2\/pages"}],"about":[{"href":"https:\/\/www.keysiworld.com\/de\/wp-json\/wp\/v2\/types\/page"}],"author":[{"embeddable":true,"href":"https:\/\/www.keysiworld.com\/de\/wp-json\/wp\/v2\/users\/1"}],"replies":[{"embeddable":true,"href":"https:\/\/www.keysiworld.com\/de\/wp-json\/wp\/v2\/comments?post=946"}],"version-history":[{"count":0,"href":"https:\/\/www.keysiworld.com\/de\/wp-json\/wp\/v2\/pages\/946\/revisions"}],"wp:attachment":[{"href":"https:\/\/www.keysiworld.com\/de\/wp-json\/wp\/v2\/media?parent=946"}],"curies":[{"name":"wp","href":"https:\/\/api.w.org\/{rel}","templated":true}]}}