{"id":961,"date":"2017-04-11T16:17:01","date_gmt":"2017-04-11T16:17:01","guid":{"rendered":"https:\/\/www.keysiworld.com\/de\/programme-keysi\/keysi-tactical-enforcement\/"},"modified":"2025-10-26T23:56:41","modified_gmt":"2025-10-26T22:56:41","slug":"keysi-tactical-enforcement","status":"publish","type":"page","link":"https:\/\/www.keysiworld.com\/de\/programme-keysi\/keysi-tactical-enforcement\/","title":{"rendered":"Keysi Tactical Enforcement"},"content":{"rendered":"<div id='layer_slider_1'  class='avia-layerslider main_color avia-shadow  avia-builder-el-0  el_before_av_one_half  avia-builder-el-first  container_wrap sidebar_right'  style='height: 351px; max-width: 1410px; margin: 0 auto;'  ><\/div><div id='after_layer_slider_1'  class='main_color av_default_container_wrap container_wrap sidebar_right'  ><div class='container av-section-cont-open' ><div class='template-page content  av-content-small alpha units'><div class='post-entry post-entry-type-page post-entry-961'><div class='entry-content-wrapper clearfix'>\n\n<style type=\"text\/css\" data-created_by=\"avia_inline_auto\" id=\"style-css-av-av_one_half-6126cab7d8fab8d08143dd2dacdf673c\">\n.flex_column.av-av_one_half-6126cab7d8fab8d08143dd2dacdf673c{\nborder-radius:0px 0px 0px 0px;\npadding:0px 0px 0px 0px;\n}\n<\/style>\n<div  class='flex_column av-av_one_half-6126cab7d8fab8d08143dd2dacdf673c av_one_half  avia-builder-el-1  el_after_av_layerslider  el_before_av_one_half  avia-builder-el-first  first flex_column_div av-zero-column-padding  '     ><section  class='av_textblock_section av-av_textblock-396ddf1f42196ca838231e61a4602801 '   itemscope=\"itemscope\" itemtype=\"https:\/\/schema.org\/CreativeWork\" ><div class='avia_textblock'  itemprop=\"text\" ><p><strong>KEYSI TACTICAL &amp; LAW ENFORCEMENT<\/strong>\u00a0ist ein Programm zur professionellen Aus- und Weiterbildung von Polizei, Justiz und allen Arten von staatlichen oder privaten Sicherheitsorganen.<\/p>\n<p><strong>KEYSI TACTICAL &amp; LAW ENFORCEMENT<\/strong> basiert auf der Erforschung und der Entwicklung von L\u00f6sungsstrategien f\u00fcr Situationen mit denen Polizei und Sicherheitsorgane in extremen Situationen konfrontiert werden.<\/p>\n<p>Polizei und Sicherheitsorgane m\u00fcssen bei Konflikten in der Lage sein die auftretenden Probleme in jeglicher Hinsicht zu kontrollieren und zu beherrschen beziehungsweise die Kontrolle zur\u00fcck zu erlangen. Das <strong>KEYSI TACTICAL &amp; LAW ENFORCEMENT <\/strong>Programm bietet die n\u00f6tige Struktur um sich auf die verschiedenen Einsatzlagen vorzubereiten.<\/p>\n<p>Alle Aspekte von Kontakt und Kontrolle (u. a. Konfliktmanagement und Deeskalationstechniken), sowie defensive (z. B. Selbstschutz) und offensive (u. a. mit Hilfsmitteln) Taktiken, werden unter Ber\u00fccksichtigung der Verh\u00e4ltnism\u00e4\u00dfigkeit der Mittel, geschult und stetig auf deren Funktionalit\u00e4t hin \u00fcberpr\u00fcft. Damit kann sich <strong>KEYSI TACTICAL &amp; LAW ENFORCEMENT<\/strong> flexibel an jeden Bedarfs- und Einsatzbereich anpassen, wobei schon vorhandene Mittel perfekt zu integrieren sind.<\/p>\n<\/div><\/section><\/div>\n\n<style type=\"text\/css\" data-created_by=\"avia_inline_auto\" id=\"style-css-av-av_one_half-0aa7055fe62c3622faec82866afbaeb2\">\n.flex_column.av-av_one_half-0aa7055fe62c3622faec82866afbaeb2{\nborder-radius:0px 0px 0px 0px;\npadding:0px 0px 0px 0px;\n}\n<\/style>\n<div  class='flex_column av-av_one_half-0aa7055fe62c3622faec82866afbaeb2 av_one_half  avia-builder-el-3  el_after_av_one_half  el_before_av_one_half  flex_column_div av-zero-column-padding  '     ><style type=\"text\/css\" data-created_by=\"avia_inline_auto\" id=\"style-css-av-av_image-f094625eb5a8de514c9f68b98143aab7\">\n.avia-image-container.av-av_image-f094625eb5a8de514c9f68b98143aab7 img.avia_image{\nbox-shadow:none;\n}\n.avia-image-container.av-av_image-f094625eb5a8de514c9f68b98143aab7 .av-image-caption-overlay-center{\ncolor:#ffffff;\n}\n<\/style>\n<div  class='avia-image-container av-av_image-f094625eb5a8de514c9f68b98143aab7 av-styling- avia-align-center  avia-builder-el-4  avia-builder-el-no-sibling '   itemprop=\"image\" itemscope=\"itemscope\" itemtype=\"https:\/\/schema.org\/ImageObject\" ><div class=\"avia-image-container-inner\"><div class=\"avia-image-overlay-wrap\"><img decoding=\"async\" fetchpriority=\"high\" class='wp-image-4503 avia-img-lazy-loading-not-4503 avia_image ' src=\"https:\/\/www.keysiworld.com\/wp-content\/uploads\/2017\/04\/policia1.jpg\" alt='' title='policia1'  height=\"600\" width=\"1000\"  itemprop=\"thumbnailUrl\" srcset=\"https:\/\/www.keysiworld.com\/wp-content\/uploads\/2017\/04\/policia1.jpg 1000w, https:\/\/www.keysiworld.com\/wp-content\/uploads\/2017\/04\/policia1-450x270.jpg 450w, https:\/\/www.keysiworld.com\/wp-content\/uploads\/2017\/04\/policia1-800x480.jpg 800w, https:\/\/www.keysiworld.com\/wp-content\/uploads\/2017\/04\/policia1-768x461.jpg 768w, https:\/\/www.keysiworld.com\/wp-content\/uploads\/2017\/04\/policia1-705x423.jpg 705w\" sizes=\"(max-width: 1000px) 100vw, 1000px\" \/><\/div><\/div><\/div><\/div>\n\n<style type=\"text\/css\" data-created_by=\"avia_inline_auto\" id=\"style-css-av-av_one_half-6126cab7d8fab8d08143dd2dacdf673c\">\n.flex_column.av-av_one_half-6126cab7d8fab8d08143dd2dacdf673c{\nborder-radius:0px 0px 0px 0px;\npadding:0px 0px 0px 0px;\n}\n<\/style>\n<div  class='flex_column av-av_one_half-6126cab7d8fab8d08143dd2dacdf673c av_one_half  avia-builder-el-5  el_after_av_one_half  el_before_av_one_half  first flex_column_div av-zero-column-padding  column-top-margin'     ><style type=\"text\/css\" data-created_by=\"avia_inline_auto\" id=\"style-css-av-av_image-a59c56d5e704bebe5b7988210a506c32\">\n.avia-image-container.av-av_image-a59c56d5e704bebe5b7988210a506c32 img.avia_image{\nbox-shadow:none;\n}\n.avia-image-container.av-av_image-a59c56d5e704bebe5b7988210a506c32 .av-image-caption-overlay-center{\ncolor:#ffffff;\n}\n<\/style>\n<div  class='avia-image-container av-av_image-a59c56d5e704bebe5b7988210a506c32 av-styling- avia-align-center  avia-builder-el-6  avia-builder-el-no-sibling '   itemprop=\"image\" itemscope=\"itemscope\" itemtype=\"https:\/\/schema.org\/ImageObject\" ><div class=\"avia-image-container-inner\"><div class=\"avia-image-overlay-wrap\"><img decoding=\"async\" fetchpriority=\"high\" class='wp-image-4647 avia-img-lazy-loading-not-4647 avia_image ' src=\"https:\/\/www.keysiworld.com\/wp-content\/uploads\/2017\/04\/Keysi-Tactical.jpg\" alt='' title='Keysi Tactical'  height=\"636\" width=\"960\"  itemprop=\"thumbnailUrl\" srcset=\"https:\/\/www.keysiworld.com\/wp-content\/uploads\/2017\/04\/Keysi-Tactical.jpg 960w, https:\/\/www.keysiworld.com\/wp-content\/uploads\/2017\/04\/Keysi-Tactical-450x298.jpg 450w, https:\/\/www.keysiworld.com\/wp-content\/uploads\/2017\/04\/Keysi-Tactical-800x530.jpg 800w, https:\/\/www.keysiworld.com\/wp-content\/uploads\/2017\/04\/Keysi-Tactical-768x509.jpg 768w, https:\/\/www.keysiworld.com\/wp-content\/uploads\/2017\/04\/Keysi-Tactical-705x467.jpg 705w\" sizes=\"(max-width: 960px) 100vw, 960px\" \/><\/div><\/div><\/div><\/div>\n\n<style type=\"text\/css\" data-created_by=\"avia_inline_auto\" id=\"style-css-av-av_one_half-0aa7055fe62c3622faec82866afbaeb2\">\n.flex_column.av-av_one_half-0aa7055fe62c3622faec82866afbaeb2{\nborder-radius:0px 0px 0px 0px;\npadding:0px 0px 0px 0px;\n}\n<\/style>\n<div  class='flex_column av-av_one_half-0aa7055fe62c3622faec82866afbaeb2 av_one_half  avia-builder-el-7  el_after_av_one_half  el_before_av_one_fifth  flex_column_div av-zero-column-padding  column-top-margin'     ><section  class='av_textblock_section av-av_textblock-396ddf1f42196ca838231e61a4602801 '   itemscope=\"itemscope\" itemtype=\"https:\/\/schema.org\/CreativeWork\" ><div class='avia_textblock'  itemprop=\"text\" ><p>Keysi TACTICAL Enforcement basiert auf der Analyse der brutalsten und gnadenlosesten Anteile menschlichen Verhaltens. Dadurch erlangen wir ein besseres Verst\u00e4ndnis f\u00fcr die Gewalt mit der Polizei und Sicherheitsorgane konfrontiert werden.<\/p>\n<p>Keysi TACTICAL Enforcement lehrt Polizei und Sicherheitsorgane die optimale Art und Weise psychologisch und emotional mit dieser Gewalt und den Gewaltt\u00e4tern umzugehen. Bei der Ausbildung st\u00fctzen wir uns auf realistisches Training in Szenarien um eine m\u00f6glichst hohe Ann\u00e4herung an den Ernstfall im Einsatz zu erreichen.<br \/>\nDas Keysi TACTICAL Enforcement Programm richten sich an: Alle Polizeibeh\u00f6rden, Zoll, Justiz, Ordnungsamt, Milit\u00e4r,Spezialeinheiten, Sicherheitsdienste, Ermittlungs- und Vollstreckungsbeh\u00f6rden und alle im \u00f6ffentlichen Raum t\u00e4tigen Organisationen auch z.B. Rettungsdienste, Feuerwehr usw.<\/p>\n<p>Dabei wird immer auch beachtet unter welchen Einsatzbedingungen und mit welchen rechtlichen Rahmenbedingungen gearbeitet wird. Das Keysi TACTICAL Enforcement Programm nutzt die p\u00e4dagogische Philosophie und die Struktur von Keysi by Justo Dieguez und passt diese an die Bed\u00fcrfnisse von Polizei und Sicherheitsorganen an.<\/p>\n<\/div><\/section><\/div>\n\n<style type=\"text\/css\" data-created_by=\"avia_inline_auto\" id=\"style-css-av-av_one_fifth-6126cab7d8fab8d08143dd2dacdf673c\">\n.flex_column.av-av_one_fifth-6126cab7d8fab8d08143dd2dacdf673c{\nborder-radius:0px 0px 0px 0px;\npadding:0px 0px 0px 0px;\n}\n<\/style>\n<div  class='flex_column av-av_one_fifth-6126cab7d8fab8d08143dd2dacdf673c av_one_fifth  avia-builder-el-9  el_after_av_one_half  el_before_av_three_fifth  first flex_column_div av-zero-column-padding  column-top-margin'     ><\/div>\n\n<style type=\"text\/css\" data-created_by=\"avia_inline_auto\" id=\"style-css-av-av_three_fifth-0aa7055fe62c3622faec82866afbaeb2\">\n.flex_column.av-av_three_fifth-0aa7055fe62c3622faec82866afbaeb2{\nborder-radius:0px 0px 0px 0px;\npadding:0px 0px 0px 0px;\n}\n<\/style>\n<div  class='flex_column av-av_three_fifth-0aa7055fe62c3622faec82866afbaeb2 av_three_fifth  avia-builder-el-10  el_after_av_one_fifth  el_before_av_one_fifth  flex_column_div av-zero-column-padding  column-top-margin'     ><div  class='avia-button-wrap avia-button-center  avia-builder-el-11  avia-builder-el-no-sibling '>\n<style type=\"text\/css\" data-created_by=\"avia_inline_auto\" id=\"style-css-av-av_button_big-2746667c265747cc9d061e1fa580e349\">\n#top #wrap_all .avia-button.av-av_button_big-2746667c265747cc9d061e1fa580e349:hover{\ncolor:white;\ntransition:all 0.4s ease-in-out;\n}\n#top #wrap_all .avia-button.av-av_button_big-2746667c265747cc9d061e1fa580e349:hover .avia-svg-icon svg:first-child{\nfill:white;\nstroke:white;\n}\n<\/style>\n<a href='https:\/\/www.keysiworld.com\/de\/kontakt\/' class='avia-color-theme-color avia-font-color-theme-color avia-button avia-button-fullwidth av-av_button_big-2746667c265747cc9d061e1fa580e349 avia-icon_select-yes-left-icon avia-color-theme-color'   aria-label=\"Schreibe uns, um weitere Informationen zu erhalten.\"><span class='avia_button_icon avia_button_icon_left avia-svg-icon avia-font-svg_entypo-fontello' data-av_svg_icon='mail' data-av_iconset='svg_entypo-fontello'><svg version=\"1.1\" xmlns=\"http:\/\/www.w3.org\/2000\/svg\" width=\"29\" height=\"32\" viewBox=\"0 0 29 32\" preserveAspectRatio=\"xMidYMid meet\" aria-labelledby='av-svg-title-1' aria-describedby='av-svg-desc-1' role=\"graphics-symbol\">\n<title id='av-svg-title-1'>Mail<\/title>\n<desc id='av-svg-desc-1'>Mail<\/desc>\n<path d=\"M0.96 8.448q-1.024-0.576-0.896-1.28 0.064-0.448 0.832-0.448h27.072q1.216 0 0.64 1.024-0.256 0.448-0.768 0.704-0.448 0.192-6.144 3.264t-5.824 3.136q-0.512 0.32-1.472 0.32-0.896 0-1.472-0.32-0.128-0.064-5.824-3.136t-6.144-3.264zM28.16 11.648q0.64-0.32 0.64 0.32v11.776q0 0.512-0.544 1.024t-1.056 0.512h-25.6q-0.512 0-1.056-0.512t-0.544-1.024v-11.776q0-0.64 0.64-0.32l12.288 6.4q0.576 0.32 1.472 0.32t1.472-0.32z\"><\/path>\n<\/svg><\/span><span class='avia_iconbox_title' >Schreibe uns, um weitere Informationen zu erhalten.<\/span><span class='avia_button_background avia-button avia-button-fullwidth avia-color-theme-color-highlight'><\/span><\/a><\/div><\/div>\n<style type=\"text\/css\" data-created_by=\"avia_inline_auto\" id=\"style-css-av-av_one_fifth-0aa7055fe62c3622faec82866afbaeb2\">\n.flex_column.av-av_one_fifth-0aa7055fe62c3622faec82866afbaeb2{\nborder-radius:0px 0px 0px 0px;\npadding:0px 0px 0px 0px;\n}\n<\/style>\n<div  class='flex_column av-av_one_fifth-0aa7055fe62c3622faec82866afbaeb2 av_one_fifth  avia-builder-el-12  el_after_av_three_fifth  avia-builder-el-last  flex_column_div av-zero-column-padding  column-top-margin'     ><\/div>\n","protected":false},"excerpt":{"rendered":"","protected":false},"author":117,"featured_media":0,"parent":923,"menu_order":0,"comment_status":"closed","ping_status":"closed","template":"","meta":{"_acf_changed":false,"footnotes":""},"class_list":["post-961","page","type-page","status-publish","hentry"],"acf":[],"_links":{"self":[{"href":"https:\/\/www.keysiworld.com\/de\/wp-json\/wp\/v2\/pages\/961","targetHints":{"allow":["GET"]}}],"collection":[{"href":"https:\/\/www.keysiworld.com\/de\/wp-json\/wp\/v2\/pages"}],"about":[{"href":"https:\/\/www.keysiworld.com\/de\/wp-json\/wp\/v2\/types\/page"}],"author":[{"embeddable":true,"href":"https:\/\/www.keysiworld.com\/de\/wp-json\/wp\/v2\/users\/117"}],"replies":[{"embeddable":true,"href":"https:\/\/www.keysiworld.com\/de\/wp-json\/wp\/v2\/comments?post=961"}],"version-history":[{"count":0,"href":"https:\/\/www.keysiworld.com\/de\/wp-json\/wp\/v2\/pages\/961\/revisions"}],"up":[{"embeddable":true,"href":"https:\/\/www.keysiworld.com\/de\/wp-json\/wp\/v2\/pages\/923"}],"wp:attachment":[{"href":"https:\/\/www.keysiworld.com\/de\/wp-json\/wp\/v2\/media?parent=961"}],"curies":[{"name":"wp","href":"https:\/\/api.w.org\/{rel}","templated":true}]}}