{"id":1279,"date":"2017-05-23T15:52:42","date_gmt":"2017-05-23T15:52:42","guid":{"rendered":"https:\/\/www.keysiworld.com\/?page_id=1279"},"modified":"2025-10-27T00:10:46","modified_gmt":"2025-10-26T23:10:46","slug":"formacion","status":"publish","type":"page","link":"https:\/\/www.keysiworld.com\/es\/formacion\/","title":{"rendered":"Formaci\u00f3n"},"content":{"rendered":"\n<style type=\"text\/css\" data-created_by=\"avia_inline_auto\" id=\"style-css-av-1d2bci7-4753f344229fadd04ffb9d4dc7ec4122\">\n.flex_column.av-1d2bci7-4753f344229fadd04ffb9d4dc7ec4122{\nborder-radius:0px 0px 0px 0px;\npadding:0px 0px 0px 0px;\n}\n<\/style>\n<div  class='flex_column av-1d2bci7-4753f344229fadd04ffb9d4dc7ec4122 av_one_full  avia-builder-el-0  el_before_av_hr  avia-builder-el-first  first flex_column_div av-zero-column-padding  '     ><style type=\"text\/css\" data-created_by=\"avia_inline_auto\" id=\"style-css-av-1allbxr-79b8bd0c941a59b95ef05ab9f0a39944\">\n.avia-image-container.av-1allbxr-79b8bd0c941a59b95ef05ab9f0a39944 img.avia_image{\nbox-shadow:none;\n}\n.avia-image-container.av-1allbxr-79b8bd0c941a59b95ef05ab9f0a39944 .av-image-caption-overlay-center{\ncolor:#ffffff;\n}\n<\/style>\n<div  class='avia-image-container av-1allbxr-79b8bd0c941a59b95ef05ab9f0a39944 av-styling- avia-align-center  avia-builder-el-1  avia-builder-el-no-sibling '   itemprop=\"image\" itemscope=\"itemscope\" itemtype=\"https:\/\/schema.org\/ImageObject\" ><div class=\"avia-image-container-inner\"><div class=\"avia-image-overlay-wrap\"><img decoding=\"async\" fetchpriority=\"high\" class='wp-image-7801 avia-img-lazy-loading-not-7801 avia_image ' src=\"https:\/\/www.keysiworld.com\/wp-content\/uploads\/2019\/04\/slider-800x451.jpg\" alt='' title='slider'  height=\"451\" width=\"800\"  itemprop=\"thumbnailUrl\" srcset=\"https:\/\/www.keysiworld.com\/wp-content\/uploads\/2019\/04\/slider-800x451.jpg 800w, https:\/\/www.keysiworld.com\/wp-content\/uploads\/2019\/04\/slider-768x433.jpg 768w, https:\/\/www.keysiworld.com\/wp-content\/uploads\/2019\/04\/slider-1030x580.jpg 1030w, https:\/\/www.keysiworld.com\/wp-content\/uploads\/2019\/04\/slider-1500x845.jpg 1500w, https:\/\/www.keysiworld.com\/wp-content\/uploads\/2019\/04\/slider-705x397.jpg 705w, https:\/\/www.keysiworld.com\/wp-content\/uploads\/2019\/04\/slider-450x254.jpg 450w\" sizes=\"(max-width: 800px) 100vw, 800px\" \/><\/div><\/div><\/div><\/div>\n\n<style type=\"text\/css\" data-created_by=\"avia_inline_auto\" id=\"style-css-av-4ioxr3-2edab27d3d464b4bd26b03460b737cdf\">\n#top .hr.hr-invisible.av-4ioxr3-2edab27d3d464b4bd26b03460b737cdf{\nheight:40px;\n}\n<\/style>\n<div  class='hr av-4ioxr3-2edab27d3d464b4bd26b03460b737cdf hr-invisible  avia-builder-el-2  el_after_av_one_full  el_before_av_one_full '><span class='hr-inner '><span class=\"hr-inner-style\"><\/span><\/span><\/div>\n\n<style type=\"text\/css\" data-created_by=\"avia_inline_auto\" id=\"style-css-av-18iv7sv-9103a2d6b5f7aa357fcb2aa14ce324c4\">\n.flex_column.av-18iv7sv-9103a2d6b5f7aa357fcb2aa14ce324c4{\nborder-radius:0px 0px 0px 0px;\npadding:0px 0px 0px 0px;\n}\n<\/style>\n<div  class='flex_column av-18iv7sv-9103a2d6b5f7aa357fcb2aa14ce324c4 av_one_full  avia-builder-el-3  el_after_av_hr  el_before_av_one_half  first flex_column_div av-zero-column-padding  '     ><section  class='av_textblock_section av-16qdr9r-16d0bb0d7e4013435a905a494e659da8 '   itemscope=\"itemscope\" itemtype=\"https:\/\/schema.org\/CreativeWork\" ><div class='avia_textblock'  itemprop=\"text\" ><h3 style=\"text-align: center;\"><em>Keysi est\u00e1 dise\u00f1ado como una evoluci\u00f3n continua en el campo del crecimiento personal y la autodefensa.<\/em><\/h3>\n<h3 style=\"text-align: center;\"><em>Cada d\u00eda se exige una mayor PROFESIONALIDAD al Instructor, al Club y al Gimnasio.<\/em><\/h3>\n<\/div><\/section><\/div>\n\n<style type=\"text\/css\" data-created_by=\"avia_inline_auto\" id=\"style-css-av-13yixov-126836641a9c92d0c968214f8c30d396\">\n.flex_column.av-13yixov-126836641a9c92d0c968214f8c30d396{\nborder-radius:0px 0px 0px 0px;\npadding:0px 0px 0px 0px;\n}\n<\/style>\n<div  class='flex_column av-13yixov-126836641a9c92d0c968214f8c30d396 av_one_half  avia-builder-el-5  el_after_av_one_full  el_before_av_one_half  first flex_column_div av-zero-column-padding  column-top-margin'     ><p><section  class='av_textblock_section av-13ee9q7-34ecceb108ec41440d1b096cc709318d '   itemscope=\"itemscope\" itemtype=\"https:\/\/schema.org\/CreativeWork\" ><div class='avia_textblock'  itemprop=\"text\" ><p>El M\u00e9todo Keysi est\u00e1 considerablemente lejos de lo usual y tradicional, un M\u00e9todo estructurado para entender el desaf\u00edo extremo del mayor depredador sobre la tierra.<\/p>\n<p>Keysi es un cambio Radical y extremo en la visi\u00f3n y entendimiento de la delincuencia Urbana. Keysi no es un deporte, <strong>Keysi es Defensa Personal Urbana<\/strong>.<\/p>\n<\/div><\/section><br \/>\n<section  class='av_textblock_section av-3q3hkf-629622974eef3bfddd5e6f40de623145 '   itemscope=\"itemscope\" itemtype=\"https:\/\/schema.org\/CreativeWork\" ><div class='avia_textblock'  itemprop=\"text\" ><p><strong>Keysi World te ofrece 4 lineas de negocio:<\/strong><\/p>\n<h3><strong>1\u00aa <\/strong><strong>LOS PROGRAMAS:<\/strong><\/h3>\n<ul>\n<li><strong>Keysi FIGHTING Method<\/strong><\/li>\n<li><strong>Keysi Kids<\/strong><\/li>\n<li><strong>Keysi TACTICAL &amp; LAW Enforcement<\/strong><\/li>\n<li><strong>Keysi MOVIE Action<\/strong><\/li>\n<\/ul>\n<\/div><\/section><\/p><\/div>\n\n<style type=\"text\/css\" data-created_by=\"avia_inline_auto\" id=\"style-css-av-yxmsyn-6408de86aa1ecf65463c70a7b614f1a0\">\n.flex_column.av-yxmsyn-6408de86aa1ecf65463c70a7b614f1a0{\nborder-radius:0px 0px 0px 0px;\npadding:0px 0px 0px 0px;\n}\n<\/style>\n<div  class='flex_column av-yxmsyn-6408de86aa1ecf65463c70a7b614f1a0 av_one_half  avia-builder-el-8  el_after_av_one_half  el_before_av_one_half  flex_column_div av-zero-column-padding  column-top-margin'     ><style type=\"text\/css\" data-created_by=\"avia_inline_auto\" id=\"style-css-av-ymifdr-216a2479a4865c6a0ba69e8011418ff3\">\n.avia-image-container.av-ymifdr-216a2479a4865c6a0ba69e8011418ff3 img.avia_image{\nbox-shadow:none;\n}\n.avia-image-container.av-ymifdr-216a2479a4865c6a0ba69e8011418ff3 .av-image-caption-overlay-center{\ncolor:#ffffff;\n}\n<\/style>\n<div  class='avia-image-container av-ymifdr-216a2479a4865c6a0ba69e8011418ff3 av-styling- avia-align-center  avia-builder-el-9  avia-builder-el-no-sibling '   itemprop=\"image\" itemscope=\"itemscope\" itemtype=\"https:\/\/schema.org\/ImageObject\" ><div class=\"avia-image-container-inner\"><div class=\"avia-image-overlay-wrap\"><img decoding=\"async\" fetchpriority=\"high\" class='wp-image-4789 avia-img-lazy-loading-not-4789 avia_image ' src=\"https:\/\/www.keysiworld.com\/wp-content\/uploads\/2017\/05\/formaciom-1.jpg\" alt='' title='formaciom'  height=\"600\" width=\"1000\"  itemprop=\"thumbnailUrl\" srcset=\"https:\/\/www.keysiworld.com\/wp-content\/uploads\/2017\/05\/formaciom-1.jpg 1000w, https:\/\/www.keysiworld.com\/wp-content\/uploads\/2017\/05\/formaciom-1-450x270.jpg 450w, https:\/\/www.keysiworld.com\/wp-content\/uploads\/2017\/05\/formaciom-1-800x480.jpg 800w, https:\/\/www.keysiworld.com\/wp-content\/uploads\/2017\/05\/formaciom-1-768x461.jpg 768w, https:\/\/www.keysiworld.com\/wp-content\/uploads\/2017\/05\/formaciom-1-705x423.jpg 705w\" sizes=\"(max-width: 1000px) 100vw, 1000px\" \/><\/div><\/div><\/div><\/div>\n\n<style type=\"text\/css\" data-created_by=\"avia_inline_auto\" id=\"style-css-av-x1tbfz-8f920f18941c3e386af2568af60dd1b8\">\n.flex_column.av-x1tbfz-8f920f18941c3e386af2568af60dd1b8{\nborder-radius:0px 0px 0px 0px;\npadding:0px 0px 0px 0px;\n}\n<\/style>\n<div  class='flex_column av-x1tbfz-8f920f18941c3e386af2568af60dd1b8 av_one_half  avia-builder-el-10  el_after_av_one_half  el_before_av_one_half  first flex_column_div av-zero-column-padding  column-top-margin'     ><section  class='av_textblock_section av-u3zinz-e98c32ff96f105642b68e633ab1c8438 '   itemscope=\"itemscope\" itemtype=\"https:\/\/schema.org\/CreativeWork\" ><div class='avia_textblock'  itemprop=\"text\" ><p><strong>EL INSTRUCTOR:<\/strong><\/p>\n<p>Recibir\u00e1s un servicio exclusivo en tu formaci\u00f3n como Instructor, con una educaci\u00f3n dirigida a la ense\u00f1anza en primera persona. Podr\u00e1s disfrutar de primeras experiencias en nuestras academias, con grupos de ense\u00f1anza donde aprender\u00e1s los conceptos y principios m\u00e1s b\u00e1sicos e importantes de Keysi para lograr tu exitosa carrera como instructor, form\u00e1ndote para que seas un modelo a seguir.<\/p>\n<p><strong>ENTRENAMIENTO DIRECTO:<\/strong><\/p>\n<ul>\n<li>\u00danete ahora a nuestro programa de formaci\u00f3n de instructores en l\u00ednea.<\/li>\n<li>Obt\u00e9n tu acceso a la formaci\u00f3n de primera mano del hombre principal, el creador y fundador, Justo Dieguez y su equipo de profesionales: El equipo internacional m\u00e1s importante Jessica Dieguez y Bogdan Suciu.<\/li>\n<li>No te pierdas esta oportunidad, as\u00ed que reserva tu plaza ahora y se parte de nuestro equipo internacional de instructores profesionales.<\/li>\n<li>\u00a1\u00danete a nosotros hoy completando el siguiente <a href=\"#instructorrequest\">formulario<\/a> o para hacer m\u00e1s preguntas!<\/li>\n<\/ul>\n<div id=\"simple-translate\" class=\"simple-translate-dark-theme\">\n<div>\n<div class=\"simple-translate-button isShow\" style=\"background-image: url('moz-extension:\/\/70f10de4-6e94-487a-85a3-eeadf7250d5c\/icons\/512.png'); height: 22px; width: 22px; top: 243px; left: 174px;\"><\/div>\n<div class=\"simple-translate-panel \" style=\"width: 300px; height: 200px; top: 0px; left: 0px; font-size: 13px;\">\n<div class=\"simple-translate-result-wrapper\" style=\"overflow: hidden;\">\n<div class=\"simple-translate-move\" draggable=\"true\"><\/div>\n<div class=\"simple-translate-result-contents\">\n<p class=\"simple-translate-candidate\" dir=\"auto\">\n<\/div>\n<\/div>\n<\/div>\n<\/div>\n<\/div>\n<\/div><\/section><\/div>\n\n<style type=\"text\/css\" data-created_by=\"avia_inline_auto\" id=\"style-css-av-tlai9r-d891f1ec82e4cf194f90c394a51d4aa4\">\n.flex_column.av-tlai9r-d891f1ec82e4cf194f90c394a51d4aa4{\nborder-radius:0px 0px 0px 0px;\npadding:0px 0px 0px 0px;\n}\n<\/style>\n<div  class='flex_column av-tlai9r-d891f1ec82e4cf194f90c394a51d4aa4 av_one_half  avia-builder-el-12  el_after_av_one_half  el_before_av_one_half  flex_column_div av-zero-column-padding  column-top-margin'     ><style type=\"text\/css\" data-created_by=\"avia_inline_auto\" id=\"style-css-av-r5qprj-b137f55f52cd1adc1a5eefc69c62f3b9\">\n.avia-image-container.av-r5qprj-b137f55f52cd1adc1a5eefc69c62f3b9 img.avia_image{\nbox-shadow:none;\n}\n.avia-image-container.av-r5qprj-b137f55f52cd1adc1a5eefc69c62f3b9 .av-image-caption-overlay-center{\ncolor:#ffffff;\n}\n<\/style>\n<div  class='avia-image-container av-r5qprj-b137f55f52cd1adc1a5eefc69c62f3b9 av-styling- avia-align-center  avia-builder-el-13  avia-builder-el-no-sibling '   itemprop=\"image\" itemscope=\"itemscope\" itemtype=\"https:\/\/schema.org\/ImageObject\" ><div class=\"avia-image-container-inner\"><div class=\"avia-image-overlay-wrap\"><img decoding=\"async\" fetchpriority=\"high\" class='wp-image-4521 avia-img-lazy-loading-not-4521 avia_image ' src=\"https:\/\/www.keysiworld.com\/wp-content\/uploads\/2017\/05\/formacion.jpg\" alt='' title='formacion'  height=\"600\" width=\"1000\"  itemprop=\"thumbnailUrl\" srcset=\"https:\/\/www.keysiworld.com\/wp-content\/uploads\/2017\/05\/formacion.jpg 1000w, https:\/\/www.keysiworld.com\/wp-content\/uploads\/2017\/05\/formacion-450x270.jpg 450w, https:\/\/www.keysiworld.com\/wp-content\/uploads\/2017\/05\/formacion-800x480.jpg 800w, https:\/\/www.keysiworld.com\/wp-content\/uploads\/2017\/05\/formacion-768x461.jpg 768w, https:\/\/www.keysiworld.com\/wp-content\/uploads\/2017\/05\/formacion-705x423.jpg 705w\" sizes=\"(max-width: 1000px) 100vw, 1000px\" \/><\/div><\/div><\/div><\/div>\n\n<style type=\"text\/css\" data-created_by=\"avia_inline_auto\" id=\"style-css-av-pivswf-1515854658f02e0c037997a41db16f43\">\n.flex_column.av-pivswf-1515854658f02e0c037997a41db16f43{\nborder-radius:0px 0px 0px 0px;\npadding:0px 0px 0px 0px;\n}\n<\/style>\n<div  class='flex_column av-pivswf-1515854658f02e0c037997a41db16f43 av_one_half  avia-builder-el-14  el_after_av_one_half  el_before_av_one_half  first flex_column_div av-zero-column-padding  column-top-margin'     ><section  class='av_textblock_section av-ok5swf-aeb50d8e49ed8ff561b6fff7fc887234 '   itemscope=\"itemscope\" itemtype=\"https:\/\/schema.org\/CreativeWork\" ><div class='avia_textblock'  itemprop=\"text\" ><h3><\/h3>\n<p><strong>BENEFICIOS:<\/strong><\/p>\n<ul>\n<li>Acceso a entrenamientos regulares los fines de semana.<\/li>\n<li>Una vez finalizada la primera fase de formaci\u00f3n, el Instructor recibe el Certificado en Keysi World que lo reconoce en todo el mundo.<\/li>\n<li>Obtener el carnet de reconocimiento internacional.<\/li>\n<li>El acceso personal a la zona privada de la p\u00e1gina web de Keysi World Company.<\/li>\n<\/ul>\n<p><strong>CONTENIDOS:<\/strong><\/p>\n<ul>\n<li>Durante las clases de formaci\u00f3n como instructor desarrollamos el m\u00e9todo con bloques de pr\u00e1ctica y teor\u00eda,<\/li>\n<li>Una elaborada informaci\u00f3n basada en el estudio, an\u00e1lisis y puesta en pr\u00e1ctica (ensayo y error) para darte la mejor formaci\u00f3n en todos los niveles.<\/li>\n<li>Todo el material del curso (Manual \u2013 PDF, Videos, metodolog\u00eda y did\u00e1ctica).<\/li>\n<li>Un programa lleno de motivaci\u00f3n y aprendizaje con uno o varios Oponentes.<\/li>\n<\/ul>\n<\/div><\/section><\/div>\n\n<style type=\"text\/css\" data-created_by=\"avia_inline_auto\" id=\"style-css-av-ml02of-fa3e5c76f3277cba46bfd95fd3353451\">\n.flex_column.av-ml02of-fa3e5c76f3277cba46bfd95fd3353451{\nborder-radius:0px 0px 0px 0px;\npadding:0px 0px 0px 0px;\n}\n<\/style>\n<div  class='flex_column av-ml02of-fa3e5c76f3277cba46bfd95fd3353451 av_one_half  avia-builder-el-16  el_after_av_one_half  el_before_av_one_half  flex_column_div av-zero-column-padding  column-top-margin'     ><section  class='av_textblock_section av-k2sh3j-039f1a7a5986c7e6b03af0634c2d130b '   itemscope=\"itemscope\" itemtype=\"https:\/\/schema.org\/CreativeWork\" ><div class='avia_textblock'  itemprop=\"text\" ><h3><\/h3>\n<h3><strong>2\u00aa LOS CLUBS Y GIMNASIOS<\/strong><\/h3>\n<p>Tambi\u00e9n ofrecemos servicio a Clubs y Gimnasios los cuales obtienen la licencia para la utilizaci\u00f3n de los diferentes programas del m\u00e9todo Keysi, as\u00ed como Ropa y Material de entrenamiento, Material de Marketing y Promoci\u00f3n, garantizando una actualizaci\u00f3n peri\u00f3dica.<\/p>\n<p>Los Clubs y Gimnasios que ofrecen los servicios de Keysi World brindan a sus usuarios la Marca y la Calidad de un m\u00e9todo en Auge e Innovador, una aplicaci\u00f3n ideal para su negocio con resultados m\u00e1ximos de \u00c9XITO.<\/p>\n<p>Keysi World ofrece a los profesionales adheridos a su programa un mercado estrat\u00e9gico en pleno crecimiento.<\/p>\n<h3><\/h3>\n<h3><\/h3>\n<\/div><\/section><\/div>\n\n<style type=\"text\/css\" data-created_by=\"avia_inline_auto\" id=\"style-css-av-ikgo5b-272f8438ac0b7f9c2b0bc24b3eaacac5\">\n.flex_column.av-ikgo5b-272f8438ac0b7f9c2b0bc24b3eaacac5{\nborder-radius:0px 0px 0px 0px;\npadding:0px 0px 0px 0px;\n}\n<\/style>\n<div  class='flex_column av-ikgo5b-272f8438ac0b7f9c2b0bc24b3eaacac5 av_one_half  avia-builder-el-18  el_after_av_one_half  el_before_av_one_half  first flex_column_div av-zero-column-padding  column-top-margin'     ><style type=\"text\/css\" data-created_by=\"avia_inline_auto\" id=\"style-css-av-h1wpzj-8a661d2cafd2a03212e329106780eabf\">\n.avia-image-container.av-h1wpzj-8a661d2cafd2a03212e329106780eabf img.avia_image{\nbox-shadow:none;\n}\n.avia-image-container.av-h1wpzj-8a661d2cafd2a03212e329106780eabf .av-image-caption-overlay-center{\ncolor:#ffffff;\n}\n<\/style>\n<div  class='avia-image-container av-h1wpzj-8a661d2cafd2a03212e329106780eabf av-styling- avia-align-center  avia-builder-el-19  avia-builder-el-no-sibling '   itemprop=\"image\" itemscope=\"itemscope\" itemtype=\"https:\/\/schema.org\/ImageObject\" ><div class=\"avia-image-container-inner\"><div class=\"avia-image-overlay-wrap\"><img decoding=\"async\" fetchpriority=\"high\" class='wp-image-4637 avia-img-lazy-loading-not-4637 avia_image ' src=\"https:\/\/www.keysiworld.com\/wp-content\/uploads\/2017\/05\/otra-copia.jpg\" alt='' title='otra copia'  height=\"600\" width=\"1000\"  itemprop=\"thumbnailUrl\" srcset=\"https:\/\/www.keysiworld.com\/wp-content\/uploads\/2017\/05\/otra-copia.jpg 1000w, https:\/\/www.keysiworld.com\/wp-content\/uploads\/2017\/05\/otra-copia-450x270.jpg 450w, https:\/\/www.keysiworld.com\/wp-content\/uploads\/2017\/05\/otra-copia-800x480.jpg 800w, https:\/\/www.keysiworld.com\/wp-content\/uploads\/2017\/05\/otra-copia-768x461.jpg 768w, https:\/\/www.keysiworld.com\/wp-content\/uploads\/2017\/05\/otra-copia-705x423.jpg 705w\" sizes=\"(max-width: 1000px) 100vw, 1000px\" \/><\/div><\/div><\/div><\/div>\n\n<style type=\"text\/css\" data-created_by=\"avia_inline_auto\" id=\"style-css-av-gcwqan-4d1d6eb7c4e81b6672bf398b9ca326c5\">\n.flex_column.av-gcwqan-4d1d6eb7c4e81b6672bf398b9ca326c5{\nborder-radius:0px 0px 0px 0px;\npadding:0px 0px 0px 0px;\n}\n<\/style>\n<div  class='flex_column av-gcwqan-4d1d6eb7c4e81b6672bf398b9ca326c5 av_one_half  avia-builder-el-20  el_after_av_one_half  el_before_av_one_fifth  flex_column_div av-zero-column-padding  column-top-margin'     ><section  class='av_textblock_section av-ek9p5b-3389cc6ac96fafe976dae4d597e5d3ad '   itemscope=\"itemscope\" itemtype=\"https:\/\/schema.org\/CreativeWork\" ><div class='avia_textblock'  itemprop=\"text\" ><h3><strong>3\u00aa TIENDA ONLINE<\/strong><\/h3>\n<p>La empresa Keysi World ofrece a sus instructores y estudiantes su marca con una amplia gama exclusiva de materiales y accesorios de entrenamiento.<\/p>\n<\/div><\/section><\/div>\n\n<style type=\"text\/css\" data-created_by=\"avia_inline_auto\" id=\"style-css-av-ajm3z-6203b35cc17d9bc4602cfad9dc0184ac\">\n.flex_column.av-ajm3z-6203b35cc17d9bc4602cfad9dc0184ac{\nborder-radius:0px 0px 0px 0px;\npadding:0px 0px 0px 0px;\n}\n<\/style>\n<div  class='flex_column av-ajm3z-6203b35cc17d9bc4602cfad9dc0184ac av_one_fifth  avia-builder-el-22  el_after_av_one_half  el_before_av_three_fifth  first flex_column_div av-zero-column-padding  column-top-margin'     ><\/div>\n\n<style type=\"text\/css\" data-created_by=\"avia_inline_auto\" id=\"style-css-av-ay4k0v-d25ae611fcc1c27a01bb5feca06885dd\">\n.flex_column.av-ay4k0v-d25ae611fcc1c27a01bb5feca06885dd{\nborder-radius:0px 0px 0px 0px;\npadding:0px 0px 0px 0px;\n}\n<\/style>\n<div  class='flex_column av-ay4k0v-d25ae611fcc1c27a01bb5feca06885dd av_three_fifth  avia-builder-el-23  el_after_av_one_fifth  el_before_av_one_fifth  flex_column_div av-zero-column-padding  column-top-margin'     ><div  class='avia-video av-mh8bloep-a90fdeaa4dc6c0333d7e39facd47f8d2 avia-video-16-9 av-no-preview-image avia-video-load-always av-lazyload-immediate av-lazyload-video-embed'  itemprop=\"video\" itemtype=\"https:\/\/schema.org\/VideoObject\"  data-original_url='https:\/\/www.youtube.com\/watch?v=gHULzZrNCa4'><script type='text\/html' class='av-video-tmpl'><div class='avia-iframe-wrap'><iframe loading=\"lazy\" title=\"Keysi Fighting Method by Justo Dieguez The Essence\" width=\"1500\" height=\"844\" src=\"https:\/\/www.youtube.com\/embed\/gHULzZrNCa4?feature=oembed&autoplay=0&loop=0&controls=1&mute=0\" frameborder=\"0\" allow=\"accelerometer; autoplay; clipboard-write; encrypted-media; gyroscope; picture-in-picture; web-share\" referrerpolicy=\"strict-origin-when-cross-origin\" allowfullscreen><\/iframe><\/div><\/script><div class='av-click-to-play-overlay'><div class=\"avia_playpause_icon\"><\/div><\/div><\/div><\/div>\n<style type=\"text\/css\" data-created_by=\"avia_inline_auto\" id=\"style-css-av-4f4c4f-c27283a62e66aea404cc6953b0493ab8\">\n.flex_column.av-4f4c4f-c27283a62e66aea404cc6953b0493ab8{\nborder-radius:0px 0px 0px 0px;\npadding:0px 0px 0px 0px;\n}\n<\/style>\n<div  class='flex_column av-4f4c4f-c27283a62e66aea404cc6953b0493ab8 av_one_fifth  avia-builder-el-25  el_after_av_three_fifth  el_before_av_one_fifth  flex_column_div av-zero-column-padding  column-top-margin'     ><\/div>\n\n<style type=\"text\/css\" data-created_by=\"avia_inline_auto\" id=\"style-css-av-2dp5sv-686ced85ff87d585073d3c81808b80f3\">\n.flex_column.av-2dp5sv-686ced85ff87d585073d3c81808b80f3{\nborder-radius:0px 0px 0px 0px;\npadding:0px 0px 0px 0px;\n}\n<\/style>\n<div  class='flex_column av-2dp5sv-686ced85ff87d585073d3c81808b80f3 av_one_fifth  avia-builder-el-26  el_after_av_one_fifth  el_before_av_three_fifth  first flex_column_div av-zero-column-padding  column-top-margin'     ><\/div>\n\n<style type=\"text\/css\" data-created_by=\"avia_inline_auto\" id=\"style-css-av-5cglzz-9fb54f2973f1ba592f575736cfcacd4f\">\n.flex_column.av-5cglzz-9fb54f2973f1ba592f575736cfcacd4f{\nborder-radius:0px 0px 0px 0px;\npadding:0px 0px 0px 0px;\n}\n<\/style>\n<div  class='flex_column av-5cglzz-9fb54f2973f1ba592f575736cfcacd4f av_three_fifth  avia-builder-el-27  el_after_av_one_fifth  el_before_av_one_fifth  flex_column_div av-zero-column-padding  column-top-margin'     ><div  class='avia-button-wrap avia-button-center  avia-builder-el-28  avia-builder-el-no-sibling '>\n<style type=\"text\/css\" data-created_by=\"avia_inline_auto\" id=\"style-css-av-4wimf3-d67cb2c87831ebca3e377cd0c8fefc6c\">\n#top #wrap_all .avia-button.av-4wimf3-d67cb2c87831ebca3e377cd0c8fefc6c:hover{\ncolor:white;\ntransition:all 0.4s ease-in-out;\n}\n#top #wrap_all .avia-button.av-4wimf3-d67cb2c87831ebca3e377cd0c8fefc6c:hover .avia-svg-icon svg:first-child{\nfill:white;\nstroke:white;\n}\n<\/style>\n<a href='https:\/\/www.keysiworld.com\/es\/contacto\/' class='avia-color-theme-color avia-font-color-theme-color avia-button avia-button-fullwidth av-4wimf3-d67cb2c87831ebca3e377cd0c8fefc6c avia-icon_select-yes-left-icon avia-color-theme-color'   aria-label=\"P\u00f3ngase en contacto para obtener m\u00e1s informaci\u00f3n.\"><span class='avia_button_icon avia_button_icon_left avia-svg-icon avia-font-svg_entypo-fontello' data-av_svg_icon='mail' data-av_iconset='svg_entypo-fontello'><svg version=\"1.1\" xmlns=\"http:\/\/www.w3.org\/2000\/svg\" width=\"29\" height=\"32\" viewBox=\"0 0 29 32\" preserveAspectRatio=\"xMidYMid meet\" aria-labelledby='av-svg-title-1' aria-describedby='av-svg-desc-1' role=\"graphics-symbol\">\n<title id='av-svg-title-1'>Mail<\/title>\n<desc id='av-svg-desc-1'>Mail<\/desc>\n<path d=\"M0.96 8.448q-1.024-0.576-0.896-1.28 0.064-0.448 0.832-0.448h27.072q1.216 0 0.64 1.024-0.256 0.448-0.768 0.704-0.448 0.192-6.144 3.264t-5.824 3.136q-0.512 0.32-1.472 0.32-0.896 0-1.472-0.32-0.128-0.064-5.824-3.136t-6.144-3.264zM28.16 11.648q0.64-0.32 0.64 0.32v11.776q0 0.512-0.544 1.024t-1.056 0.512h-25.6q-0.512 0-1.056-0.512t-0.544-1.024v-11.776q0-0.64 0.64-0.32l12.288 6.4q0.576 0.32 1.472 0.32t1.472-0.32z\"><\/path>\n<\/svg><\/span><span class='avia_iconbox_title' >P\u00f3ngase en contacto para obtener m\u00e1s informaci\u00f3n.<\/span><span class='avia_button_background avia-button avia-button-fullwidth avia-color-theme-color-highlight'><\/span><\/a><\/div><\/div>\n\n<style type=\"text\/css\" data-created_by=\"avia_inline_auto\" id=\"style-css-av-2l1nen-a0c1c2e7116e838abc0b39f62f056d79\">\n.flex_column.av-2l1nen-a0c1c2e7116e838abc0b39f62f056d79{\nborder-radius:0px 0px 0px 0px;\npadding:0px 0px 0px 0px;\n}\n<\/style>\n<div  class='flex_column av-2l1nen-a0c1c2e7116e838abc0b39f62f056d79 av_one_fifth  avia-builder-el-29  el_after_av_three_fifth  avia-builder-el-last  flex_column_div av-zero-column-padding  column-top-margin'     ><\/div>\n","protected":false},"excerpt":{"rendered":"","protected":false},"author":117,"featured_media":0,"parent":0,"menu_order":0,"comment_status":"closed","ping_status":"closed","template":"","meta":{"_acf_changed":false,"footnotes":""},"class_list":["post-1279","page","type-page","status-publish","hentry"],"acf":[],"_links":{"self":[{"href":"https:\/\/www.keysiworld.com\/es\/wp-json\/wp\/v2\/pages\/1279","targetHints":{"allow":["GET"]}}],"collection":[{"href":"https:\/\/www.keysiworld.com\/es\/wp-json\/wp\/v2\/pages"}],"about":[{"href":"https:\/\/www.keysiworld.com\/es\/wp-json\/wp\/v2\/types\/page"}],"author":[{"embeddable":true,"href":"https:\/\/www.keysiworld.com\/es\/wp-json\/wp\/v2\/users\/117"}],"replies":[{"embeddable":true,"href":"https:\/\/www.keysiworld.com\/es\/wp-json\/wp\/v2\/comments?post=1279"}],"version-history":[{"count":0,"href":"https:\/\/www.keysiworld.com\/es\/wp-json\/wp\/v2\/pages\/1279\/revisions"}],"wp:attachment":[{"href":"https:\/\/www.keysiworld.com\/es\/wp-json\/wp\/v2\/media?parent=1279"}],"curies":[{"name":"wp","href":"https:\/\/api.w.org\/{rel}","templated":true}]}}