{"id":1336,"date":"2017-05-30T14:20:54","date_gmt":"2017-05-30T14:20:54","guid":{"rendered":"https:\/\/www.keysiworld.com\/?page_id=1336"},"modified":"2019-10-03T12:38:43","modified_gmt":"2019-10-03T12:38:43","slug":"justo-dieguez-es","status":"publish","type":"page","link":"https:\/\/www.keysiworld.com\/es\/keysi-world\/justo-dieguez-es\/","title":{"rendered":"Justo Dieguez"},"content":{"rendered":"<div id='layer_slider_1'  class='avia-layerslider main_color avia-shadow  avia-builder-el-0  el_before_av_one_half  avia-builder-el-first  container_wrap sidebar_right'  style='height: 171px; max-width: 1410px; margin: 0 auto;'  ><\/div><div id='after_layer_slider_1'  class='main_color av_default_container_wrap container_wrap sidebar_right'  ><div class='container av-section-cont-open' ><div class='template-page content  av-content-small alpha units'><div class='post-entry post-entry-type-page post-entry-1336'><div class='entry-content-wrapper clearfix'>\n\n<style type=\"text\/css\" data-created_by=\"avia_inline_auto\" id=\"style-css-av-av_one_half-6126cab7d8fab8d08143dd2dacdf673c\">\n.flex_column.av-av_one_half-6126cab7d8fab8d08143dd2dacdf673c{\nborder-radius:0px 0px 0px 0px;\npadding:0px 0px 0px 0px;\n}\n<\/style>\n<div  class='flex_column av-av_one_half-6126cab7d8fab8d08143dd2dacdf673c av_one_half  avia-builder-el-1  el_after_av_layerslider  el_before_av_one_half  avia-builder-el-first  first flex_column_div av-zero-column-padding  '     ><section  class='av_textblock_section av-av_textblock-396ddf1f42196ca838231e61a4602801 '   itemscope=\"itemscope\" itemtype=\"https:\/\/schema.org\/CreativeWork\" ><div class='avia_textblock'  itemprop=\"text\" ><h4><span style=\"color: #ff6600;\">JUSTO DIEGUEZ<\/span><\/h4>\n<p>Justo Di\u00e9guez (Keysi) naci\u00f3 el 12 de octubre de 1957, en un peque\u00f1o pueblo minero de Sevilla, Espa\u00f1a, su padre fue trasladado a un peque\u00f1o pueblo llamado Ultrillas en la provincia de Teruel.<\/p>\n<p><strong>\u201cEl pueblo donde viv\u00ed de ni\u00f1o era un lugar muy especial y duro, all\u00ed aprend\u00edas a luchar y defenderte o sufr\u00edas las consecuencias.\u201d<\/strong> Desde muy ni\u00f1o ya hab\u00eda sido testigo de algunas situaciones brutales y r\u00e1pidamente se dio cuenta de que si quer\u00eda hacer algo con su vida necesitaba escapar de all\u00ed. a la edad de 10 a\u00f1os pas\u00f3 3 a\u00f1os en un monasterio salesiano. Despu\u00e9s de ese tiempo sin encontrar respuestas regres\u00f3 a casa y al cumplir los 14 a\u00f1os empez\u00f3 a trabajar en las minas.<\/p>\n<p>La mina es un lugar duro y dif\u00edcil para un ni\u00f1o, llena de hombres violentos y despiadados que viv\u00edan sin miedo a la recriminaci\u00f3n. Aqu\u00ed es donde Justo se impuso un objetivo: no convertirse en una v\u00edctima. <strong>\u201cNunca me he sentido v\u00edctima. Este fue un per\u00edodo extremo y brutal en mi vida, fue en las minas donde perd\u00ed muchos de mis buenos amigos. Pas\u00e9 6 largos a\u00f1os en este ambiente extremo y violento.\u201d<\/strong> La mina se derrumb\u00f3, atrapando y matando a la mayor\u00eda de trabajadores en el t\u00fanel. <strong>\u201cA\u00fan recuerdo el estremecedor rugido de la tierra retorci\u00e9ndose en su interior.\u201d<\/strong><\/p>\n<p>Fue suficiente, dej\u00f3 las minas y se uni\u00f3 a las fuerzas especiales, \u201cCOE-22\u201d. Debido a su firme car\u00e1cter, r\u00e1pidamente se convirti\u00f3 en un soldado reconocido destacando por sus excepcionales caracter\u00edsticas.<\/p>\n<p>Tras salir del ejercito comenz\u00f3 un largo camino de investigaci\u00f3n en el mundo de las artes marciales. Consigui\u00f3 la formaci\u00f3n como instructor en diferentes niveles, sin encontrar respuestas. La respuesta no hay que buscarla fuera.<strong> \u201cEse camino empieza en uno mismo, en creer en qui\u00e9n eres y no permitir que nadie te diga qui\u00e9n tienes que ser.\u201d<\/strong><\/p>\n<p><strong>\u201cDescubre el mundo de Keysi, vive la aventura de respirar, crear y expresar lo m\u00e1s profundo que hay en tu interior sin las barreras de la t\u00e9cnica impuesta. <\/strong><strong>Este pensamiento fue la llave que abri\u00f3 las puertas de mi mente, y es lo que te queremos transmitir en Keysi.\u201d<\/strong><\/p>\n<\/div><\/section><\/div>\n\n<style type=\"text\/css\" data-created_by=\"avia_inline_auto\" id=\"style-css-av-av_one_half-0aa7055fe62c3622faec82866afbaeb2\">\n.flex_column.av-av_one_half-0aa7055fe62c3622faec82866afbaeb2{\nborder-radius:0px 0px 0px 0px;\npadding:0px 0px 0px 0px;\n}\n<\/style>\n<div  class='flex_column av-av_one_half-0aa7055fe62c3622faec82866afbaeb2 av_one_half  avia-builder-el-3  el_after_av_one_half  el_before_av_one_half  flex_column_div av-zero-column-padding  '     ><style type=\"text\/css\" data-created_by=\"avia_inline_auto\" id=\"style-css-av-av_image-6e51526e5c1a7cb0f4617befef080966\">\n.avia-image-container.av-av_image-6e51526e5c1a7cb0f4617befef080966 img.avia_image{\nbox-shadow:none;\n}\n.avia-image-container.av-av_image-6e51526e5c1a7cb0f4617befef080966 .av-image-caption-overlay-center{\ncolor:#ffffff;\n}\n<\/style>\n<div  class='avia-image-container av-av_image-6e51526e5c1a7cb0f4617befef080966 av-styling- avia-align-center  avia-builder-el-4  avia-builder-el-no-sibling '   itemprop=\"image\" itemscope=\"itemscope\" itemtype=\"https:\/\/schema.org\/ImageObject\" ><div class=\"avia-image-container-inner\"><div class=\"avia-image-overlay-wrap\"><img decoding=\"async\" fetchpriority=\"high\" class='wp-image-3789 avia-img-lazy-loading-not-3789 avia_image ' src=\"https:\/\/www.keysiworld.com\/wp-content\/uploads\/2017\/02\/MASTER-JUSTO-7.jpg\" alt='' title='Justo Dieguez Fundador de Keysi'  height=\"703\" width=\"450\"  itemprop=\"thumbnailUrl\"  \/><\/div><\/div><\/div><\/div>\n\n<style type=\"text\/css\" data-created_by=\"avia_inline_auto\" id=\"style-css-av-av_one_half-6126cab7d8fab8d08143dd2dacdf673c\">\n.flex_column.av-av_one_half-6126cab7d8fab8d08143dd2dacdf673c{\nborder-radius:0px 0px 0px 0px;\npadding:0px 0px 0px 0px;\n}\n<\/style>\n<div  class='flex_column av-av_one_half-6126cab7d8fab8d08143dd2dacdf673c av_one_half  avia-builder-el-5  el_after_av_one_half  el_before_av_one_half  first flex_column_div av-zero-column-padding  column-top-margin'     ><style type=\"text\/css\" data-created_by=\"avia_inline_auto\" id=\"style-css-av-av_image-1fd4ccada585e1b7d7b569f6a83dcf34\">\n.avia-image-container.av-av_image-1fd4ccada585e1b7d7b569f6a83dcf34 img.avia_image{\nbox-shadow:none;\n}\n.avia-image-container.av-av_image-1fd4ccada585e1b7d7b569f6a83dcf34 .av-image-caption-overlay-center{\ncolor:#ffffff;\n}\n<\/style>\n<div  class='avia-image-container av-av_image-1fd4ccada585e1b7d7b569f6a83dcf34 av-styling- avia-align-center  avia-builder-el-6  avia-builder-el-no-sibling '   itemprop=\"image\" itemscope=\"itemscope\" itemtype=\"https:\/\/schema.org\/ImageObject\" ><div class=\"avia-image-container-inner\"><div class=\"avia-image-overlay-wrap\"><img decoding=\"async\" fetchpriority=\"high\" class='wp-image-8820 avia-img-lazy-loading-not-8820 avia_image ' src=\"https:\/\/www.keysiworld.com\/wp-content\/uploads\/2019\/10\/Justo_Militar.jpg\" alt='' title='Justo_Militar'  height=\"600\" width=\"600\"  itemprop=\"thumbnailUrl\" srcset=\"https:\/\/www.keysiworld.com\/wp-content\/uploads\/2019\/10\/Justo_Militar.jpg 600w, https:\/\/www.keysiworld.com\/wp-content\/uploads\/2019\/10\/Justo_Militar-80x80.jpg 80w, https:\/\/www.keysiworld.com\/wp-content\/uploads\/2019\/10\/Justo_Militar-36x36.jpg 36w, https:\/\/www.keysiworld.com\/wp-content\/uploads\/2019\/10\/Justo_Militar-180x180.jpg 180w, https:\/\/www.keysiworld.com\/wp-content\/uploads\/2019\/10\/Justo_Militar-120x120.jpg 120w, https:\/\/www.keysiworld.com\/wp-content\/uploads\/2019\/10\/Justo_Militar-450x450.jpg 450w\" sizes=\"(max-width: 600px) 100vw, 600px\" \/><\/div><\/div><\/div><\/div>\n\n<style type=\"text\/css\" data-created_by=\"avia_inline_auto\" id=\"style-css-av-av_one_half-0aa7055fe62c3622faec82866afbaeb2\">\n.flex_column.av-av_one_half-0aa7055fe62c3622faec82866afbaeb2{\nborder-radius:0px 0px 0px 0px;\npadding:0px 0px 0px 0px;\n}\n<\/style>\n<div  class='flex_column av-av_one_half-0aa7055fe62c3622faec82866afbaeb2 av_one_half  avia-builder-el-7  el_after_av_one_half  el_before_av_heading  flex_column_div av-zero-column-padding  column-top-margin'     ><style type=\"text\/css\" data-created_by=\"avia_inline_auto\" id=\"style-css-av-av_image-9d71df4b9c05c9a1cebab1b7668be958\">\n.avia-image-container.av-av_image-9d71df4b9c05c9a1cebab1b7668be958 img.avia_image{\nbox-shadow:none;\n}\n.avia-image-container.av-av_image-9d71df4b9c05c9a1cebab1b7668be958 .av-image-caption-overlay-center{\ncolor:#ffffff;\n}\n<\/style>\n<div  class='avia-image-container av-av_image-9d71df4b9c05c9a1cebab1b7668be958 av-styling- avia-align-center  avia-builder-el-8  avia-builder-el-no-sibling '   itemprop=\"image\" itemscope=\"itemscope\" itemtype=\"https:\/\/schema.org\/ImageObject\" ><div class=\"avia-image-container-inner\"><div class=\"avia-image-overlay-wrap\"><img decoding=\"async\" fetchpriority=\"high\" class='wp-image-8845 avia-img-lazy-loading-not-8845 avia_image ' src=\"https:\/\/www.keysiworld.com\/wp-content\/uploads\/2019\/10\/Justo_Dan_Inosanto_2004.png\" alt='' title='Justo_Dan_Inosanto_2004'  height=\"600\" width=\"600\"  itemprop=\"thumbnailUrl\" srcset=\"https:\/\/www.keysiworld.com\/wp-content\/uploads\/2019\/10\/Justo_Dan_Inosanto_2004.png 600w, https:\/\/www.keysiworld.com\/wp-content\/uploads\/2019\/10\/Justo_Dan_Inosanto_2004-80x80.png 80w, https:\/\/www.keysiworld.com\/wp-content\/uploads\/2019\/10\/Justo_Dan_Inosanto_2004-36x36.png 36w, https:\/\/www.keysiworld.com\/wp-content\/uploads\/2019\/10\/Justo_Dan_Inosanto_2004-180x180.png 180w, https:\/\/www.keysiworld.com\/wp-content\/uploads\/2019\/10\/Justo_Dan_Inosanto_2004-120x120.png 120w, https:\/\/www.keysiworld.com\/wp-content\/uploads\/2019\/10\/Justo_Dan_Inosanto_2004-450x450.png 450w\" sizes=\"(max-width: 600px) 100vw, 600px\" \/><\/div><\/div><\/div><\/div>\n<style type=\"text\/css\" data-created_by=\"avia_inline_auto\" id=\"style-css-av-av_heading-7b9517521aeb4207abe6f5f9d41e1561\">\n#top .av-special-heading.av-av_heading-7b9517521aeb4207abe6f5f9d41e1561{\npadding-bottom:10px;\n}\nbody .av-special-heading.av-av_heading-7b9517521aeb4207abe6f5f9d41e1561 .av-special-heading-tag .heading-char{\nfont-size:25px;\n}\n.av-special-heading.av-av_heading-7b9517521aeb4207abe6f5f9d41e1561 .av-subheading{\nfont-size:15px;\n}\n<\/style>\n<div  class='av-special-heading av-av_heading-7b9517521aeb4207abe6f5f9d41e1561 av-special-heading-h3  avia-builder-el-9  el_after_av_one_half  el_before_av_toggle_container '><h3 class='av-special-heading-tag '  itemprop=\"headline\"  >FAQS<\/h3><div class=\"special-heading-border\"><div class=\"special-heading-inner-border\"><\/div><\/div><\/div>\n<div  class='togglecontainer av-av_toggle_container-58d3b55d78679e2c4a6f7b2e625e97f8  avia-builder-el-10  el_after_av_heading  avia-builder-el-last  toggle_close_all' >\n<section class='av_toggle_section av-av_toggle-701ba67febd686490872e29d0772475f'  itemscope=\"itemscope\" itemtype=\"https:\/\/schema.org\/CreativeWork\" ><div role=\"tablist\" class=\"single_toggle\" data-tags=\"{Todo} \"  ><p id='toggle-toggle-id-1' data-fake-id='#toggle-id-1' class='toggler  activeTitle av-title-above '  itemprop=\"headline\"  role='tab' tabindex='0' aria-controls='toggle-id-1' data-slide-speed=\"200\" data-title=\"\u00bfPor qu\u00e9 se llama Keysi?\" data-title-open=\"\" data-aria_collapsed=\"Click to expand: \u00bfPor qu\u00e9 se llama Keysi?\" data-aria_expanded=\"Click to collapse: \u00bfPor qu\u00e9 se llama Keysi?\">\u00bfPor qu\u00e9 se llama Keysi?<span class=\"toggle_icon\"><span class=\"vert_icon\"><\/span><span class=\"hor_icon\"><\/span><\/span><\/p><div id='toggle-id-1' aria-labelledby='toggle-toggle-id-1' role='region' class='toggle_wrap  active_tc av-title-above' style='display:block;' ><div class='toggle_content invers-color '  itemprop=\"text\" ><p>El nacimiento de la palabra \u201cKeysi\u201d data de la infancia de Justo Di\u00e9guez. Siendo un ni\u00f1o peque\u00f1o que estaba aprendiendo a hablar, tuvo una pronunciaci\u00f3n involuntaria de \u201cQue S\u00ed\u201d que significa \u201c\u00a1S\u00ed lo har\u00e9!\u201d<\/p>\n<\/div><\/div><\/div><\/section>\n<section class='av_toggle_section av-av_toggle-77de48f582b04b99c83012d2243967c4'  itemscope=\"itemscope\" itemtype=\"https:\/\/schema.org\/CreativeWork\" ><div role=\"tablist\" class=\"single_toggle\" data-tags=\"{Todo} \"  ><p id='toggle-toggle-id-2' data-fake-id='#toggle-id-2' class='toggler  av-title-above '  itemprop=\"headline\"  role='tab' tabindex='0' aria-controls='toggle-id-2' data-slide-speed=\"200\" data-title=\"\u00bfCu\u00e1ndo se fund\u00f3 KEYSI?\" data-title-open=\"\" data-aria_collapsed=\"Click to expand: \u00bfCu\u00e1ndo se fund\u00f3 KEYSI?\" data-aria_expanded=\"Click to collapse: \u00bfCu\u00e1ndo se fund\u00f3 KEYSI?\">\u00bfCu\u00e1ndo se fund\u00f3 KEYSI?<span class=\"toggle_icon\"><span class=\"vert_icon\"><\/span><span class=\"hor_icon\"><\/span><\/span><\/p><div id='toggle-id-2' aria-labelledby='toggle-toggle-id-2' role='region' class='toggle_wrap  av-title-above'  ><div class='toggle_content invers-color '  itemprop=\"text\" ><p>El m\u00e9todo Keysi fue mostrado al p\u00fablico en 1980. Durante un per\u00edodo de 32 a\u00f1os (1980-2012), Justo Di\u00e9guez comenz\u00f3 a impartir seminarios de autodefensa en todo el mundo. Fue en 2012 cuando la empresa KFM da lugar a la actual, conocida como Keysi World.<\/p>\n<\/div><\/div><\/div><\/section>\n<section class='av_toggle_section av-av_toggle-8b66ccd16b7f7c5aa8b6331ffd1cd4d6'  itemscope=\"itemscope\" itemtype=\"https:\/\/schema.org\/CreativeWork\" ><div role=\"tablist\" class=\"single_toggle\" data-tags=\"{Todo} \"  ><p id='toggle-toggle-id-3' data-fake-id='#toggle-id-3' class='toggler  av-title-above '  itemprop=\"headline\"  role='tab' tabindex='0' aria-controls='toggle-id-3' data-slide-speed=\"200\" data-title=\"\u00bfQu\u00e9 fue antes de Keysi?\" data-title-open=\"\" data-aria_collapsed=\"Click to expand: \u00bfQu\u00e9 fue antes de Keysi?\" data-aria_expanded=\"Click to collapse: \u00bfQu\u00e9 fue antes de Keysi?\">\u00bfQu\u00e9 fue antes de Keysi?<span class=\"toggle_icon\"><span class=\"vert_icon\"><\/span><span class=\"hor_icon\"><\/span><\/span><\/p><div id='toggle-id-3' aria-labelledby='toggle-toggle-id-3' role='region' class='toggle_wrap  av-title-above'  ><div class='toggle_content invers-color '  itemprop=\"text\" ><p>La Academia de Autodefensa \u201cKeysi\u201d en Puerto de Sagunto se remonta a 1975. Fue entonces cuando Justo Di\u00e9guez ense\u00f1\u00f3 autodefensa de diferentes estilos, destacando Filipino Kali, Jet Kune Do y boxeo. Durante el per\u00edodo de 1975 a 1980, Justo Di\u00e9guez, a trav\u00e9s de su conocimiento, comenz\u00f3 a desarrollar un programa de autodefensa enfocado a las necesidades de la vida real. Gracias a las lagunas observadas en otros sistemas y a su conocimiento adquirido en la materia, pudo fundar el m\u00e9todo Keysi, lejos de reglas preestablecidas, sin tatami ni cinturones.<\/p>\n<\/div><\/div><\/div><\/section>\n<\/div>\n","protected":false},"excerpt":{"rendered":"","protected":false},"author":117,"featured_media":0,"parent":50,"menu_order":0,"comment_status":"closed","ping_status":"closed","template":"","meta":{"_acf_changed":false,"footnotes":""},"class_list":["post-1336","page","type-page","status-publish","hentry"],"acf":[],"_links":{"self":[{"href":"https:\/\/www.keysiworld.com\/es\/wp-json\/wp\/v2\/pages\/1336","targetHints":{"allow":["GET"]}}],"collection":[{"href":"https:\/\/www.keysiworld.com\/es\/wp-json\/wp\/v2\/pages"}],"about":[{"href":"https:\/\/www.keysiworld.com\/es\/wp-json\/wp\/v2\/types\/page"}],"author":[{"embeddable":true,"href":"https:\/\/www.keysiworld.com\/es\/wp-json\/wp\/v2\/users\/117"}],"replies":[{"embeddable":true,"href":"https:\/\/www.keysiworld.com\/es\/wp-json\/wp\/v2\/comments?post=1336"}],"version-history":[{"count":0,"href":"https:\/\/www.keysiworld.com\/es\/wp-json\/wp\/v2\/pages\/1336\/revisions"}],"up":[{"embeddable":true,"href":"https:\/\/www.keysiworld.com\/es\/wp-json\/wp\/v2\/pages\/50"}],"wp:attachment":[{"href":"https:\/\/www.keysiworld.com\/es\/wp-json\/wp\/v2\/media?parent=1336"}],"curies":[{"name":"wp","href":"https:\/\/api.w.org\/{rel}","templated":true}]}}