{"id":1338,"date":"2017-05-30T14:18:22","date_gmt":"2017-05-30T14:18:22","guid":{"rendered":"https:\/\/www.keysiworld.com\/?page_id=1338"},"modified":"2018-09-14T10:25:17","modified_gmt":"2018-09-14T10:25:17","slug":"filosofia","status":"publish","type":"page","link":"https:\/\/www.keysiworld.com\/es\/keysi-world\/filosofia\/","title":{"rendered":"Filosof\u00eda"},"content":{"rendered":"<div id='layer_slider_1'  class='avia-layerslider main_color avia-shadow  avia-builder-el-0  el_before_av_one_full  avia-builder-el-first  container_wrap sidebar_right'  style='height: 171px; max-width: 1410px; margin: 0 auto;'  ><\/div><div id='after_layer_slider_1'  class='main_color av_default_container_wrap container_wrap sidebar_right'  ><div class='container av-section-cont-open' ><div class='template-page content  av-content-small alpha units'><div class='post-entry post-entry-type-page post-entry-1338'><div class='entry-content-wrapper clearfix'>\n\n<style type=\"text\/css\" data-created_by=\"avia_inline_auto\" id=\"style-css-av-av_one_full-6126cab7d8fab8d08143dd2dacdf673c\">\n.flex_column.av-av_one_full-6126cab7d8fab8d08143dd2dacdf673c{\nborder-radius:0px 0px 0px 0px;\npadding:0px 0px 0px 0px;\n}\n<\/style>\n<div  class='flex_column av-av_one_full-6126cab7d8fab8d08143dd2dacdf673c av_one_full  avia-builder-el-1  el_after_av_layerslider  el_before_av_heading  avia-builder-el-first  first flex_column_div av-zero-column-padding  '     ><section  class='av_textblock_section av-av_textblock-396ddf1f42196ca838231e61a4602801 '   itemscope=\"itemscope\" itemtype=\"https:\/\/schema.org\/CreativeWork\" ><div class='avia_textblock'  itemprop=\"text\" ><h4><span style=\"color: #ff6600;\">FILOSOFIA<\/span><\/h4>\n<p><span style=\"color: #000000;\">Keysi no es el arte de las artes ni una combinaci\u00f3n de t\u00e9cnicas de diferentes estilos. Es m\u00e1s bien una forma, una filosof\u00eda de vida basada en el crecimiento personal, con las artes marciales como elemento de transporte acorde a una filosof\u00eda basada en el conocimiento, la investigaci\u00f3n y la experimentaci\u00f3n. Es una manera de entender, desarrollar, expresar y transmitir conocimiento. Keysi no es una copia de esto o aquello, tampoco es una explicaci\u00f3n te\u00f3rica de muchas artes marciales diferentes; por el contrario, son conceptos y principios perfectamente planificados y definidos, fruto de un riguroso y largo trabajo introspectivo.<\/span><\/p>\n<h4><span style=\"color: #ff6600;\">APRENDIZAJE, CRECIMIENTO Y EVOLUCI\u00d3N<\/span><\/h4>\n<p><span style=\"color: #000000;\">Los seres humanos son la especie dominante debido a su capacidad de adaptaci\u00f3n y evoluci\u00f3n. Debemos seguir evolucionando y creciendo. Este proceso es la consecuencia de nuestro instinto como especie. El concepto en el m\u00e9todo de Keysi es tener habilidades constantes y activas en el campo del aprendizaje, siendo \u00e9ste un lugar sin l\u00edmites donde su estado emocional a trav\u00e9s de su mente puede expresar su creatividad en forma f\u00edsica.<\/span><\/p>\n<h4><span style=\"color: #ff6600;\">CRECIMIENTO Y CREENCIA<\/span><\/h4>\n<p><span style=\"color: #000000;\">El crecimiento personal se basa en la creencia, que no es una meta, sino un prop\u00f3sito que nos lleva al m\u00e1s alto nivel de realizaci\u00f3n personal como ser humano. El ser humano y nuestra metodolog\u00eda se basa en el crecimiento personal y el m\u00e9todo Keysi tiene la llave que puede abrir la puerta de su camino y ayudarle a encontrarse. El conocimiento interno es la principal fuente de sabidur\u00eda.<\/span><\/p>\n<p><span style=\"color: #000000;\">En los \u00faltimos a\u00f1os nuestra vida ha sufrido una transformaci\u00f3n incre\u00edble, siguiendo un camino que conduce a resultados que s\u00f3lo podr\u00edan describirse como inexplicables. Estamos convencidos de que hay otro terreno para experimentar, una trama que desaf\u00eda las leyes de la ciencia y la l\u00f3gica y que son un espacio interno que nos libera de los est\u00e1ndares, las barreras t\u00e9cnicas y las limitaciones. Estas son las cosas que queremos descubrir. Este no es un mundo de fantas\u00eda que s\u00f3lo se puede alcanzar con la imaginaci\u00f3n.<\/span><\/p>\n<\/div><\/section><\/div>\n<style type=\"text\/css\" data-created_by=\"avia_inline_auto\" id=\"style-css-av-av_heading-7b9517521aeb4207abe6f5f9d41e1561\">\n#top .av-special-heading.av-av_heading-7b9517521aeb4207abe6f5f9d41e1561{\npadding-bottom:10px;\n}\nbody .av-special-heading.av-av_heading-7b9517521aeb4207abe6f5f9d41e1561 .av-special-heading-tag .heading-char{\nfont-size:25px;\n}\n.av-special-heading.av-av_heading-7b9517521aeb4207abe6f5f9d41e1561 .av-subheading{\nfont-size:15px;\n}\n<\/style>\n<div  class='av-special-heading av-av_heading-7b9517521aeb4207abe6f5f9d41e1561 av-special-heading-h3  avia-builder-el-3  el_after_av_one_full  el_before_av_toggle_container '><h3 class='av-special-heading-tag '  itemprop=\"headline\"  >FAQS<\/h3><div class=\"special-heading-border\"><div class=\"special-heading-inner-border\"><\/div><\/div><\/div>\n<div  class='togglecontainer av-av_toggle_container-58d3b55d78679e2c4a6f7b2e625e97f8  avia-builder-el-4  el_after_av_heading  avia-builder-el-last  toggle_close_all' >\n<section class='av_toggle_section av-av_toggle-701ba67febd686490872e29d0772475f'  itemscope=\"itemscope\" itemtype=\"https:\/\/schema.org\/CreativeWork\" ><div role=\"tablist\" class=\"single_toggle\" data-tags=\"{Todo} \"  ><p id='toggle-toggle-id-1' data-fake-id='#toggle-id-1' class='toggler  activeTitle av-title-above '  itemprop=\"headline\"  role='tab' tabindex='0' aria-controls='toggle-id-1' data-slide-speed=\"200\" data-title=\"\u00bfPor qu\u00e9 se llama Keysi?\" data-title-open=\"\" data-aria_collapsed=\"Click to expand: \u00bfPor qu\u00e9 se llama Keysi?\" data-aria_expanded=\"Click to collapse: \u00bfPor qu\u00e9 se llama Keysi?\">\u00bfPor qu\u00e9 se llama Keysi?<span class=\"toggle_icon\"><span class=\"vert_icon\"><\/span><span class=\"hor_icon\"><\/span><\/span><\/p><div id='toggle-id-1' aria-labelledby='toggle-toggle-id-1' role='region' class='toggle_wrap  active_tc av-title-above' style='display:block;' ><div class='toggle_content invers-color '  itemprop=\"text\" ><p>El nacimiento de la palabra \u201cKeysi\u201d data de la infancia de Justo Di\u00e9guez. Siendo un ni\u00f1o peque\u00f1o que estaba aprendiendo a hablar, tuvo una pronunciaci\u00f3n involuntaria de \u201cQue S\u00ed\u201d que significa \u201c\u00a1S\u00ed lo har\u00e9!\u201d<\/p>\n<\/div><\/div><\/div><\/section>\n<section class='av_toggle_section av-av_toggle-77de48f582b04b99c83012d2243967c4'  itemscope=\"itemscope\" itemtype=\"https:\/\/schema.org\/CreativeWork\" ><div role=\"tablist\" class=\"single_toggle\" data-tags=\"{Todo} \"  ><p id='toggle-toggle-id-2' data-fake-id='#toggle-id-2' class='toggler  av-title-above '  itemprop=\"headline\"  role='tab' tabindex='0' aria-controls='toggle-id-2' data-slide-speed=\"200\" data-title=\"\u00bfCu\u00e1ndo se fund\u00f3 KEYSI?\" data-title-open=\"\" data-aria_collapsed=\"Click to expand: \u00bfCu\u00e1ndo se fund\u00f3 KEYSI?\" data-aria_expanded=\"Click to collapse: \u00bfCu\u00e1ndo se fund\u00f3 KEYSI?\">\u00bfCu\u00e1ndo se fund\u00f3 KEYSI?<span class=\"toggle_icon\"><span class=\"vert_icon\"><\/span><span class=\"hor_icon\"><\/span><\/span><\/p><div id='toggle-id-2' aria-labelledby='toggle-toggle-id-2' role='region' class='toggle_wrap  av-title-above'  ><div class='toggle_content invers-color '  itemprop=\"text\" ><p>El m\u00e9todo Keysi fue mostrado al p\u00fablico en 1980. Durante un per\u00edodo de 32 a\u00f1os (1980-2012), Justo Di\u00e9guez comenz\u00f3 a impartir seminarios de autodefensa en todo el mundo. Fue en 2012 cuando la empresa KFM da lugar a la actual, conocida como Keysi World.<\/p>\n<\/div><\/div><\/div><\/section>\n<section class='av_toggle_section av-av_toggle-8b66ccd16b7f7c5aa8b6331ffd1cd4d6'  itemscope=\"itemscope\" itemtype=\"https:\/\/schema.org\/CreativeWork\" ><div role=\"tablist\" class=\"single_toggle\" data-tags=\"{Todo} \"  ><p id='toggle-toggle-id-3' data-fake-id='#toggle-id-3' class='toggler  av-title-above '  itemprop=\"headline\"  role='tab' tabindex='0' aria-controls='toggle-id-3' data-slide-speed=\"200\" data-title=\"\u00bfQu\u00e9 fue antes de Keysi?\" data-title-open=\"\" data-aria_collapsed=\"Click to expand: \u00bfQu\u00e9 fue antes de Keysi?\" data-aria_expanded=\"Click to collapse: \u00bfQu\u00e9 fue antes de Keysi?\">\u00bfQu\u00e9 fue antes de Keysi?<span class=\"toggle_icon\"><span class=\"vert_icon\"><\/span><span class=\"hor_icon\"><\/span><\/span><\/p><div id='toggle-id-3' aria-labelledby='toggle-toggle-id-3' role='region' class='toggle_wrap  av-title-above'  ><div class='toggle_content invers-color '  itemprop=\"text\" ><p>La Academia de Autodefensa \u201cKeysi\u201d en Puerto de Sagunto se remonta a 1975. Fue entonces cuando Justo Di\u00e9guez ense\u00f1\u00f3 autodefensa de diferentes estilos, destacando Filipino Kali, Jet Kune Do y boxeo. Durante el per\u00edodo de 1975 a 1980, Justo Di\u00e9guez, a trav\u00e9s de su conocimiento, comenz\u00f3 a desarrollar un programa de autodefensa enfocado a las necesidades de la vida real. Gracias a las lagunas observadas en otros sistemas y a su conocimiento adquirido en la materia, pudo fundar el m\u00e9todo Keysi, lejos de reglas preestablecidas, sin tatami ni cinturones.<\/p>\n<\/div><\/div><\/div><\/section>\n<\/div>\n","protected":false},"excerpt":{"rendered":"","protected":false},"author":117,"featured_media":0,"parent":50,"menu_order":0,"comment_status":"closed","ping_status":"closed","template":"","meta":{"_acf_changed":false,"footnotes":""},"class_list":["post-1338","page","type-page","status-publish","hentry"],"acf":[],"_links":{"self":[{"href":"https:\/\/www.keysiworld.com\/es\/wp-json\/wp\/v2\/pages\/1338","targetHints":{"allow":["GET"]}}],"collection":[{"href":"https:\/\/www.keysiworld.com\/es\/wp-json\/wp\/v2\/pages"}],"about":[{"href":"https:\/\/www.keysiworld.com\/es\/wp-json\/wp\/v2\/types\/page"}],"author":[{"embeddable":true,"href":"https:\/\/www.keysiworld.com\/es\/wp-json\/wp\/v2\/users\/117"}],"replies":[{"embeddable":true,"href":"https:\/\/www.keysiworld.com\/es\/wp-json\/wp\/v2\/comments?post=1338"}],"version-history":[{"count":0,"href":"https:\/\/www.keysiworld.com\/es\/wp-json\/wp\/v2\/pages\/1338\/revisions"}],"up":[{"embeddable":true,"href":"https:\/\/www.keysiworld.com\/es\/wp-json\/wp\/v2\/pages\/50"}],"wp:attachment":[{"href":"https:\/\/www.keysiworld.com\/es\/wp-json\/wp\/v2\/media?parent=1338"}],"curies":[{"name":"wp","href":"https:\/\/api.w.org\/{rel}","templated":true}]}}