{"id":1339,"date":"2017-05-30T14:18:36","date_gmt":"2017-05-30T14:18:36","guid":{"rendered":"https:\/\/www.keysiworld.com\/?page_id=1339"},"modified":"2017-07-05T00:31:12","modified_gmt":"2017-07-05T00:31:12","slug":"codigo-etico","status":"publish","type":"page","link":"https:\/\/www.keysiworld.com\/es\/keysi-world\/codigo-etico\/","title":{"rendered":"C\u00f3digo \u00e9tico"},"content":{"rendered":"<div id='layer_slider_1'  class='avia-layerslider main_color avia-shadow  avia-builder-el-0  el_before_av_one_full  avia-builder-el-first  container_wrap sidebar_right'  style='height: 171px; max-width: 1410px; margin: 0 auto;'  ><\/div><div id='after_layer_slider_1'  class='main_color av_default_container_wrap container_wrap sidebar_right'  ><div class='container av-section-cont-open' ><div class='template-page content  av-content-small alpha units'><div class='post-entry post-entry-type-page post-entry-1339'><div class='entry-content-wrapper clearfix'>\n\n<style type=\"text\/css\" data-created_by=\"avia_inline_auto\" id=\"style-css-av-av_one_full-6126cab7d8fab8d08143dd2dacdf673c\">\n.flex_column.av-av_one_full-6126cab7d8fab8d08143dd2dacdf673c{\nborder-radius:0px 0px 0px 0px;\npadding:0px 0px 0px 0px;\n}\n<\/style>\n<div  class='flex_column av-av_one_full-6126cab7d8fab8d08143dd2dacdf673c av_one_full  avia-builder-el-1  el_after_av_layerslider  el_before_av_one_half  avia-builder-el-first  first flex_column_div av-zero-column-padding  '     ><style type=\"text\/css\" data-created_by=\"avia_inline_auto\" id=\"style-css-av-av_heading-c6c225b2010cf9f942bbeb80fb89ad4b\">\n#top .av-special-heading.av-av_heading-c6c225b2010cf9f942bbeb80fb89ad4b{\npadding-bottom:20px;\ncolor:#000000;\n}\nbody .av-special-heading.av-av_heading-c6c225b2010cf9f942bbeb80fb89ad4b .av-special-heading-tag .heading-char{\nfont-size:25px;\n}\n.av-special-heading.av-av_heading-c6c225b2010cf9f942bbeb80fb89ad4b .special-heading-inner-border{\nborder-color:#000000;\n}\n.av-special-heading.av-av_heading-c6c225b2010cf9f942bbeb80fb89ad4b .av-subheading{\nfont-size:15px;\n}\n<\/style>\n<div  class='av-special-heading av-av_heading-c6c225b2010cf9f942bbeb80fb89ad4b av-special-heading-h3 custom-color-heading blockquote modern-quote modern-centered  avia-builder-el-2  avia-builder-el-no-sibling '><h3 class='av-special-heading-tag '  itemprop=\"headline\"  >PROP\u00d3SITO \u2013 RESPETO \u2013 PACIENCIA \u2013 PERSISTENCIA, es como una rueda cuyo eje es la PERSPECTIVA, el punto central desde el cu\u00e1l se pueden observar los otros principios.<\/h3><div class=\"special-heading-border\"><div class=\"special-heading-inner-border\"><\/div><\/div><\/div><\/div>\n\n<style type=\"text\/css\" data-created_by=\"avia_inline_auto\" id=\"style-css-av-av_one_half-6126cab7d8fab8d08143dd2dacdf673c\">\n.flex_column.av-av_one_half-6126cab7d8fab8d08143dd2dacdf673c{\nborder-radius:0px 0px 0px 0px;\npadding:0px 0px 0px 0px;\n}\n<\/style>\n<div  class='flex_column av-av_one_half-6126cab7d8fab8d08143dd2dacdf673c av_one_half  avia-builder-el-3  el_after_av_one_full  el_before_av_one_half  first flex_column_div av-zero-column-padding  column-top-margin'     ><section  class='av_textblock_section av-av_textblock-396ddf1f42196ca838231e61a4602801 '   itemscope=\"itemscope\" itemtype=\"https:\/\/schema.org\/CreativeWork\" ><div class='avia_textblock'  itemprop=\"text\" ><h4><span style=\"color: #ff6600;\">C\u00d3DIGO \u00c9TICO<\/span><\/h4>\n<ul>\n<li><span style=\"color: #000000;\"><strong>Prop\u00f3sito<\/strong> \u2013 Es aquello a lo que aspiramos, \u00a1no es un objetivo!<\/span><\/li>\n<li><span style=\"color: #000000;\"><strong>Respeto<\/strong> \u2013 Es la satisfacci\u00f3n que producen de sus propios logros y los de los dem\u00e1s.<\/span><\/li>\n<li><span style=\"color: #000000;\"><strong>Paciencia<\/strong> \u2013 Cuando tenemos un prop\u00f3sito claro y mantenemos el ego bajo control.<\/span><\/li>\n<li><span style=\"color: #000000;\"><strong>Persistencia<\/strong> \u2013 Aunque la paciencia es necesaria no ser\u00e1 suficiente sin la ayuda de la persistencia.<\/span><\/li>\n<li><span style=\"color: #000000;\"><strong>Perspectiva<\/strong> -Es la capacidad de establecer lo que es realmente importante en una situaci\u00f3n dada.<\/span><\/li>\n<\/ul>\n<\/div><\/section><\/div>\n\n<style type=\"text\/css\" data-created_by=\"avia_inline_auto\" id=\"style-css-av-av_one_half-0aa7055fe62c3622faec82866afbaeb2\">\n.flex_column.av-av_one_half-0aa7055fe62c3622faec82866afbaeb2{\nborder-radius:0px 0px 0px 0px;\npadding:0px 0px 0px 0px;\n}\n<\/style>\n<div  class='flex_column av-av_one_half-0aa7055fe62c3622faec82866afbaeb2 av_one_half  avia-builder-el-5  el_after_av_one_half  el_before_av_one_full  flex_column_div av-zero-column-padding  column-top-margin'     ><style type=\"text\/css\" data-created_by=\"avia_inline_auto\" id=\"style-css-av-av_image-77c5486d78f9cb757bfc89107ff88da6\">\n.avia-image-container.av-av_image-77c5486d78f9cb757bfc89107ff88da6 img.avia_image{\nbox-shadow:none;\n}\n.avia-image-container.av-av_image-77c5486d78f9cb757bfc89107ff88da6 .av-image-caption-overlay-center{\ncolor:#ffffff;\n}\n<\/style>\n<div  class='avia-image-container av-av_image-77c5486d78f9cb757bfc89107ff88da6 av-styling- avia-align-center  avia-builder-el-6  avia-builder-el-no-sibling '   itemprop=\"image\" itemscope=\"itemscope\" itemtype=\"https:\/\/schema.org\/ImageObject\" ><div class=\"avia-image-container-inner\"><div class=\"avia-image-overlay-wrap\"><img decoding=\"async\" fetchpriority=\"high\" class='wp-image-4497 avia-img-lazy-loading-not-4497 avia_image ' src=\"https:\/\/www.keysiworld.com\/wp-content\/uploads\/2017\/05\/Codigoetico.jpg\" alt='' title='Codigoetico'  height=\"600\" width=\"1000\"  itemprop=\"thumbnailUrl\" srcset=\"https:\/\/www.keysiworld.com\/wp-content\/uploads\/2017\/05\/Codigoetico.jpg 1000w, https:\/\/www.keysiworld.com\/wp-content\/uploads\/2017\/05\/Codigoetico-450x270.jpg 450w, https:\/\/www.keysiworld.com\/wp-content\/uploads\/2017\/05\/Codigoetico-800x480.jpg 800w, https:\/\/www.keysiworld.com\/wp-content\/uploads\/2017\/05\/Codigoetico-768x461.jpg 768w, https:\/\/www.keysiworld.com\/wp-content\/uploads\/2017\/05\/Codigoetico-705x423.jpg 705w\" sizes=\"(max-width: 1000px) 100vw, 1000px\" \/><\/div><\/div><\/div><\/div>\n\n<style type=\"text\/css\" data-created_by=\"avia_inline_auto\" id=\"style-css-av-av_one_full-6126cab7d8fab8d08143dd2dacdf673c\">\n.flex_column.av-av_one_full-6126cab7d8fab8d08143dd2dacdf673c{\nborder-radius:0px 0px 0px 0px;\npadding:0px 0px 0px 0px;\n}\n<\/style>\n<div  class='flex_column av-av_one_full-6126cab7d8fab8d08143dd2dacdf673c av_one_full  avia-builder-el-7  el_after_av_one_half  el_before_av_heading  first flex_column_div av-zero-column-padding  column-top-margin'     ><section  class='av_textblock_section av-av_textblock-396ddf1f42196ca838231e61a4602801 '   itemscope=\"itemscope\" itemtype=\"https:\/\/schema.org\/CreativeWork\" ><div class='avia_textblock'  itemprop=\"text\" ><h4><span style=\"color: #ff6600;\">EL RESULTADO<\/span><\/h4>\n<p>Como resultado de estos valores, el m\u00e9todo revolucionario de autodefensa Keysi by Justo Di\u00e9guez es un modo de entender la realidad de la calle donde el agresor. El depredador se convierte en v\u00edctima y la v\u00edctima se convierte en depredador. Este m\u00e9todo es una estructura dise\u00f1ada para mejorar la calidad de vida, lo que da al practicante un entrenamiento f\u00edsico, emocional y mental extremo.<\/p>\n<\/div><\/section><\/div>\n\n<style type=\"text\/css\" data-created_by=\"avia_inline_auto\" id=\"style-css-av-av_heading-7b9517521aeb4207abe6f5f9d41e1561\">\n#top .av-special-heading.av-av_heading-7b9517521aeb4207abe6f5f9d41e1561{\npadding-bottom:10px;\n}\nbody .av-special-heading.av-av_heading-7b9517521aeb4207abe6f5f9d41e1561 .av-special-heading-tag .heading-char{\nfont-size:25px;\n}\n.av-special-heading.av-av_heading-7b9517521aeb4207abe6f5f9d41e1561 .av-subheading{\nfont-size:15px;\n}\n<\/style>\n<div  class='av-special-heading av-av_heading-7b9517521aeb4207abe6f5f9d41e1561 av-special-heading-h3  avia-builder-el-9  el_after_av_one_full  el_before_av_toggle_container '><h3 class='av-special-heading-tag '  itemprop=\"headline\"  >FAQS<\/h3><div class=\"special-heading-border\"><div class=\"special-heading-inner-border\"><\/div><\/div><\/div>\n<div  class='togglecontainer av-av_toggle_container-58d3b55d78679e2c4a6f7b2e625e97f8  avia-builder-el-10  el_after_av_heading  avia-builder-el-last  toggle_close_all' >\n<section class='av_toggle_section av-av_toggle-701ba67febd686490872e29d0772475f'  itemscope=\"itemscope\" itemtype=\"https:\/\/schema.org\/CreativeWork\" ><div role=\"tablist\" class=\"single_toggle\" data-tags=\"{Todo} \"  ><p id='toggle-toggle-id-1' data-fake-id='#toggle-id-1' class='toggler  activeTitle av-title-above '  itemprop=\"headline\"  role='tab' tabindex='0' aria-controls='toggle-id-1' data-slide-speed=\"200\" data-title=\"\u00bfPor qu\u00e9 se llama Keysi?\" data-title-open=\"\" data-aria_collapsed=\"Click to expand: \u00bfPor qu\u00e9 se llama Keysi?\" data-aria_expanded=\"Click to collapse: \u00bfPor qu\u00e9 se llama Keysi?\">\u00bfPor qu\u00e9 se llama Keysi?<span class=\"toggle_icon\"><span class=\"vert_icon\"><\/span><span class=\"hor_icon\"><\/span><\/span><\/p><div id='toggle-id-1' aria-labelledby='toggle-toggle-id-1' role='region' class='toggle_wrap  active_tc av-title-above' style='display:block;' ><div class='toggle_content invers-color '  itemprop=\"text\" ><p><span style=\"color: #000000;\">El nacimiento de la palabra \u201cKeysi\u201d data de la infancia de Justo Di\u00e9guez. Como un ni\u00f1o peque\u00f1o que estaba aprendiendo a hablar, tengo una pronunciaci\u00f3n involuntaria de la palabra espa\u00f1ola \u201cQue Si\u201d que significa \u201c\u00a1S\u00ed lo har\u00e9!\u201d<\/span><\/p>\n<\/div><\/div><\/div><\/section>\n<section class='av_toggle_section av-av_toggle-8b66ccd16b7f7c5aa8b6331ffd1cd4d6'  itemscope=\"itemscope\" itemtype=\"https:\/\/schema.org\/CreativeWork\" ><div role=\"tablist\" class=\"single_toggle\" data-tags=\"{Todo} \"  ><p id='toggle-toggle-id-2' data-fake-id='#toggle-id-2' class='toggler  av-title-above '  itemprop=\"headline\"  role='tab' tabindex='0' aria-controls='toggle-id-2' data-slide-speed=\"200\" data-title=\"\u00bfQu\u00e9 fue antes de Keysi?\" data-title-open=\"\" data-aria_collapsed=\"Click to expand: \u00bfQu\u00e9 fue antes de Keysi?\" data-aria_expanded=\"Click to collapse: \u00bfQu\u00e9 fue antes de Keysi?\">\u00bfQu\u00e9 fue antes de Keysi?<span class=\"toggle_icon\"><span class=\"vert_icon\"><\/span><span class=\"hor_icon\"><\/span><\/span><\/p><div id='toggle-id-2' aria-labelledby='toggle-toggle-id-2' role='region' class='toggle_wrap  av-title-above'  ><div class='toggle_content invers-color '  itemprop=\"text\" ><p><span style=\"color: #000000;\">La Academia de Autodefensa \u201cKeysi\u201d se remonta a 1975, y es durante este per\u00edodo en que Justo Di\u00e9guez ense\u00f1\u00f3 autodefensa en diferentes estilos; Entre ellos podemos destacar Filipino Kali, Jet Kune Do y el boxeo. Durante el per\u00edodo de 1975-1980, en el cual Justo Di\u00e9guez, a trav\u00e9s de su conocimiento, comenc\u00e9 a desarrollar un programa de autodefensa con una necesidad de vida real. Con el conocimiento de todas las habilidades de autodefensa que he observado, he observado enormes lagunas al hablar de autodefensa de la vida real, lejos de reglas sin tatami o un anillo.<\/span><\/p>\n<\/div><\/div><\/div><\/section>\n<section class='av_toggle_section av-av_toggle-77de48f582b04b99c83012d2243967c4'  itemscope=\"itemscope\" itemtype=\"https:\/\/schema.org\/CreativeWork\" ><div role=\"tablist\" class=\"single_toggle\" data-tags=\"{Todo} \"  ><p id='toggle-toggle-id-3' data-fake-id='#toggle-id-3' class='toggler  av-title-above '  itemprop=\"headline\"  role='tab' tabindex='0' aria-controls='toggle-id-3' data-slide-speed=\"200\" data-title=\"\u00bfCu\u00e1ndo se fund\u00f3 KEYSI?\" data-title-open=\"\" data-aria_collapsed=\"Click to expand: \u00bfCu\u00e1ndo se fund\u00f3 KEYSI?\" data-aria_expanded=\"Click to collapse: \u00bfCu\u00e1ndo se fund\u00f3 KEYSI?\">\u00bfCu\u00e1ndo se fund\u00f3 KEYSI?<span class=\"toggle_icon\"><span class=\"vert_icon\"><\/span><span class=\"hor_icon\"><\/span><\/span><\/p><div id='toggle-id-3' aria-labelledby='toggle-toggle-id-3' role='region' class='toggle_wrap  av-title-above'  ><div class='toggle_content invers-color '  itemprop=\"text\" ><p><span style=\"color: #000000;\">Keysi fue creado en 1980, per\u00edodo en el que Justo Di\u00e9guez comenz\u00f3 a impartir seminarios de autodefensa en todo el mundo. Este per\u00edodo se compone de 32 a\u00f1os (1980-2012), cuando la empresa KFM fue disuelta hasta hoy, ahora conocida como \u201cKeysi por Justo Di\u00e9guez\u201d.<\/span><\/p>\n<\/div><\/div><\/div><\/section>\n<\/div>\n","protected":false},"excerpt":{"rendered":"","protected":false},"author":117,"featured_media":0,"parent":50,"menu_order":0,"comment_status":"closed","ping_status":"closed","template":"","meta":{"_acf_changed":false,"footnotes":""},"class_list":["post-1339","page","type-page","status-publish","hentry"],"acf":[],"_links":{"self":[{"href":"https:\/\/www.keysiworld.com\/es\/wp-json\/wp\/v2\/pages\/1339","targetHints":{"allow":["GET"]}}],"collection":[{"href":"https:\/\/www.keysiworld.com\/es\/wp-json\/wp\/v2\/pages"}],"about":[{"href":"https:\/\/www.keysiworld.com\/es\/wp-json\/wp\/v2\/types\/page"}],"author":[{"embeddable":true,"href":"https:\/\/www.keysiworld.com\/es\/wp-json\/wp\/v2\/users\/117"}],"replies":[{"embeddable":true,"href":"https:\/\/www.keysiworld.com\/es\/wp-json\/wp\/v2\/comments?post=1339"}],"version-history":[{"count":0,"href":"https:\/\/www.keysiworld.com\/es\/wp-json\/wp\/v2\/pages\/1339\/revisions"}],"up":[{"embeddable":true,"href":"https:\/\/www.keysiworld.com\/es\/wp-json\/wp\/v2\/pages\/50"}],"wp:attachment":[{"href":"https:\/\/www.keysiworld.com\/es\/wp-json\/wp\/v2\/media?parent=1339"}],"curies":[{"name":"wp","href":"https:\/\/api.w.org\/{rel}","templated":true}]}}