{"id":2,"date":"2016-12-28T10:14:05","date_gmt":"2016-12-28T10:14:05","guid":{"rendered":"https:\/\/www.keysiworld.com\/?page_id=2"},"modified":"2025-10-26T23:00:28","modified_gmt":"2025-10-26T22:00:28","slug":"sample-page","status":"publish","type":"page","link":"https:\/\/www.keysiworld.com\/es\/sample-page\/","title":{"rendered":"Inicio"},"content":{"rendered":"<div id='layer_slider_1'  class='avia-layerslider main_color avia-shadow  avia-builder-el-0  el_before_av_section  avia-builder-el-first  container_wrap sidebar_right'  style='height: 569px; max-width: 1410px; margin: 0 auto;'  ><\/div>\n<div id='av_section_1'  class='avia-section av-yk3a-27160c9dbdadc8f611d2b63af3f50e3a main_color avia-section-default avia-no-shadow  avia-builder-el-1  el_after_av_layerslider  el_before_av_one_full  avia-bg-style-scroll container_wrap sidebar_right'  ><div class='container av-section-cont-open' ><div class='template-page content  av-content-small alpha units'><div class='post-entry post-entry-type-page post-entry-2'><div class='entry-content-wrapper clearfix'>\n\n<style type=\"text\/css\" data-created_by=\"avia_inline_auto\" id=\"style-css-av-we4w-9b5ea94f4844a215e547124a621c9ddc\">\n.flex_column.av-we4w-9b5ea94f4844a215e547124a621c9ddc{\nborder-radius:0px 0px 0px 0px;\npadding:0px 0px 0px 0px;\n}\n<\/style>\n<div  class='flex_column av-we4w-9b5ea94f4844a215e547124a621c9ddc av_one_third  avia-builder-el-2  el_before_av_one_third  avia-builder-el-first  first flex_column_div av-zero-column-padding  '     ><p>\n<style type=\"text\/css\" data-created_by=\"avia_inline_auto\" id=\"style-css-av-31gc-aa58b2aec9aadd6c3162b0862334100f\">\n.avia-image-container.av-31gc-aa58b2aec9aadd6c3162b0862334100f img.avia_image{\nbox-shadow:none;\n}\n.avia-image-container.av-31gc-aa58b2aec9aadd6c3162b0862334100f .av-image-caption-overlay-center{\ncolor:#ffffff;\n}\n<\/style>\n<div  class='avia-image-container av-31gc-aa58b2aec9aadd6c3162b0862334100f av-styling- av-img-linked avia-align-center  avia-builder-el-3  el_before_av_textblock  avia-builder-el-first '   itemprop=\"image\" itemscope=\"itemscope\" itemtype=\"https:\/\/schema.org\/ImageObject\" ><div class=\"avia-image-container-inner\"><div class=\"avia-image-overlay-wrap\"><a href=\"https:\/\/www.keysiworld.com\/keysi-courses\/\" class='avia_image '  aria-label='menuiconofomracion'><img decoding=\"async\" fetchpriority=\"high\" class='wp-image-3733 avia-img-lazy-loading-not-3733 avia_image ' src=\"https:\/\/www.keysiworld.com\/wp-content\/uploads\/2016\/12\/menuiconofomracion.png\" alt='' title='menuiconofomracion'  height=\"150\" width=\"150\"  itemprop=\"thumbnailUrl\" srcset=\"https:\/\/www.keysiworld.com\/wp-content\/uploads\/2016\/12\/menuiconofomracion.png 150w, https:\/\/www.keysiworld.com\/wp-content\/uploads\/2016\/12\/menuiconofomracion-100x100.png 100w\" sizes=\"(max-width: 150px) 100vw, 150px\" \/><\/a><\/div><\/div><\/div><br \/>\n<section  class='av_textblock_section av-aqg-dff34b5493a2e1324f045a2e346d3239 '   itemscope=\"itemscope\" itemtype=\"https:\/\/schema.org\/CreativeWork\" ><div class='avia_textblock'  itemprop=\"text\" ><h3 style=\"text-align: center;\"><span style=\"color: #ff6600;\">Formaci\u00f3n<\/span><\/h3>\n<p style=\"text-align: center;\"><span style=\"color: #000000;\">Tu tambi\u00e9n puedes ser instructor Keysi. \u00a1Ap\u00fantate ya!<\/span><\/p>\n<\/div><\/section><\/p><\/div>\n<style type=\"text\/css\" data-created_by=\"avia_inline_auto\" id=\"style-css-av-2nz2-e6ded55950f24c1ce49def5d8a958717\">\n.flex_column.av-2nz2-e6ded55950f24c1ce49def5d8a958717{\nborder-radius:0px 0px 0px 0px;\npadding:0px 0px 0px 0px;\n}\n<\/style>\n<div  class='flex_column av-2nz2-e6ded55950f24c1ce49def5d8a958717 av_one_third  avia-builder-el-5  el_after_av_one_third  el_before_av_one_third  flex_column_div av-zero-column-padding  '     ><p>\n<style type=\"text\/css\" data-created_by=\"avia_inline_auto\" id=\"style-css-av-pfg6-4510fe85a0f0c45388ec291a8b13133c\">\n.avia-image-container.av-pfg6-4510fe85a0f0c45388ec291a8b13133c img.avia_image{\nbox-shadow:none;\n}\n.avia-image-container.av-pfg6-4510fe85a0f0c45388ec291a8b13133c .av-image-caption-overlay-center{\ncolor:#ffffff;\n}\n<\/style>\n<div  class='avia-image-container av-pfg6-4510fe85a0f0c45388ec291a8b13133c av-styling- av-img-linked avia-align-center  avia-builder-el-6  el_before_av_textblock  avia-builder-el-first '   itemprop=\"image\" itemscope=\"itemscope\" itemtype=\"https:\/\/schema.org\/ImageObject\" ><div class=\"avia-image-container-inner\"><div class=\"avia-image-overlay-wrap\"><a href=\"https:\/\/www.keysiworld.com\/es\/calendario\/\" class='avia_image '  aria-label='menuiconoeventos'><img decoding=\"async\" fetchpriority=\"high\" class='wp-image-3737 avia-img-lazy-loading-not-3737 avia_image ' src=\"https:\/\/www.keysiworld.com\/wp-content\/uploads\/2016\/12\/menuiconoeventos.png\" alt='' title='menuiconoeventos'  height=\"150\" width=\"150\"  itemprop=\"thumbnailUrl\" srcset=\"https:\/\/www.keysiworld.com\/wp-content\/uploads\/2016\/12\/menuiconoeventos.png 150w, https:\/\/www.keysiworld.com\/wp-content\/uploads\/2016\/12\/menuiconoeventos-100x100.png 100w\" sizes=\"(max-width: 150px) 100vw, 150px\" \/><\/a><\/div><\/div><\/div><br \/>\n<section  class='av_textblock_section av-mt9m-c114d55b3982a677fea9b67c46531751 '   itemscope=\"itemscope\" itemtype=\"https:\/\/schema.org\/CreativeWork\" ><div class='avia_textblock'  itemprop=\"text\" ><h3 style=\"text-align: center;\"><span style=\"color: #ff6600;\">Eventos<\/span><\/h3>\n<p style=\"text-align: center;\"><span style=\"color: #000000;\">Seminarios, conferencias, Masterclass y mucho m\u00e1s.<\/span><\/p>\n<\/div><\/section><\/p><\/div>\n<style type=\"text\/css\" data-created_by=\"avia_inline_auto\" id=\"style-css-av-k3ea-a6531b131c87b0015c6854c29361319f\">\n.flex_column.av-k3ea-a6531b131c87b0015c6854c29361319f{\nborder-radius:0px 0px 0px 0px;\npadding:0px 0px 0px 0px;\n}\n<\/style>\n<div  class='flex_column av-k3ea-a6531b131c87b0015c6854c29361319f av_one_third  avia-builder-el-8  el_after_av_one_third  avia-builder-el-last  flex_column_div av-zero-column-padding  '     ><p>\n<style type=\"text\/css\" data-created_by=\"avia_inline_auto\" id=\"style-css-av-j30k-c42349ec3c9382d079ec5db82e1ec38a\">\n.avia-image-container.av-j30k-c42349ec3c9382d079ec5db82e1ec38a img.avia_image{\nbox-shadow:none;\n}\n.avia-image-container.av-j30k-c42349ec3c9382d079ec5db82e1ec38a .av-image-caption-overlay-center{\ncolor:#ffffff;\n}\n<\/style>\n<div  class='avia-image-container av-j30k-c42349ec3c9382d079ec5db82e1ec38a av-styling-circle av-img-linked avia-align-center  avia-builder-el-9  el_before_av_textblock  avia-builder-el-first '   itemprop=\"image\" itemscope=\"itemscope\" itemtype=\"https:\/\/schema.org\/ImageObject\" ><div class=\"avia-image-container-inner\"><div class=\"avia-image-overlay-wrap\"><a href=\"https:\/\/www.keysiworld.com\/es\/programas\/keysi-tactical-enforcement\/\" class='avia_image '  aria-label='Tactical 2'><img decoding=\"async\" fetchpriority=\"high\" class='wp-image-7779 avia-img-lazy-loading-not-7779 avia_image ' src=\"https:\/\/www.keysiworld.com\/wp-content\/uploads\/2019\/04\/Tactical-2-180x180.jpg\" alt='' title='Tactical 2'  height=\"180\" width=\"180\"  itemprop=\"thumbnailUrl\" srcset=\"https:\/\/www.keysiworld.com\/wp-content\/uploads\/2019\/04\/Tactical-2-180x180.jpg 180w, https:\/\/www.keysiworld.com\/wp-content\/uploads\/2019\/04\/Tactical-2-80x80.jpg 80w, https:\/\/www.keysiworld.com\/wp-content\/uploads\/2019\/04\/Tactical-2-36x36.jpg 36w, https:\/\/www.keysiworld.com\/wp-content\/uploads\/2019\/04\/Tactical-2-120x120.jpg 120w\" sizes=\"(max-width: 180px) 100vw, 180px\" \/><\/a><\/div><\/div><\/div><br \/>\n<section  class='av_textblock_section av-fvp6-725873a40de5ba74ad8dd054a72a9a7f '   itemscope=\"itemscope\" itemtype=\"https:\/\/schema.org\/CreativeWork\" ><div class='avia_textblock'  itemprop=\"text\" ><h3 style=\"text-align: center;\"><span style=\"color: #ff6600;\">Tactical Enforcement<\/span><\/h3>\n<p style=\"text-align: center;\"><span style=\"color: #000000;\">Formaci\u00f3n especializada para cuerpos de seguridad<\/span><\/p>\n<\/div><\/section><\/p><\/div>\n<\/div><\/div><\/div><!-- close content main div --><\/div><\/div><div id='after_section_1'  class='main_color av_default_container_wrap container_wrap sidebar_right'  ><div class='container av-section-cont-open' ><div class='template-page content  av-content-small alpha units'><div class='post-entry post-entry-type-page post-entry-2'><div class='entry-content-wrapper clearfix'>\n\n<style type=\"text\/css\" data-created_by=\"avia_inline_auto\" id=\"style-css-av-dx1u-6bf5cd604503964686ec4a09965d1cc9\">\n.flex_column.av-dx1u-6bf5cd604503964686ec4a09965d1cc9{\nborder-radius:0px 0px 0px 0px;\npadding:0px 0px 0px 0px;\n}\n<\/style>\n<div  class='flex_column av-dx1u-6bf5cd604503964686ec4a09965d1cc9 av_one_full  avia-builder-el-11  el_after_av_section  el_before_av_hr  avia-builder-el-first  first flex_column_div av-zero-column-padding  '     ><p>\n<style type=\"text\/css\" data-created_by=\"avia_inline_auto\" id=\"style-css-av-ca2i-376f559fde28e9f96637ecb3ba9e7437\">\n#top .av-special-heading.av-ca2i-376f559fde28e9f96637ecb3ba9e7437{\npadding-bottom:5px;\n}\nbody .av-special-heading.av-ca2i-376f559fde28e9f96637ecb3ba9e7437 .av-special-heading-tag .heading-char{\nfont-size:25px;\n}\n.av-special-heading.av-ca2i-376f559fde28e9f96637ecb3ba9e7437 .av-subheading{\nfont-size:15px;\n}\n<\/style>\n<div  class='av-special-heading av-ca2i-376f559fde28e9f96637ecb3ba9e7437 av-special-heading-h2 meta-heading blockquote modern-quote modern-centered  avia-builder-el-12  el_before_av_blog  avia-builder-el-first '><h2 class='av-special-heading-tag '  itemprop=\"headline\"  >Blog y Noticias<\/h2><div class=\"special-heading-border\"><div class=\"special-heading-inner-border\"><\/div><\/div><\/div><br \/>\n<div  data-slideshow-options=\"{&quot;animation&quot;:&quot;fade&quot;,&quot;autoplay&quot;:false,&quot;loop_autoplay&quot;:&quot;once&quot;,&quot;interval&quot;:5,&quot;loop_manual&quot;:&quot;manual-endless&quot;,&quot;autoplay_stopper&quot;:false,&quot;noNavigation&quot;:false,&quot;show_slide_delay&quot;:90}\" class='avia-content-slider avia-content-grid-active avia-content-slider1 avia-content-slider-odd  avia-builder-el-13  el_after_av_heading  avia-builder-el-last  av-slideshow-ui av-control-default   av-no-slider-navigation av-slideshow-manual av-loop-once av-loop-manual-endless '  itemscope=\"itemscope\" itemtype=\"https:\/\/schema.org\/Blog\" ><div class=\"avia-content-slider-inner\"><div class=\"slide-entry-wrap\"><article class='slide-entry flex_column  post-entry post-entry-11074 slide-entry-overview slide-loop-1 slide-parity-odd  av_one_third first real-thumbnail posttype-post post-format-standard'  itemscope=\"itemscope\" itemtype=\"https:\/\/schema.org\/CreativeWork\" ><a href='https:\/\/www.keysiworld.com\/es\/keysi-world-conference-2023-countdown-3\/' data-rel='slide-1' class='slide-image' title='Keysi World Conference 2023'><img decoding=\"async\" fetchpriority=\"high\" width=\"495\" height=\"400\" src=\"https:\/\/www.keysiworld.com\/wp-content\/uploads\/2022\/02\/kwc2023-495x400.jpg\" class=\"wp-image-10942 avia-img-lazy-loading-not-10942 attachment-portfolio size-portfolio wp-post-image\" alt=\"\" srcset=\"https:\/\/www.keysiworld.com\/wp-content\/uploads\/2022\/02\/kwc2023-495x400.jpg 495w, https:\/\/www.keysiworld.com\/wp-content\/uploads\/2022\/02\/kwc2023-845x684.jpg 845w\" sizes=\"(max-width: 495px) 100vw, 495px\" \/><\/a><div class=\"slide-content\"><header class=\"entry-content-header\" aria-label=\"Slide: Keysi World Conference 2023\"><h3 class='slide-entry-title entry-title '  itemprop=\"headline\" ><a href='https:\/\/www.keysiworld.com\/es\/keysi-world-conference-2023-countdown-3\/' title='Keysi World Conference 2023'>Keysi World Conference 2023<\/a><\/h3><span class=\"av-vertical-delimiter\"><\/span><\/header><div class=\"slide-meta\"><time class='slide-meta-time updated'  itemprop=\"datePublished\" datetime=\"2023-08-09T12:28:23+02:00\" >9 de agosto de 2023<\/time><\/div><div class='slide-entry-excerpt entry-content'  itemprop=\"text\" >\r\n\r\n\r\n\r\n\r\n\r\n\r\n\r\n\r\n\r\n\r\n\r\n\r\n\r\n\r\n\r\n\r\n\r\n\r\n\r\n\r\n\r\n<\/div><\/div><footer class=\"entry-footer\"><\/footer><span class='hidden'>\n\t\t\t\t<span class='av-structured-data'  itemprop=\"image\" itemscope=\"itemscope\" itemtype=\"https:\/\/schema.org\/ImageObject\" >\n\t\t\t\t\t\t<span itemprop='url'>https:\/\/www.keysiworld.com\/wp-content\/uploads\/2022\/02\/kwc2023.jpg<\/span>\n\t\t\t\t\t\t<span itemprop='height'>1152<\/span>\n\t\t\t\t\t\t<span itemprop='width'>2048<\/span>\n\t\t\t\t<\/span>\n\t\t\t\t<span class='av-structured-data'  itemprop=\"publisher\" itemtype=\"https:\/\/schema.org\/Organization\" itemscope=\"itemscope\" >\n\t\t\t\t\t\t<span itemprop='name'>Arkadius Nowakowski<\/span>\n\t\t\t\t\t\t<span itemprop='logo' itemscope itemtype='https:\/\/schema.org\/ImageObject'>\n\t\t\t\t\t\t\t<span itemprop='url'>https:\/\/www.keysiworld.com\/wp-content\/uploads\/2019\/08\/Keysi-Fighting-Method-Logotipo-800x311.png<\/span>\n\t\t\t\t\t\t<\/span>\n\t\t\t\t<\/span><span class='av-structured-data'  itemprop=\"author\" itemscope=\"itemscope\" itemtype=\"https:\/\/schema.org\/Person\" ><span itemprop='name'>Arkadius Nowakowski<\/span><\/span><span class='av-structured-data'  itemprop=\"datePublished\" datetime=\"2016-12-28T10:14:05+01:00\" >2023-08-09 12:28:23<\/span><span class='av-structured-data'  itemprop=\"dateModified\" itemtype=\"https:\/\/schema.org\/dateModified\" >2023-08-09 12:38:25<\/span><span class='av-structured-data'  itemprop=\"mainEntityOfPage\" itemtype=\"https:\/\/schema.org\/mainEntityOfPage\" ><span itemprop='name'>Keysi World Conference 2023<\/span><\/span><\/span><\/article><article class='slide-entry flex_column  post-entry post-entry-10860 slide-entry-overview slide-loop-2 slide-parity-even  av_one_third  real-thumbnail posttype-post post-format-standard'  itemscope=\"itemscope\" itemtype=\"https:\/\/schema.org\/CreativeWork\" ><a href='https:\/\/www.keysiworld.com\/es\/dates-for-keysi-instructor-courses-in-spain-for-2023-2\/' data-rel='slide-1' class='slide-image' title='Dates for KEYSI Instructor Courses in Spain for 2023'><img decoding=\"async\" fetchpriority=\"high\" width=\"495\" height=\"400\" src=\"https:\/\/www.keysiworld.com\/wp-content\/uploads\/2023\/01\/IDP-ESPANA-2023-495x400.jpg\" class=\"wp-image-10791 avia-img-lazy-loading-not-10791 attachment-portfolio size-portfolio wp-post-image\" alt=\"\" srcset=\"https:\/\/www.keysiworld.com\/wp-content\/uploads\/2023\/01\/IDP-ESPANA-2023-495x400.jpg 495w, https:\/\/www.keysiworld.com\/wp-content\/uploads\/2023\/01\/IDP-ESPANA-2023-845x684.jpg 845w\" sizes=\"(max-width: 495px) 100vw, 495px\" \/><\/a><div class=\"slide-content\"><header class=\"entry-content-header\" aria-label=\"Slide: Dates for KEYSI Instructor Courses in Spain for 2023\"><h3 class='slide-entry-title entry-title '  itemprop=\"headline\" ><a href='https:\/\/www.keysiworld.com\/es\/dates-for-keysi-instructor-courses-in-spain-for-2023-2\/' title='Dates for KEYSI Instructor Courses in Spain for 2023'>Dates for KEYSI Instructor Courses in Spain for 2023<\/a><\/h3><span class=\"av-vertical-delimiter\"><\/span><\/header><div class=\"slide-meta\"><time class='slide-meta-time updated'  itemprop=\"datePublished\" datetime=\"2023-01-14T16:22:23+01:00\" >14 de enero de 2023<\/time><\/div><div class='slide-entry-excerpt entry-content'  itemprop=\"text\" >The dates for the upcoming KEYSI instructor courses in Spain\u2026<\/div><\/div><footer class=\"entry-footer\"><\/footer><span class='hidden'>\n\t\t\t\t<span class='av-structured-data'  itemprop=\"image\" itemscope=\"itemscope\" itemtype=\"https:\/\/schema.org\/ImageObject\" >\n\t\t\t\t\t\t<span itemprop='url'>https:\/\/www.keysiworld.com\/wp-content\/uploads\/2023\/01\/IDP-ESPANA-2023.jpg<\/span>\n\t\t\t\t\t\t<span itemprop='height'>1200<\/span>\n\t\t\t\t\t\t<span itemprop='width'>1800<\/span>\n\t\t\t\t<\/span>\n\t\t\t\t<span class='av-structured-data'  itemprop=\"publisher\" itemtype=\"https:\/\/schema.org\/Organization\" itemscope=\"itemscope\" >\n\t\t\t\t\t\t<span itemprop='name'>Arkadius Nowakowski<\/span>\n\t\t\t\t\t\t<span itemprop='logo' itemscope itemtype='https:\/\/schema.org\/ImageObject'>\n\t\t\t\t\t\t\t<span itemprop='url'>https:\/\/www.keysiworld.com\/wp-content\/uploads\/2019\/08\/Keysi-Fighting-Method-Logotipo-800x311.png<\/span>\n\t\t\t\t\t\t<\/span>\n\t\t\t\t<\/span><span class='av-structured-data'  itemprop=\"author\" itemscope=\"itemscope\" itemtype=\"https:\/\/schema.org\/Person\" ><span itemprop='name'>Arkadius Nowakowski<\/span><\/span><span class='av-structured-data'  itemprop=\"datePublished\" datetime=\"2016-12-28T10:14:05+01:00\" >2023-01-14 16:22:23<\/span><span class='av-structured-data'  itemprop=\"dateModified\" itemtype=\"https:\/\/schema.org\/dateModified\" >2023-01-14 16:22:23<\/span><span class='av-structured-data'  itemprop=\"mainEntityOfPage\" itemtype=\"https:\/\/schema.org\/mainEntityOfPage\" ><span itemprop='name'>Dates for KEYSI Instructor Courses in Spain for 2023<\/span><\/span><\/span><\/article><article class='slide-entry flex_column  post-entry post-entry-10721 slide-entry-overview slide-loop-3 slide-parity-odd  post-entry-last  av_one_third  real-thumbnail posttype-post post-format-standard'  itemscope=\"itemscope\" itemtype=\"https:\/\/schema.org\/CreativeWork\" ><a href='https:\/\/www.keysiworld.com\/es\/keysi-world-conference-2022-es\/' data-rel='slide-1' class='slide-image' title='Keysi World Conference 2022'><img decoding=\"async\" fetchpriority=\"high\" width=\"495\" height=\"400\" src=\"https:\/\/www.keysiworld.com\/wp-content\/uploads\/2022\/05\/kwc2022-01-495x400.jpg\" class=\"wp-image-10629 avia-img-lazy-loading-not-10629 attachment-portfolio size-portfolio wp-post-image\" alt=\"\" \/><\/a><div class=\"slide-content\"><header class=\"entry-content-header\" aria-label=\"Slide: Keysi World Conference 2022\"><h3 class='slide-entry-title entry-title '  itemprop=\"headline\" ><a href='https:\/\/www.keysiworld.com\/es\/keysi-world-conference-2022-es\/' title='Keysi World Conference 2022'>Keysi World Conference 2022<\/a><\/h3><span class=\"av-vertical-delimiter\"><\/span><\/header><div class=\"slide-meta\"><time class='slide-meta-time updated'  itemprop=\"datePublished\" datetime=\"2022-05-26T18:53:07+02:00\" >26 de mayo de 2022<\/time><\/div><div class='slide-entry-excerpt entry-content'  itemprop=\"text\" >\r\n\r\n\r\n\r\n\r\n\r\n\r\n\r\n\r\n\r\n\r\n\r\n\r\n\r\n<\/div><\/div><footer class=\"entry-footer\"><\/footer><span class='hidden'>\n\t\t\t\t<span class='av-structured-data'  itemprop=\"image\" itemscope=\"itemscope\" itemtype=\"https:\/\/schema.org\/ImageObject\" >\n\t\t\t\t\t\t<span itemprop='url'>https:\/\/www.keysiworld.com\/wp-content\/uploads\/2022\/05\/kwc2022-01.jpg<\/span>\n\t\t\t\t\t\t<span itemprop='height'>576<\/span>\n\t\t\t\t\t\t<span itemprop='width'>1024<\/span>\n\t\t\t\t<\/span>\n\t\t\t\t<span class='av-structured-data'  itemprop=\"publisher\" itemtype=\"https:\/\/schema.org\/Organization\" itemscope=\"itemscope\" >\n\t\t\t\t\t\t<span itemprop='name'>Arkadius Nowakowski<\/span>\n\t\t\t\t\t\t<span itemprop='logo' itemscope itemtype='https:\/\/schema.org\/ImageObject'>\n\t\t\t\t\t\t\t<span itemprop='url'>https:\/\/www.keysiworld.com\/wp-content\/uploads\/2019\/08\/Keysi-Fighting-Method-Logotipo-800x311.png<\/span>\n\t\t\t\t\t\t<\/span>\n\t\t\t\t<\/span><span class='av-structured-data'  itemprop=\"author\" itemscope=\"itemscope\" itemtype=\"https:\/\/schema.org\/Person\" ><span itemprop='name'>Arkadius Nowakowski<\/span><\/span><span class='av-structured-data'  itemprop=\"datePublished\" datetime=\"2016-12-28T10:14:05+01:00\" >2022-05-26 18:53:07<\/span><span class='av-structured-data'  itemprop=\"dateModified\" itemtype=\"https:\/\/schema.org\/dateModified\" >2022-05-26 18:56:03<\/span><span class='av-structured-data'  itemprop=\"mainEntityOfPage\" itemtype=\"https:\/\/schema.org\/mainEntityOfPage\" ><span itemprop='name'>Keysi World Conference 2022<\/span><\/span><\/span><\/article><\/div><\/div><div class='pagination-wrap pagination-slider'><nav class='pagination'><span class='pagination-meta'>P\u00e1gina 1 de 5<\/span><span class='current'>1<\/span><a href='https:\/\/www.keysiworld.com\/es\/wp-json\/wp\/v2\/pages\/2\/?avia-element-paging=2' class='inactive next_page' >2<\/a><a href='https:\/\/www.keysiworld.com\/es\/wp-json\/wp\/v2\/pages\/2\/?avia-element-paging=3' class='inactive' >3<\/a><a href='https:\/\/www.keysiworld.com\/es\/wp-json\/wp\/v2\/pages\/2\/?avia-element-paging=4' class='inactive' >4<\/a><a href='https:\/\/www.keysiworld.com\/es\/wp-json\/wp\/v2\/pages\/2\/?avia-element-paging=5' class='inactive' >5<\/a><\/nav>\n<\/div><\/div><\/p><\/div>\n<div  class='hr av-6r4u-930c66558a8f07044c7bceeccf14f4b7 hr-default  avia-builder-el-14  el_after_av_one_full  el_before_av_one_half '><span class='hr-inner '><span class=\"hr-inner-style\"><\/span><\/span><\/div>\n\n<style type=\"text\/css\" data-created_by=\"avia_inline_auto\" id=\"style-css-av-hl4-0121f1cd41043f6f37883895b7501edd\">\n.flex_column.av-hl4-0121f1cd41043f6f37883895b7501edd{\nborder-radius:0px 0px 0px 0px;\npadding:0px 0px 0px 0px;\n}\n<\/style>\n<div  class='flex_column av-hl4-0121f1cd41043f6f37883895b7501edd av_one_half  avia-builder-el-15  el_after_av_hr  el_before_av_one_half  first flex_column_div av-zero-column-padding  '     ><div  class='avia-video av-mh88b937-845839e73bc7fec324e28972a0f99bbf avia-video-16-9 av-no-preview-image avia-video-load-always av-lazyload-immediate av-lazyload-video-embed'  itemprop=\"video\" itemtype=\"https:\/\/schema.org\/VideoObject\"  data-original_url='https:\/\/www.youtube.com\/watch?v=UsSNYOEdopI'><script type='text\/html' class='av-video-tmpl'><div class='avia-iframe-wrap'><iframe loading=\"lazy\" width=\"1500\" height=\"844\" src=\"https:\/\/www.youtube.com\/embed\/UsSNYOEdopI?feature=oembed&autoplay=0&loop=0&controls=1&mute=0\" frameborder=\"0\" allowfullscreen><\/iframe><\/div><\/script><div class='av-click-to-play-overlay'><div class=\"avia_playpause_icon\"><\/div><\/div><\/div><\/div>\n\n<style type=\"text\/css\" data-created_by=\"avia_inline_auto\" id=\"style-css-av-2qm2-f82954e6d98f4572c787b466c543c728\">\n.flex_column.av-2qm2-f82954e6d98f4572c787b466c543c728{\nborder-radius:0px 0px 0px 0px;\npadding:0px 0px 0px 0px;\n}\n<\/style>\n<div  class='flex_column av-2qm2-f82954e6d98f4572c787b466c543c728 av_one_half  avia-builder-el-17  el_after_av_one_half  avia-builder-el-last  flex_column_div av-zero-column-padding  '     ><div  class='avia-button-wrap avia-button-center  avia-builder-el-18  avia-builder-el-no-sibling '>\n<style type=\"text\/css\" data-created_by=\"avia_inline_auto\" id=\"style-css-av-mh88dmxd-2d2bdd06276429a4745ad17c74eb39a5\">\n#top #wrap_all .avia-button.av-mh88dmxd-2d2bdd06276429a4745ad17c74eb39a5:hover{\ncolor:white;\ntransition:all 0.4s ease-in-out;\n}\n#top #wrap_all .avia-button.av-mh88dmxd-2d2bdd06276429a4745ad17c74eb39a5:hover .avia-svg-icon svg:first-child{\nfill:white;\nstroke:white;\n}\n<\/style>\n<a href='https:\/\/www.keysiworld.com\/es\/contacto\/' class='avia-color-theme-color avia-font-color-theme-color avia-button avia-button-fullwidth av-mh88dmxd-2d2bdd06276429a4745ad17c74eb39a5 avia-icon_select-yes-left-icon avia-color-theme-color'   aria-label=\"P\u00f3ngase en contacto para obtener m\u00e1s informaci\u00f3n.\"><span class='avia_button_icon avia_button_icon_left avia-svg-icon avia-font-svg_entypo-fontello' data-av_svg_icon='mail' data-av_iconset='svg_entypo-fontello'><svg version=\"1.1\" xmlns=\"http:\/\/www.w3.org\/2000\/svg\" width=\"29\" height=\"32\" viewBox=\"0 0 29 32\" preserveAspectRatio=\"xMidYMid meet\" aria-labelledby='av-svg-title-4' aria-describedby='av-svg-desc-4' role=\"graphics-symbol\">\n<title id='av-svg-title-4'>Mail<\/title>\n<desc id='av-svg-desc-4'>Mail<\/desc>\n<path d=\"M0.96 8.448q-1.024-0.576-0.896-1.28 0.064-0.448 0.832-0.448h27.072q1.216 0 0.64 1.024-0.256 0.448-0.768 0.704-0.448 0.192-6.144 3.264t-5.824 3.136q-0.512 0.32-1.472 0.32-0.896 0-1.472-0.32-0.128-0.064-5.824-3.136t-6.144-3.264zM28.16 11.648q0.64-0.32 0.64 0.32v11.776q0 0.512-0.544 1.024t-1.056 0.512h-25.6q-0.512 0-1.056-0.512t-0.544-1.024v-11.776q0-0.64 0.64-0.32l12.288 6.4q0.576 0.32 1.472 0.32t1.472-0.32z\"><\/path>\n<\/svg><\/span><span class='avia_iconbox_title' >P\u00f3ngase en contacto para obtener m\u00e1s informaci\u00f3n.<\/span><span class='avia_button_background avia-button avia-button-fullwidth avia-color-theme-color-highlight'><\/span><\/a><\/div><\/div>\n","protected":false},"excerpt":{"rendered":"","protected":false},"author":1,"featured_media":0,"parent":0,"menu_order":0,"comment_status":"closed","ping_status":"open","template":"","meta":{"_acf_changed":false,"footnotes":""},"class_list":["post-2","page","type-page","status-publish","hentry"],"acf":[],"_links":{"self":[{"href":"https:\/\/www.keysiworld.com\/es\/wp-json\/wp\/v2\/pages\/2","targetHints":{"allow":["GET"]}}],"collection":[{"href":"https:\/\/www.keysiworld.com\/es\/wp-json\/wp\/v2\/pages"}],"about":[{"href":"https:\/\/www.keysiworld.com\/es\/wp-json\/wp\/v2\/types\/page"}],"author":[{"embeddable":true,"href":"https:\/\/www.keysiworld.com\/es\/wp-json\/wp\/v2\/users\/1"}],"replies":[{"embeddable":true,"href":"https:\/\/www.keysiworld.com\/es\/wp-json\/wp\/v2\/comments?post=2"}],"version-history":[{"count":0,"href":"https:\/\/www.keysiworld.com\/es\/wp-json\/wp\/v2\/pages\/2\/revisions"}],"wp:attachment":[{"href":"https:\/\/www.keysiworld.com\/es\/wp-json\/wp\/v2\/media?parent=2"}],"curies":[{"name":"wp","href":"https:\/\/api.w.org\/{rel}","templated":true}]}}