{"id":50,"date":"2017-01-02T10:33:54","date_gmt":"2017-01-02T10:33:54","guid":{"rendered":"https:\/\/www.keysiworld.com\/?page_id=50"},"modified":"2017-05-23T10:21:53","modified_gmt":"2017-05-23T10:21:53","slug":"keysi-world","status":"publish","type":"page","link":"https:\/\/www.keysiworld.com\/es\/keysi-world\/","title":{"rendered":"Keysi World"},"content":{"rendered":"<div id='layer_slider_1'  class='avia-layerslider main_color avia-shadow  avia-builder-el-0  el_before_av_one_full  avia-builder-el-first  container_wrap sidebar_right'  style='height: 171px; max-width: 1410px; margin: 0 auto;'  ><\/div><div id='after_layer_slider_1'  class='main_color av_default_container_wrap container_wrap sidebar_right'  ><div class='container av-section-cont-open' ><div class='template-page content  av-content-small alpha units'><div class='post-entry post-entry-type-page post-entry-50'><div class='entry-content-wrapper clearfix'>\n\n<style type=\"text\/css\" data-created_by=\"avia_inline_auto\" id=\"style-css-av-av_one_full-6126cab7d8fab8d08143dd2dacdf673c\">\n.flex_column.av-av_one_full-6126cab7d8fab8d08143dd2dacdf673c{\nborder-radius:0px 0px 0px 0px;\npadding:0px 0px 0px 0px;\n}\n<\/style>\n<div  class='flex_column av-av_one_full-6126cab7d8fab8d08143dd2dacdf673c av_one_full  avia-builder-el-1  el_after_av_layerslider  el_before_av_section  avia-builder-el-no-sibling  first flex_column_div av-zero-column-padding  '     ><style type=\"text\/css\" data-created_by=\"avia_inline_auto\" id=\"style-css-av-av_heading-fb32aaed414920e227081398f7a063b2\">\n#top .av-special-heading.av-av_heading-fb32aaed414920e227081398f7a063b2{\npadding-bottom:20px;\ncolor:#000000;\n}\nbody .av-special-heading.av-av_heading-fb32aaed414920e227081398f7a063b2 .av-special-heading-tag .heading-char{\nfont-size:25px;\n}\n.av-special-heading.av-av_heading-fb32aaed414920e227081398f7a063b2 .special-heading-inner-border{\nborder-color:#000000;\n}\n.av-special-heading.av-av_heading-fb32aaed414920e227081398f7a063b2 .av-subheading{\nfont-size:15px;\n}\n<\/style>\n<div  class='av-special-heading av-av_heading-fb32aaed414920e227081398f7a063b2 av-special-heading-h3 custom-color-heading blockquote modern-quote modern-centered  avia-builder-el-2  avia-builder-el-no-sibling '><h3 class='av-special-heading-tag '  itemprop=\"headline\"  >El PROP\u00d3SITO \u2013 RESPETO \u2013 PACIENCIA \u2013 PERSISTENCIA, es como una rueda cuyo eje es la PERSPECTIVA, el punto central desde el cual se pueden observar los otros principios.<\/h3><div class=\"special-heading-border\"><div class=\"special-heading-inner-border\"><\/div><\/div><\/div><\/div><\/div><\/div><\/div><!-- close content main div --><\/div><\/div>\n<style type=\"text\/css\" data-created_by=\"avia_inline_auto\" id=\"style-css-av-av_section-9f13a71b45f7bab5a72b86240b9247b2\">\n.avia-section.av-av_section-9f13a71b45f7bab5a72b86240b9247b2 .av-section-color-overlay{\nopacity:0.8;\nbackground-color:#bfbfbf;\n}\n<\/style>\n<div id='av_section_1'  class='avia-section av-av_section-9f13a71b45f7bab5a72b86240b9247b2 main_color avia-section-default avia-no-shadow  avia-builder-el-3  el_after_av_one_full  el_before_av_one_full  avia-bg-style-scroll av-section-color-overlay-active av-section-with-video-bg container_wrap sidebar_right'   data-section-video-ratio='16:9'><div  class='avia-slideshow av_slideshow_obj-1-69d142f414e35 avia-slideshow-featured av_slideshow avia-slide-slider av-slideshow-ui av-control-default av-slideshow-manual av-loop-once av-loop-manual-endless av-default-height-applied  av-section-video-bg avia-slideshow-1' data-slideshow-options=\"{&quot;animation&quot;:&quot;slide&quot;,&quot;autoplay&quot;:false,&quot;loop_autoplay&quot;:&quot;once&quot;,&quot;interval&quot;:5,&quot;loop_manual&quot;:&quot;manual-endless&quot;,&quot;autoplay_stopper&quot;:false,&quot;noNavigation&quot;:false,&quot;bg_slider&quot;:false,&quot;keep_padding&quot;:false,&quot;hoverpause&quot;:false,&quot;show_slide_delay&quot;:0}\"  itemprop=\"image\" itemscope=\"itemscope\" itemtype=\"https:\/\/schema.org\/ImageObject\" ><ul class='avia-slideshow-inner ' style='padding-bottom: 28.666666666667%;'><li  data-controls='disabled' data-mute='aviaTBaviaTBvideo_mute' data-loop='1' data-disable-autoplay=''  data-video-ratio='1.7777777777778' class='avia-slideshow-slide av_slideshow_obj-1-69d142f414e35__0  av-video-slide  av-video-service-youtube  av-hide-video-controls av-mute-video av-loop-video  av-single-slide slide-1 slide-odd'><div data-rel='slideshow-1' class='avia-slide-wrap '   ><div class='av-click-overlay'><\/div><div class='mejs-mediaelement'  itemprop=\"video\" itemtype=\"https:\/\/schema.org\/VideoObject\" ><div height='1600' width='900' class='av_youtube_frame' id='player_50_261341631_1498195808'  data-autoplay='0'  data-videoid='UsSNYOEdopI'  data-hd='1'  data-rel='0'  data-wmode='opaque'  data-loop='0'  data-version='3'  data-autohide='1'  data-color='white'  data-controls='0'  data-iv_load_policy='3'  data-original_url='https:\/\/www.youtube.com\/watch?v=UsSNYOEdopI' ><\/div><\/div><div class=\"av-click-to-play-overlay\"><div class=\"avia_playpause_icon\"><\/div><\/div><\/div><\/li><\/ul><\/div><div class=\"av-section-color-overlay-wrap\"><div class=\"av-section-color-overlay\"><\/div><div class='container av-section-cont-open' ><div class='template-page content  av-content-small alpha units'><div class='post-entry post-entry-type-page post-entry-50'><div class='entry-content-wrapper clearfix'>\n\n<style type=\"text\/css\" data-created_by=\"avia_inline_auto\" id=\"style-css-av-av_hr-373523e22f0366b13a549278f1ad345e\">\n#top .hr.hr-invisible.av-av_hr-373523e22f0366b13a549278f1ad345e{\nheight:10px;\n}\n<\/style>\n<div  class='hr av-av_hr-373523e22f0366b13a549278f1ad345e hr-invisible  avia-builder-el-4  el_before_av_textblock  avia-builder-el-first '><span class='hr-inner '><span class=\"hr-inner-style\"><\/span><\/span><\/div>\n<section  class='av_textblock_section av-av_textblock-396ddf1f42196ca838231e61a4602801 '   itemscope=\"itemscope\" itemtype=\"https:\/\/schema.org\/CreativeWork\" ><div class='avia_textblock'  itemprop=\"text\" ><h4><span style=\"color: #000000;\">FILOSOFIA<\/span><\/h4>\n<p><span style=\"color: #000000;\">Keysi no es el arte de las artes, ni una combinaci\u00f3n de t\u00e9cnicas de diferentes estilos sino una forma, una filosof\u00eda de vida basada en el crecimiento personal, con las artes marciales como un elemento de transporte que sigue una filosof\u00eda basada en el conocimiento, la investigaci\u00f3n y la experimentaci\u00f3n. Es una manera de entender, desarrollar, expresar y transmitir conocimiento. Keysi no es una copia de esto o aquello, tampoco es una explicaci\u00f3n te\u00f3rica de muchas artes marciales diferentes; por el contrario, son conceptos y principios perfectamente planificados y definidos, fruto de un riguroso y largo trabajo introspectivo.<\/span><\/p>\n<h4><span style=\"color: #000000;\">APRENDIZAJE, CRECIMIENTO Y EVOLUCI\u00d3N<\/span><\/h4>\n<p><span style=\"color: #000000;\">Los seres humanos son la especie dominante debido a su capacidad de adaptaci\u00f3n y evoluci\u00f3n. Debemos seguir evolucionando y creciendo, este proceso es la consecuencia de nuestro instinto como especie. El concepto en el m\u00e9todo de Keysi es tener habilidades constantes y activas en el campo del aprendizaje, este es un lugar sin l\u00edmites, un lugar donde su estado emocional a trav\u00e9s de su mente puede expresar su creatividad en forma f\u00edsica.<\/span><\/p>\n<h4><span style=\"color: #000000;\">CRECIMIENTO Y CREENCIA<\/span><\/h4>\n<p><span style=\"color: #000000;\">El crecimiento personal se basa en la creencia, que no es una meta, es un prop\u00f3sito que nos lleva al m\u00e1s alto nivel de realizaci\u00f3n personal como ser humano. El ser humano y nuestra metodolog\u00eda se basa en el crecimiento personal y Keysi m\u00e9todo tiene la clave que puede abrir la puerta para su camino y ayudarle a encontrarse, el conocimiento interno es la principal fuente de sabidur\u00eda. En los \u00faltimos a\u00f1os nuestra vida ha sufrido una transformaci\u00f3n incre\u00edble, siguiendo un camino que conduce a resultados que s\u00f3lo pod\u00edan describirse como inexplicables, estamos convencidos de que hay otro terreno para el experimento, una trama que desaf\u00eda las leyes de la ciencia y la l\u00f3gica a las que Son un espacio interno que nos libera de los est\u00e1ndares, barreras t\u00e9cnicas y limitaciones, y estas son las cosas que queremos descubrir. Este no es un mundo de fantas\u00eda donde s\u00f3lo se puede alcanzar con la imaginaci\u00f3n.<\/span><\/p>\n<\/div><\/section>\n<\/div><\/div><\/div><!-- close content main div --><\/div><\/div><\/div><div id='after_section_1'  class='main_color av_default_container_wrap container_wrap sidebar_right'  ><div class='container av-section-cont-open' ><div class='template-page content  av-content-small alpha units'><div class='post-entry post-entry-type-page post-entry-50'><div class='entry-content-wrapper clearfix'>\n\n<style type=\"text\/css\" data-created_by=\"avia_inline_auto\" id=\"style-css-av-av_one_full-6126cab7d8fab8d08143dd2dacdf673c\">\n.flex_column.av-av_one_full-6126cab7d8fab8d08143dd2dacdf673c{\nborder-radius:0px 0px 0px 0px;\npadding:0px 0px 0px 0px;\n}\n<\/style>\n<div  class='flex_column av-av_one_full-6126cab7d8fab8d08143dd2dacdf673c av_one_full  avia-builder-el-6  el_after_av_section  el_before_av_one_half  avia-builder-el-first  first flex_column_div av-zero-column-padding  '     ><p>\n<style type=\"text\/css\" data-created_by=\"avia_inline_auto\" id=\"style-css-av-av_hr-616cd310f4c6bf63bbd1f033802c1165\">\n#top .hr.hr-invisible.av-av_hr-616cd310f4c6bf63bbd1f033802c1165{\nheight:20px;\n}\n<\/style>\n<div  class='hr av-av_hr-616cd310f4c6bf63bbd1f033802c1165 hr-invisible  avia-builder-el-7  el_before_av_textblock  avia-builder-el-first '><span class='hr-inner '><span class=\"hr-inner-style\"><\/span><\/span><\/div><br \/>\n<section  class='av_textblock_section av-av_textblock-396ddf1f42196ca838231e61a4602801 '   itemscope=\"itemscope\" itemtype=\"https:\/\/schema.org\/CreativeWork\" ><div class='avia_textblock'  itemprop=\"text\" ><h4><span style=\"color: #ff6600;\">KEYSI EN EL CINE<\/span><\/h4>\n<p id=\"tw-target-text\" class=\"tw-data-text tw-ta tw-text-small\" dir=\"ltr\" data-placeholder=\"Traducci\u00f3n\"><span lang=\"es\" style=\"color: #000000;\"><a href=\"https:\/\/www.keysiworld.com\/wp-content\/uploads\/2017\/01\/14993569_1233268316734945_8997217029260496518_n.jpg\"><img loading=\"lazy\" decoding=\"async\" class=\"alignright wp-image-137\" src=\"https:\/\/www.keysiworld.com\/wp-content\/uploads\/2017\/01\/14993569_1233268316734945_8997217029260496518_n.jpg\" alt=\"Keysi en el cine\" width=\"237\" height=\"348\" data-id=\"137\" srcset=\"https:\/\/www.keysiworld.com\/wp-content\/uploads\/2017\/01\/14993569_1233268316734945_8997217029260496518_n.jpg 480w, https:\/\/www.keysiworld.com\/wp-content\/uploads\/2017\/01\/14993569_1233268316734945_8997217029260496518_n-450x661.jpg 450w\" sizes=\"auto, (max-width: 237px) 100vw, 237px\" \/><\/a>A lo largo de su carrera profesional, Justo Di\u00e9guez trabaj\u00f3 como doblador. Pero no fue hasta la llegada de \u201cBatman Begins\u201d cuando su m\u00e9todo de autodefensa result\u00f3 para el mundo entero. Hollywood m\u00e1s tarde se utiliz\u00f3 con frecuencia creciente dando su visual y dinamismo en otras pel\u00edculas de Hollywood tales como:<\/span><\/p>\n<p class=\"tw-data-text tw-ta tw-text-small\" dir=\"ltr\" data-placeholder=\"Traducci\u00f3n\"><strong><span lang=\"es\" style=\"color: #000000;\">Misi\u00f3n Imposible III<\/span><\/strong><\/p>\n<p class=\"tw-data-text tw-ta tw-text-small\" dir=\"ltr\" data-placeholder=\"Traducci\u00f3n\"><strong><span lang=\"es\" style=\"color: #000000;\">El comienzo de batman <\/span><\/strong><\/p>\n<p class=\"tw-data-text tw-ta tw-text-small\" dir=\"ltr\" data-placeholder=\"Traducci\u00f3n\"><strong><span lang=\"es\" style=\"color: #000000;\">El caballero oscuro<\/span><\/strong><\/p>\n<p class=\"tw-data-text tw-ta tw-text-small\" dir=\"ltr\" data-placeholder=\"Traducci\u00f3n\"><strong><span lang=\"es\" style=\"color: #000000;\">Quantum of Solace (007)<\/span><\/strong><\/p>\n<p class=\"tw-data-text tw-ta tw-text-small\" dir=\"ltr\" data-placeholder=\"Traducci\u00f3n\"><strong><span lang=\"es\" style=\"color: #000000;\">Lucha de Titanes<\/span><\/strong><\/p>\n<p class=\"tw-data-text tw-ta tw-text-small\" dir=\"ltr\" data-placeholder=\"Traducci\u00f3n\"><strong><span lang=\"es\" style=\"color: #000000;\">Primera temporada de Juego de Tronos Jack Reacher<\/span><\/strong><\/p>\n<h4><\/h4>\n<\/div><\/section><br \/>\n<section  class='av_textblock_section av-av_textblock-396ddf1f42196ca838231e61a4602801 '   itemscope=\"itemscope\" itemtype=\"https:\/\/schema.org\/CreativeWork\" ><div class='avia_textblock'  itemprop=\"text\" ><h4><\/h4>\n<h4><span style=\"color: #ff6600;\">\u00bfC\u00daALES SON LAS INFLUENCIAS DEL KEYSI?<\/span><\/h4>\n<p><span style=\"color: #000000;\">Keysi a pesar de su inesperado final y la separaci\u00f3n, influenci\u00f3 positivamente el desarrollo y la presentaci\u00f3n de Keysi en todo el mundo. Durante estos 32 a\u00f1os, los programas de Keysi han evolucionado a trav\u00e9s de la experiencia y el aprendizaje continuo tanto manual como el m\u00e9todo de ense\u00f1anza, cambiando para presentarse de la manera actual.<\/span><\/p>\n<\/div><\/section><br \/>\n<div  class='avia-video av-av_video-803f0ee58f80808f238a0b7ce36e8c35 avia-video-16-9 av-no-preview-image avia-video-load-always av-lazyload-immediate av-lazyload-video-embed'  itemprop=\"video\" itemtype=\"https:\/\/schema.org\/VideoObject\"  data-original_url='https:\/\/www.youtube.com\/watch?v=J6W5nfbI8ts'><script type='text\/html' class='av-video-tmpl'><div class='avia-iframe-wrap'><iframe loading=\"lazy\" width=\"1500\" height=\"844\" src=\"https:\/\/www.youtube.com\/embed\/J6W5nfbI8ts?feature=oembed&autoplay=0&loop=0&controls=1&mute=0\" frameborder=\"0\" allowfullscreen><\/iframe><\/div><\/script><div class='av-click-to-play-overlay'><div class=\"avia_playpause_icon\"><\/div><\/div><\/div><\/p><\/div>\n\n<style type=\"text\/css\" data-created_by=\"avia_inline_auto\" id=\"style-css-av-av_one_half-6126cab7d8fab8d08143dd2dacdf673c\">\n.flex_column.av-av_one_half-6126cab7d8fab8d08143dd2dacdf673c{\nborder-radius:0px 0px 0px 0px;\npadding:0px 0px 0px 0px;\n}\n<\/style>\n<div  class='flex_column av-av_one_half-6126cab7d8fab8d08143dd2dacdf673c av_one_half  avia-builder-el-11  el_after_av_one_full  el_before_av_one_half  first flex_column_div av-zero-column-padding  column-top-margin'     ><section  class='av_textblock_section av-av_textblock-396ddf1f42196ca838231e61a4602801 '   itemscope=\"itemscope\" itemtype=\"https:\/\/schema.org\/CreativeWork\" ><div class='avia_textblock'  itemprop=\"text\" ><h4><span style=\"color: #ff6600;\">C\u00d3DIGO \u00c9TICO<\/span><\/h4>\n<ul>\n<li><span style=\"color: #000000;\"><strong>Prop\u00f3sito<\/strong> \u2013 Es aquello a lo que aspiramos, \u00a1no es un objetivo!<\/span><\/li>\n<li><span style=\"color: #000000;\"><strong>Respeto<\/strong> \u2013 Es la satisfacci\u00f3n que producen de sus propios logros y de los dem\u00e1s.<\/span><\/li>\n<li><span style=\"color: #000000;\"><strong>Paciencia<\/strong> \u2013 Cuando tenemos un prop\u00f3sito claro y mantenemos el ego bajo control.<\/span><\/li>\n<li><span style=\"color: #000000;\"><strong>Persistencia<\/strong> \u2013 Aunque la paciencia es necesaria no ser\u00e1 suficiente sin la ayuda de la persistencia.<\/span><\/li>\n<li><span style=\"color: #000000;\"><strong>Perspectiva<\/strong> -Es la capacidad de establecer lo que es realmente importante en una situaci\u00f3n dada.<\/span><\/li>\n<\/ul>\n<\/div><\/section><\/div>\n\n<style type=\"text\/css\" data-created_by=\"avia_inline_auto\" id=\"style-css-av-av_one_half-0aa7055fe62c3622faec82866afbaeb2\">\n.flex_column.av-av_one_half-0aa7055fe62c3622faec82866afbaeb2{\nborder-radius:0px 0px 0px 0px;\npadding:0px 0px 0px 0px;\n}\n<\/style>\n<div  class='flex_column av-av_one_half-0aa7055fe62c3622faec82866afbaeb2 av_one_half  avia-builder-el-13  el_after_av_one_half  el_before_av_heading  flex_column_div av-zero-column-padding  column-top-margin'     ><section  class='av_textblock_section av-av_textblock-396ddf1f42196ca838231e61a4602801 '   itemscope=\"itemscope\" itemtype=\"https:\/\/schema.org\/CreativeWork\" ><div class='avia_textblock'  itemprop=\"text\" ><h4><span style=\"color: #ff6600;\">EL RESULTADO<\/span><\/h4>\n<p id=\"tw-target-text\" class=\"tw-data-text tw-ta tw-text-small\" dir=\"ltr\" data-placeholder=\"Traducci\u00f3n\"><span style=\"color: #000000;\">Como resultado de estos valores, el m\u00e9todo revolucionario de autodefensa Keysi de Justo Dieguez es un modo de entender la realidad de la calle donde el agresor Predator se convierte en v\u00edctima y la v\u00edctima se convierte en el Predetor, Lejano y Radical, Este m\u00e9todo es una estructura dise\u00f1ada para mejorar la calidad de vida, lo que da al practicante un entrenamiento f\u00edsico, emocional y mental extremo.<\/span><\/p>\n<\/div><\/section><\/div>\n\n<style type=\"text\/css\" data-created_by=\"avia_inline_auto\" id=\"style-css-av-av_heading-7b9517521aeb4207abe6f5f9d41e1561\">\n#top .av-special-heading.av-av_heading-7b9517521aeb4207abe6f5f9d41e1561{\npadding-bottom:10px;\n}\nbody .av-special-heading.av-av_heading-7b9517521aeb4207abe6f5f9d41e1561 .av-special-heading-tag .heading-char{\nfont-size:25px;\n}\n.av-special-heading.av-av_heading-7b9517521aeb4207abe6f5f9d41e1561 .av-subheading{\nfont-size:15px;\n}\n<\/style>\n<div  class='av-special-heading av-av_heading-7b9517521aeb4207abe6f5f9d41e1561 av-special-heading-h3  avia-builder-el-15  el_after_av_one_half  el_before_av_toggle_container '><h3 class='av-special-heading-tag '  itemprop=\"headline\"  >FAQS<\/h3><div class=\"special-heading-border\"><div class=\"special-heading-inner-border\"><\/div><\/div><\/div>\n<div  class='togglecontainer av-av_toggle_container-58d3b55d78679e2c4a6f7b2e625e97f8  avia-builder-el-16  el_after_av_heading  avia-builder-el-last  toggle_close_all' >\n<section class='av_toggle_section av-av_toggle-701ba67febd686490872e29d0772475f'  itemscope=\"itemscope\" itemtype=\"https:\/\/schema.org\/CreativeWork\" ><div role=\"tablist\" class=\"single_toggle\" data-tags=\"{Todo} \"  ><p id='toggle-toggle-id-1' data-fake-id='#toggle-id-1' class='toggler  activeTitle av-title-above '  itemprop=\"headline\"  role='tab' tabindex='0' aria-controls='toggle-id-1' data-slide-speed=\"200\" data-title=\"\u00bfPor qu\u00e9 se llama Keysi?\" data-title-open=\"\" data-aria_collapsed=\"Click to expand: \u00bfPor qu\u00e9 se llama Keysi?\" data-aria_expanded=\"Click to collapse: \u00bfPor qu\u00e9 se llama Keysi?\">\u00bfPor qu\u00e9 se llama Keysi?<span class=\"toggle_icon\"><span class=\"vert_icon\"><\/span><span class=\"hor_icon\"><\/span><\/span><\/p><div id='toggle-id-1' aria-labelledby='toggle-toggle-id-1' role='region' class='toggle_wrap  active_tc av-title-above' style='display:block;' ><div class='toggle_content invers-color '  itemprop=\"text\" ><p><span style=\"color: #000000;\">El nacimiento de la palabra \u201cKeysi\u201d data de la infancia de Justo Di\u00e9guez. Como un ni\u00f1o peque\u00f1o que estaba aprendiendo a hablar, tengo una pronunciaci\u00f3n involuntaria de la palabra espa\u00f1ola \u201cQue Si\u201d que significa \u201cS\u00ed lo har\u00e9!\u201d<\/span><\/p>\n<\/div><\/div><\/div><\/section>\n<section class='av_toggle_section av-av_toggle-8b66ccd16b7f7c5aa8b6331ffd1cd4d6'  itemscope=\"itemscope\" itemtype=\"https:\/\/schema.org\/CreativeWork\" ><div role=\"tablist\" class=\"single_toggle\" data-tags=\"{Todo} \"  ><p id='toggle-toggle-id-2' data-fake-id='#toggle-id-2' class='toggler  av-title-above '  itemprop=\"headline\"  role='tab' tabindex='0' aria-controls='toggle-id-2' data-slide-speed=\"200\" data-title=\"\u00bfQu\u00e9 fue antes de Keysi?\" data-title-open=\"\" data-aria_collapsed=\"Click to expand: \u00bfQu\u00e9 fue antes de Keysi?\" data-aria_expanded=\"Click to collapse: \u00bfQu\u00e9 fue antes de Keysi?\">\u00bfQu\u00e9 fue antes de Keysi?<span class=\"toggle_icon\"><span class=\"vert_icon\"><\/span><span class=\"hor_icon\"><\/span><\/span><\/p><div id='toggle-id-2' aria-labelledby='toggle-toggle-id-2' role='region' class='toggle_wrap  av-title-above'  ><div class='toggle_content invers-color '  itemprop=\"text\" ><p><span style=\"color: #000000;\">La Academia de Autodefensa \u201cKeysi\u201d se remonta a 1975, y es durante este per\u00edodo en que Justo Di\u00e9guez ense\u00f1\u00f3 autodefensa en diferentes estilos; Entre ellos podemos destacar Filipino Kali, Jet Kune Do y el boxeo. Durante el per\u00edodo de 1975-1980, en el cual Justo Di\u00e9guez, a trav\u00e9s de su conocimiento, comenc\u00e9 a desarrollar un programa de autodefensa con una necesidad de vida real. Con el conocimiento de todas las habilidades de autodefensa que he observado, he observado enormes lagunas al hablar de autodefensa de la vida real, lejos de reglas sin tatami o un anillo.<\/span><\/p>\n<\/div><\/div><\/div><\/section>\n<section class='av_toggle_section av-av_toggle-77de48f582b04b99c83012d2243967c4'  itemscope=\"itemscope\" itemtype=\"https:\/\/schema.org\/CreativeWork\" ><div role=\"tablist\" class=\"single_toggle\" data-tags=\"{Todo} \"  ><p id='toggle-toggle-id-3' data-fake-id='#toggle-id-3' class='toggler  av-title-above '  itemprop=\"headline\"  role='tab' tabindex='0' aria-controls='toggle-id-3' data-slide-speed=\"200\" data-title=\"\u00bfCu\u00e1ndo se fund\u00f3 KEYSI?\" data-title-open=\"\" data-aria_collapsed=\"Click to expand: \u00bfCu\u00e1ndo se fund\u00f3 KEYSI?\" data-aria_expanded=\"Click to collapse: \u00bfCu\u00e1ndo se fund\u00f3 KEYSI?\">\u00bfCu\u00e1ndo se fund\u00f3 KEYSI?<span class=\"toggle_icon\"><span class=\"vert_icon\"><\/span><span class=\"hor_icon\"><\/span><\/span><\/p><div id='toggle-id-3' aria-labelledby='toggle-toggle-id-3' role='region' class='toggle_wrap  av-title-above'  ><div class='toggle_content invers-color '  itemprop=\"text\" ><p><span style=\"color: #000000;\">Keysi fue creado en 1980, per\u00edodo en el que Justo Di\u00e9guez comenz\u00f3 a impartir seminarios de autodefensa en todo el mundo. Este per\u00edodo se compone de 32 a\u00f1os (1980-2012), cuando la empresa KFM fue disuelta hasta hoy, ahora conocida como \u201cKeysi por Justo Di\u00e9guez\u201d.<\/span><\/p>\n<\/div><\/div><\/div><\/section>\n<\/div>\n","protected":false},"excerpt":{"rendered":"","protected":false},"author":1,"featured_media":0,"parent":0,"menu_order":0,"comment_status":"closed","ping_status":"closed","template":"","meta":{"_acf_changed":false,"footnotes":""},"class_list":["post-50","page","type-page","status-publish","hentry"],"acf":[],"_links":{"self":[{"href":"https:\/\/www.keysiworld.com\/es\/wp-json\/wp\/v2\/pages\/50","targetHints":{"allow":["GET"]}}],"collection":[{"href":"https:\/\/www.keysiworld.com\/es\/wp-json\/wp\/v2\/pages"}],"about":[{"href":"https:\/\/www.keysiworld.com\/es\/wp-json\/wp\/v2\/types\/page"}],"author":[{"embeddable":true,"href":"https:\/\/www.keysiworld.com\/es\/wp-json\/wp\/v2\/users\/1"}],"replies":[{"embeddable":true,"href":"https:\/\/www.keysiworld.com\/es\/wp-json\/wp\/v2\/comments?post=50"}],"version-history":[{"count":0,"href":"https:\/\/www.keysiworld.com\/es\/wp-json\/wp\/v2\/pages\/50\/revisions"}],"wp:attachment":[{"href":"https:\/\/www.keysiworld.com\/es\/wp-json\/wp\/v2\/media?parent=50"}],"curies":[{"name":"wp","href":"https:\/\/api.w.org\/{rel}","templated":true}]}}