{"id":657,"date":"2017-03-22T19:12:12","date_gmt":"2017-03-22T19:12:12","guid":{"rendered":"https:\/\/www.keysiworld.com\/?page_id=657"},"modified":"2025-10-26T23:45:55","modified_gmt":"2025-10-26T22:45:55","slug":"keysi-fighting-method","status":"publish","type":"page","link":"https:\/\/www.keysiworld.com\/es\/programas\/keysi-fighting-method\/","title":{"rendered":"Keysi Fighting Method"},"content":{"rendered":"<div id='layer_slider_1'  class='avia-layerslider main_color avia-shadow  avia-builder-el-0  el_before_av_one_half  avia-builder-el-first  container_wrap sidebar_right'  style='height: 351px; max-width: 1410px; margin: 0 auto;'  ><\/div><div id='after_layer_slider_1'  class='main_color av_default_container_wrap container_wrap sidebar_right'  ><div class='container av-section-cont-open' ><div class='template-page content  av-content-small alpha units'><div class='post-entry post-entry-type-page post-entry-657'><div class='entry-content-wrapper clearfix'>\n\n<style type=\"text\/css\" data-created_by=\"avia_inline_auto\" id=\"style-css-av-7ojr5-b7a0c4c1b31ffbbc7c58bc902ad91987\">\n.flex_column.av-7ojr5-b7a0c4c1b31ffbbc7c58bc902ad91987{\nborder-radius:0px 0px 0px 0px;\npadding:0px 0px 0px 0px;\n}\n<\/style>\n<div  class='flex_column av-7ojr5-b7a0c4c1b31ffbbc7c58bc902ad91987 av_one_half  avia-builder-el-1  el_after_av_layerslider  el_before_av_one_half  avia-builder-el-first  first flex_column_div av-zero-column-padding  '     ><section  class='av_textblock_section av-1w55s1-c559621037a1d439294fb2328da08c2c '   itemscope=\"itemscope\" itemtype=\"https:\/\/schema.org\/CreativeWork\" ><div class='avia_textblock'  itemprop=\"text\" ><p>Es el Arte Espa\u00f1ol creado por Justo Die\u0301guez Serrano con un solo fin, el Crecimiento Personal a trav\u00e9s del desarrollo del Instinto. Los movimientos en Keysi, sus conceptos y principios siguen unas leyes universales que no est\u00e1n limitadas por ningu\u0301n Sistema o Estilo. Keysi desarrolla la Mente y el Cuerpo fusion\u00e1ndolos en un todo y U\u0301nico Principio, proporcionando a la persona los Atributos necesarios que modelan y determinan un modo de vida como consecuencia de su crecimiento personal.<\/p>\n<p>Si hay algo que difiere notablemente a Keysi by Die\u0301guez de cualquier arte marcial son sus Principios. Estos nos educan y nos dan la capacidad de Expresio\u0301n y Autorrealizacio\u0301n, en los \u00e1mbitos Emocional\/Mente\/Cuerpo.<\/p>\n<\/div><\/section><\/div>\n\n<style type=\"text\/css\" data-created_by=\"avia_inline_auto\" id=\"style-css-av-1r4vt5-c7ac2a1cb27db45f1f59900c62e2f198\">\n.flex_column.av-1r4vt5-c7ac2a1cb27db45f1f59900c62e2f198{\nborder-radius:0px 0px 0px 0px;\npadding:0px 0px 0px 0px;\n}\n<\/style>\n<div  class='flex_column av-1r4vt5-c7ac2a1cb27db45f1f59900c62e2f198 av_one_half  avia-builder-el-3  el_after_av_one_half  el_before_av_one_full  flex_column_div av-zero-column-padding  '     ><style type=\"text\/css\" data-created_by=\"avia_inline_auto\" id=\"style-css-av-1k8omh-d7d7d22aa75f1e1f96c7c916aef059df\">\n.avia-image-container.av-1k8omh-d7d7d22aa75f1e1f96c7c916aef059df img.avia_image{\nbox-shadow:none;\n}\n.avia-image-container.av-1k8omh-d7d7d22aa75f1e1f96c7c916aef059df .av-image-caption-overlay-center{\ncolor:#ffffff;\n}\n<\/style>\n<div  class='avia-image-container av-1k8omh-d7d7d22aa75f1e1f96c7c916aef059df av-styling- avia-align-center  avia-builder-el-4  avia-builder-el-no-sibling '   itemprop=\"image\" itemscope=\"itemscope\" itemtype=\"https:\/\/schema.org\/ImageObject\" ><div class=\"avia-image-container-inner\"><div class=\"avia-image-overlay-wrap\"><img decoding=\"async\" fetchpriority=\"high\" class='wp-image-4513 avia-img-lazy-loading-not-4513 avia_image ' src=\"https:\/\/www.keysiworld.com\/wp-content\/uploads\/2017\/03\/instructores1.jpg\" alt='' title='instructores1'  height=\"600\" width=\"1000\"  itemprop=\"thumbnailUrl\" srcset=\"https:\/\/www.keysiworld.com\/wp-content\/uploads\/2017\/03\/instructores1.jpg 1000w, https:\/\/www.keysiworld.com\/wp-content\/uploads\/2017\/03\/instructores1-450x270.jpg 450w, https:\/\/www.keysiworld.com\/wp-content\/uploads\/2017\/03\/instructores1-800x480.jpg 800w, https:\/\/www.keysiworld.com\/wp-content\/uploads\/2017\/03\/instructores1-768x461.jpg 768w, https:\/\/www.keysiworld.com\/wp-content\/uploads\/2017\/03\/instructores1-705x423.jpg 705w\" sizes=\"(max-width: 1000px) 100vw, 1000px\" \/><\/div><\/div><\/div><\/div>\n\n<style type=\"text\/css\" data-created_by=\"avia_inline_auto\" id=\"style-css-av-1d0v89-4440047014bd6a75ef0b9d63fde0bae3\">\n.flex_column.av-1d0v89-4440047014bd6a75ef0b9d63fde0bae3{\nborder-radius:0px 0px 0px 0px;\npadding:0px 0px 0px 0px;\n}\n<\/style>\n<div  class='flex_column av-1d0v89-4440047014bd6a75ef0b9d63fde0bae3 av_one_full  avia-builder-el-5  el_after_av_one_half  el_before_av_hr  first flex_column_div av-zero-column-padding  column-top-margin'     ><section  class='av_textblock_section av-1831zt-4ab9d3ba916d598ff569f798b3d259fc '   itemscope=\"itemscope\" itemtype=\"https:\/\/schema.org\/CreativeWork\" ><div class='avia_textblock'  itemprop=\"text\" ><h3><span style=\"color: #ff6600;\"><strong>Nuestra Visi\u00f3n<\/strong><\/span><\/h3>\n<p>Cambiar las debilidades F\u00edsicas, Mentales y Emocionales y convertirlas en Habilidades.<\/p>\n<h3><span style=\"color: #ff6600;\"><strong>Nuestros Valores y C\u00f3digo \u00c9tico<\/strong><\/span><\/h3>\n<p>Prop\u00f3sito, Respeto, Paciencia, Persistencia y Perspectiva.<\/p>\n<h3><span style=\"color: #ff6600;\"><strong>Nuestra Misi\u00f3n<\/strong><\/span><\/h3>\n<p>Cambiar la vida de las personas de manera que crean en si\u0301 mismas, alent\u00e1ndoles a que nunca se rindan.<\/p>\n<h3><\/h3>\n<\/div><\/section><\/div>\n<style type=\"text\/css\" data-created_by=\"avia_inline_auto\" id=\"style-css-av-12gt4p-60020bc6372ab98a5378d413ea27313b\">\n#top .hr.hr-invisible.av-12gt4p-60020bc6372ab98a5378d413ea27313b{\nheight:30px;\n}\n<\/style>\n<div  class='hr av-12gt4p-60020bc6372ab98a5378d413ea27313b hr-invisible  avia-builder-el-7  el_after_av_one_full  el_before_av_one_half '><span class='hr-inner '><span class=\"hr-inner-style\"><\/span><\/span><\/div>\n\n<style type=\"text\/css\" data-created_by=\"avia_inline_auto\" id=\"style-css-av-y9ty1-d2b1638ce9fef4aa61e74f194a5f7830\">\n.flex_column.av-y9ty1-d2b1638ce9fef4aa61e74f194a5f7830{\nborder-radius:0px 0px 0px 0px;\npadding:0px 0px 0px 0px;\n}\n<\/style>\n<div  class='flex_column av-y9ty1-d2b1638ce9fef4aa61e74f194a5f7830 av_one_half  avia-builder-el-8  el_after_av_hr  el_before_av_one_half  first flex_column_div av-zero-column-padding  '     ><style type=\"text\/css\" data-created_by=\"avia_inline_auto\" id=\"style-css-av-rlcjd-83e7769f3f55b3a0a8bd9554b751f732\">\n.avia-image-container.av-rlcjd-83e7769f3f55b3a0a8bd9554b751f732 img.avia_image{\nbox-shadow:none;\n}\n.avia-image-container.av-rlcjd-83e7769f3f55b3a0a8bd9554b751f732 .av-image-caption-overlay-center{\ncolor:#ffffff;\n}\n<\/style>\n<div  class='avia-image-container av-rlcjd-83e7769f3f55b3a0a8bd9554b751f732 av-styling- avia-align-center  avia-builder-el-9  avia-builder-el-no-sibling '   itemprop=\"image\" itemscope=\"itemscope\" itemtype=\"https:\/\/schema.org\/ImageObject\" ><div class=\"avia-image-container-inner\"><div class=\"avia-image-overlay-wrap\"><img decoding=\"async\" fetchpriority=\"high\" class='wp-image-4517 avia-img-lazy-loading-not-4517 avia_image ' src=\"https:\/\/www.keysiworld.com\/wp-content\/uploads\/2017\/03\/instructores2.jpg\" alt='' title='instructores2'  height=\"600\" width=\"1000\"  itemprop=\"thumbnailUrl\" srcset=\"https:\/\/www.keysiworld.com\/wp-content\/uploads\/2017\/03\/instructores2.jpg 1000w, https:\/\/www.keysiworld.com\/wp-content\/uploads\/2017\/03\/instructores2-450x270.jpg 450w, https:\/\/www.keysiworld.com\/wp-content\/uploads\/2017\/03\/instructores2-800x480.jpg 800w, https:\/\/www.keysiworld.com\/wp-content\/uploads\/2017\/03\/instructores2-768x461.jpg 768w, https:\/\/www.keysiworld.com\/wp-content\/uploads\/2017\/03\/instructores2-705x423.jpg 705w\" sizes=\"(max-width: 1000px) 100vw, 1000px\" \/><\/div><\/div><\/div><\/div>\n\n<style type=\"text\/css\" data-created_by=\"avia_inline_auto\" id=\"style-css-av-l22mp-69dc1e3adc638e926cb2dffc5403652b\">\n.flex_column.av-l22mp-69dc1e3adc638e926cb2dffc5403652b{\nborder-radius:0px 0px 0px 0px;\npadding:0px 0px 0px 0px;\n}\n<\/style>\n<div  class='flex_column av-l22mp-69dc1e3adc638e926cb2dffc5403652b av_one_half  avia-builder-el-10  el_after_av_one_half  avia-builder-el-last  flex_column_div av-zero-column-padding  '     ><section  class='av_textblock_section av-d4wfd-41e6ed821ee5f35fcf96957bf90a4b19 '   itemscope=\"itemscope\" itemtype=\"https:\/\/schema.org\/CreativeWork\" ><div class='avia_textblock'  itemprop=\"text\" ><h3><span style=\"color: #ff6600;\"><strong>Que\u0301 vas a aprender como Instructor<\/strong><\/span><\/h3>\n<p>Lo m\u00e1s importante que te vamos a ensen\u0303ar es a tener un Prop\u00f3sito, donde vas a descubrir tus limites F\u00edsicos, Mentales y Emocionales.<\/p>\n<ul>\n<li>En tus Li\u0301mites fi\u0301sicos descubrira\u0301s tus habilidades y debilidades.<\/li>\n<li>En tus Limites Mentales y Emocionales, sera\u0301 donde pasara\u0301s de creer que esta\u0301s limitado a descubrir que tu potencial es ilimitado.<\/li>\n<\/ul>\n<h3><span style=\"color: #ff6600;\"><strong>Una Estructura y una Metodologi\u0301a<\/strong><\/span><\/h3>\n<p>Keysi by Justo Die\u0301guez se desarrolla dentro de una metodolog\u00eda estructurada, progresiva y continua con una planificaci\u00f3n que evoluciona diariamente en cualquier nivel.<\/p>\n<p>Una ense\u00f1anza dirigida a ti como Futuro Instructor, que debes aprender no so\u0301lo con tu memoria o inteligencia, sino tambi\u00e9n como ser humano en constante evolucio\u0301n con todas tus limitaciones y capacidades.<\/p>\n<p>De esta forma sabr\u00e1s \u201cel C\u00f3mo\u201d \u201cel Porque\u0301\u201d, \u201cel D\u00f3nde\u201d y \u201cel Hacia D\u00f3nde\u201d en cada momento de tu desarrollo en Keysi by Justo Die\u0301guez.<\/p>\n<h3><span style=\"color: #ff6600;\"><strong>La Clase de ensen\u0303anza que te ofrecemos<\/strong><\/span><\/h3>\n<p>Vas a aprender a ser Profesor y c\u00f3mo ensen\u0303ar, para ello te vamos a dar una estructura basada en el conocimiento, la experiencia y el e\u0301xito. S\u00f3lo de una manera estructurada podremos transmitir a nuestros estudiantes la motivacio\u0301n para crecer cada di\u0301a.<\/p>\n<\/div><\/section><br \/>\n<div  class='avia-button-wrap avia-button-center  avia-builder-el-12  el_after_av_textblock  avia-builder-el-last '>\n<style type=\"text\/css\" data-created_by=\"avia_inline_auto\" id=\"style-css-av-bah81-e195bcd90359e9eeb063104ee902c3dc\">\n#top #wrap_all .avia-button.av-bah81-e195bcd90359e9eeb063104ee902c3dc:hover{\ncolor:white;\ntransition:all 0.4s ease-in-out;\n}\n#top #wrap_all .avia-button.av-bah81-e195bcd90359e9eeb063104ee902c3dc:hover .avia-svg-icon svg:first-child{\nfill:white;\nstroke:white;\n}\n<\/style>\n<a href='https:\/\/www.keysiworld.com\/es\/contacto\/' class='avia-color-theme-color avia-font-color-theme-color avia-button avia-button-fullwidth av-bah81-e195bcd90359e9eeb063104ee902c3dc avia-icon_select-yes-left-icon avia-color-theme-color'   aria-label=\"P\u00f3ngase en contacto para obtener m\u00e1s informaci\u00f3n.\"><span class='avia_button_icon avia_button_icon_left avia-svg-icon avia-font-svg_entypo-fontello' data-av_svg_icon='mail' data-av_iconset='svg_entypo-fontello'><svg version=\"1.1\" xmlns=\"http:\/\/www.w3.org\/2000\/svg\" width=\"29\" height=\"32\" viewBox=\"0 0 29 32\" preserveAspectRatio=\"xMidYMid meet\" aria-labelledby='av-svg-title-1' aria-describedby='av-svg-desc-1' role=\"graphics-symbol\">\n<title id='av-svg-title-1'>Mail<\/title>\n<desc id='av-svg-desc-1'>Mail<\/desc>\n<path d=\"M0.96 8.448q-1.024-0.576-0.896-1.28 0.064-0.448 0.832-0.448h27.072q1.216 0 0.64 1.024-0.256 0.448-0.768 0.704-0.448 0.192-6.144 3.264t-5.824 3.136q-0.512 0.32-1.472 0.32-0.896 0-1.472-0.32-0.128-0.064-5.824-3.136t-6.144-3.264zM28.16 11.648q0.64-0.32 0.64 0.32v11.776q0 0.512-0.544 1.024t-1.056 0.512h-25.6q-0.512 0-1.056-0.512t-0.544-1.024v-11.776q0-0.64 0.64-0.32l12.288 6.4q0.576 0.32 1.472 0.32t1.472-0.32z\"><\/path>\n<\/svg><\/span><span class='avia_iconbox_title' >P\u00f3ngase en contacto para obtener m\u00e1s informaci\u00f3n.<\/span><span class='avia_button_background avia-button avia-button-fullwidth avia-color-theme-color-highlight'><\/span><\/a><\/div><\/p><\/div>\n","protected":false},"excerpt":{"rendered":"","protected":false},"author":117,"featured_media":0,"parent":704,"menu_order":0,"comment_status":"closed","ping_status":"closed","template":"","meta":{"_acf_changed":false,"footnotes":""},"class_list":["post-657","page","type-page","status-publish","hentry"],"acf":[],"_links":{"self":[{"href":"https:\/\/www.keysiworld.com\/es\/wp-json\/wp\/v2\/pages\/657","targetHints":{"allow":["GET"]}}],"collection":[{"href":"https:\/\/www.keysiworld.com\/es\/wp-json\/wp\/v2\/pages"}],"about":[{"href":"https:\/\/www.keysiworld.com\/es\/wp-json\/wp\/v2\/types\/page"}],"author":[{"embeddable":true,"href":"https:\/\/www.keysiworld.com\/es\/wp-json\/wp\/v2\/users\/117"}],"replies":[{"embeddable":true,"href":"https:\/\/www.keysiworld.com\/es\/wp-json\/wp\/v2\/comments?post=657"}],"version-history":[{"count":0,"href":"https:\/\/www.keysiworld.com\/es\/wp-json\/wp\/v2\/pages\/657\/revisions"}],"up":[{"embeddable":true,"href":"https:\/\/www.keysiworld.com\/es\/wp-json\/wp\/v2\/pages\/704"}],"wp:attachment":[{"href":"https:\/\/www.keysiworld.com\/es\/wp-json\/wp\/v2\/media?parent=657"}],"curies":[{"name":"wp","href":"https:\/\/api.w.org\/{rel}","templated":true}]}}