{"id":2683,"date":"2017-04-11T16:10:13","date_gmt":"2017-04-11T16:10:13","guid":{"rendered":"https:\/\/www.keysiworld.com\/it\/programas\/keysi-kids\/"},"modified":"2025-10-26T23:52:20","modified_gmt":"2025-10-26T22:52:20","slug":"keysi-kids","status":"publish","type":"page","link":"https:\/\/www.keysiworld.com\/it\/programmi\/keysi-kids\/","title":{"rendered":"Keysi Kids"},"content":{"rendered":"<div id='layer_slider_1'  class='avia-layerslider main_color avia-shadow  avia-builder-el-0  el_before_av_one_half  avia-builder-el-first  container_wrap sidebar_right'  style='height: 351px; max-width: 1410px; margin: 0 auto;'  ><\/div><div id='after_layer_slider_1'  class='main_color av_default_container_wrap container_wrap sidebar_right'  ><div class='container av-section-cont-open' ><div class='template-page content  av-content-small alpha units'><div class='post-entry post-entry-type-page post-entry-2683'><div class='entry-content-wrapper clearfix'>\n\n<style type=\"text\/css\" data-created_by=\"avia_inline_auto\" id=\"style-css-av-av_one_half-6126cab7d8fab8d08143dd2dacdf673c\">\n.flex_column.av-av_one_half-6126cab7d8fab8d08143dd2dacdf673c{\nborder-radius:0px 0px 0px 0px;\npadding:0px 0px 0px 0px;\n}\n<\/style>\n<div  class='flex_column av-av_one_half-6126cab7d8fab8d08143dd2dacdf673c av_one_half  avia-builder-el-1  el_after_av_layerslider  el_before_av_one_half  avia-builder-el-first  first flex_column_div av-zero-column-padding  '     ><section  class='av_textblock_section av-av_textblock-396ddf1f42196ca838231e61a4602801 '   itemscope=\"itemscope\" itemtype=\"https:\/\/schema.org\/CreativeWork\" ><div class='avia_textblock'  itemprop=\"text\" ><p><strong>KEYSI KIDS<\/strong> \u00e8 un programma educativo che non \u00e8 d&#8217;accordo con gli insegnamenti meccanizzati o militarizzati forniti da certi sistemi o arti marziali, dove vengono educati come adulti e non si adattano a ci\u00f2 che sono realmente: bambini.<\/p>\n<p>In <strong>KEYSI KIDS<\/strong> l&#8217;arte marziale o l&#8217;autodifesa non \u00e8 un obiettivo, \u00e8 piuttosto una scusa per rafforzare l&#8217;autostima, l&#8217;auto-miglioramento, il lavoro di gruppo, la motivazione e il rispetto; comprendendo il rispetto per se stessi e per gli altri, favorendo in tal modo la creativit\u00e0 ed adattandosi in ogni momento al ritmo evolutivo di ogni bambino.<\/p>\n<\/div><\/section><\/div>\n\n<style type=\"text\/css\" data-created_by=\"avia_inline_auto\" id=\"style-css-av-av_one_half-0aa7055fe62c3622faec82866afbaeb2\">\n.flex_column.av-av_one_half-0aa7055fe62c3622faec82866afbaeb2{\nborder-radius:0px 0px 0px 0px;\npadding:0px 0px 0px 0px;\n}\n<\/style>\n<div  class='flex_column av-av_one_half-0aa7055fe62c3622faec82866afbaeb2 av_one_half  avia-builder-el-3  el_after_av_one_half  el_before_av_one_half  flex_column_div av-zero-column-padding  '     ><style type=\"text\/css\" data-created_by=\"avia_inline_auto\" id=\"style-css-av-av_image-1a6ed05870aa13178b33ee35808c50ee\">\n.avia-image-container.av-av_image-1a6ed05870aa13178b33ee35808c50ee img.avia_image{\nbox-shadow:none;\n}\n.avia-image-container.av-av_image-1a6ed05870aa13178b33ee35808c50ee .av-image-caption-overlay-center{\ncolor:#ffffff;\n}\n<\/style>\n<div  class='avia-image-container av-av_image-1a6ed05870aa13178b33ee35808c50ee av-styling- avia-align-center  avia-builder-el-4  avia-builder-el-no-sibling '   itemprop=\"image\" itemscope=\"itemscope\" itemtype=\"https:\/\/schema.org\/ImageObject\" ><div class=\"avia-image-container-inner\"><div class=\"avia-image-overlay-wrap\"><img decoding=\"async\" fetchpriority=\"high\" class='wp-image-4372 avia-img-lazy-loading-not-4372 avia_image ' src=\"https:\/\/www.keysiworld.com\/wp-content\/uploads\/2017\/04\/KeysiKids.jpg\" alt='' title='KeysiKids'  height=\"600\" width=\"1000\"  itemprop=\"thumbnailUrl\" srcset=\"https:\/\/www.keysiworld.com\/wp-content\/uploads\/2017\/04\/KeysiKids.jpg 1000w, https:\/\/www.keysiworld.com\/wp-content\/uploads\/2017\/04\/KeysiKids-450x270.jpg 450w, https:\/\/www.keysiworld.com\/wp-content\/uploads\/2017\/04\/KeysiKids-800x480.jpg 800w, https:\/\/www.keysiworld.com\/wp-content\/uploads\/2017\/04\/KeysiKids-768x461.jpg 768w, https:\/\/www.keysiworld.com\/wp-content\/uploads\/2017\/04\/KeysiKids-705x423.jpg 705w\" sizes=\"(max-width: 1000px) 100vw, 1000px\" \/><\/div><\/div><\/div><\/div>\n\n<style type=\"text\/css\" data-created_by=\"avia_inline_auto\" id=\"style-css-av-av_one_half-6126cab7d8fab8d08143dd2dacdf673c\">\n.flex_column.av-av_one_half-6126cab7d8fab8d08143dd2dacdf673c{\nborder-radius:0px 0px 0px 0px;\npadding:0px 0px 0px 0px;\n}\n<\/style>\n<div  class='flex_column av-av_one_half-6126cab7d8fab8d08143dd2dacdf673c av_one_half  avia-builder-el-5  el_after_av_one_half  el_before_av_one_half  first flex_column_div av-zero-column-padding  column-top-margin'     ><style type=\"text\/css\" data-created_by=\"avia_inline_auto\" id=\"style-css-av-av_image-c9464ea4e196fbae03ce3e99b0391c14\">\n.avia-image-container.av-av_image-c9464ea4e196fbae03ce3e99b0391c14 img.avia_image{\nbox-shadow:none;\n}\n.avia-image-container.av-av_image-c9464ea4e196fbae03ce3e99b0391c14 .av-image-caption-overlay-center{\ncolor:#ffffff;\n}\n<\/style>\n<div  class='avia-image-container av-av_image-c9464ea4e196fbae03ce3e99b0391c14 av-styling- avia-align-center  avia-builder-el-6  avia-builder-el-no-sibling '   itemprop=\"image\" itemscope=\"itemscope\" itemtype=\"https:\/\/schema.org\/ImageObject\" ><div class=\"avia-image-container-inner\"><div class=\"avia-image-overlay-wrap\"><img decoding=\"async\" fetchpriority=\"high\" class='wp-image-4824 avia-img-lazy-loading-not-4824 avia_image ' src=\"https:\/\/www.keysiworld.com\/wp-content\/uploads\/2017\/07\/Kidsopti.jpg\" alt='' title='Kidsopti'  height=\"600\" width=\"1000\"  itemprop=\"thumbnailUrl\" srcset=\"https:\/\/www.keysiworld.com\/wp-content\/uploads\/2017\/07\/Kidsopti.jpg 1000w, https:\/\/www.keysiworld.com\/wp-content\/uploads\/2017\/07\/Kidsopti-450x270.jpg 450w, https:\/\/www.keysiworld.com\/wp-content\/uploads\/2017\/07\/Kidsopti-800x480.jpg 800w, https:\/\/www.keysiworld.com\/wp-content\/uploads\/2017\/07\/Kidsopti-768x461.jpg 768w, https:\/\/www.keysiworld.com\/wp-content\/uploads\/2017\/07\/Kidsopti-705x423.jpg 705w\" sizes=\"(max-width: 1000px) 100vw, 1000px\" \/><\/div><\/div><\/div><\/div>\n\n<style type=\"text\/css\" data-created_by=\"avia_inline_auto\" id=\"style-css-av-av_one_half-0aa7055fe62c3622faec82866afbaeb2\">\n.flex_column.av-av_one_half-0aa7055fe62c3622faec82866afbaeb2{\nborder-radius:0px 0px 0px 0px;\npadding:0px 0px 0px 0px;\n}\n<\/style>\n<div  class='flex_column av-av_one_half-0aa7055fe62c3622faec82866afbaeb2 av_one_half  avia-builder-el-7  el_after_av_one_half  el_before_av_one_fifth  flex_column_div av-zero-column-padding  column-top-margin'     ><section  class='av_textblock_section av-av_textblock-396ddf1f42196ca838231e61a4602801 '   itemscope=\"itemscope\" itemtype=\"https:\/\/schema.org\/CreativeWork\" ><div class='avia_textblock'  itemprop=\"text\" ><p><strong>KEYSI KIDS<\/strong> \u00e8 un metodo di crescita personale in cui non si allena solo la parte fisica, ma anche la parte mentale, affettiva ed emotiva.<\/p>\n<p>La struttura del programma di insegnamento incoraggia e sviluppa la capacit\u00e0 di espressione e creativit\u00e0 dei bambini, rifiutando la competizione come modalit\u00e0 di sviluppo del bambino.<\/p>\n<p>Gli educatori di <strong>KEYSI KIDS<\/strong> non sono addestratori di arti marziali. Sono professionisti perfettamente qualificati nella loro performance didattica con obiettivi e valori educativi.<\/p>\n<p>Durante l&#8217;insegnamento usano una metodologia psicopedagogica nello svolgimento di ogni sessione, adattandosi all&#8217;intensit\u00e0 della concentrazione e all&#8217;attivit\u00e0 fisica dei bambini.<\/p>\n<\/div><\/section><\/div>\n\n<style type=\"text\/css\" data-created_by=\"avia_inline_auto\" id=\"style-css-av-av_one_fifth-6126cab7d8fab8d08143dd2dacdf673c\">\n.flex_column.av-av_one_fifth-6126cab7d8fab8d08143dd2dacdf673c{\nborder-radius:0px 0px 0px 0px;\npadding:0px 0px 0px 0px;\n}\n<\/style>\n<div  class='flex_column av-av_one_fifth-6126cab7d8fab8d08143dd2dacdf673c av_one_fifth  avia-builder-el-9  el_after_av_one_half  el_before_av_three_fifth  first flex_column_div av-zero-column-padding  column-top-margin'     ><\/div>\n\n<style type=\"text\/css\" data-created_by=\"avia_inline_auto\" id=\"style-css-av-av_three_fifth-0aa7055fe62c3622faec82866afbaeb2\">\n.flex_column.av-av_three_fifth-0aa7055fe62c3622faec82866afbaeb2{\nborder-radius:0px 0px 0px 0px;\npadding:0px 0px 0px 0px;\n}\n<\/style>\n<div  class='flex_column av-av_three_fifth-0aa7055fe62c3622faec82866afbaeb2 av_three_fifth  avia-builder-el-10  el_after_av_one_fifth  el_before_av_one_fifth  flex_column_div av-zero-column-padding  column-top-margin'     ><div  class='avia-button-wrap avia-button-center  avia-builder-el-11  avia-builder-el-no-sibling '>\n<style type=\"text\/css\" data-created_by=\"avia_inline_auto\" id=\"style-css-av-av_button_big-58f0eebad67f220d031532303fcb127c\">\n#top #wrap_all .avia-button.av-av_button_big-58f0eebad67f220d031532303fcb127c:hover{\ncolor:white;\ntransition:all 0.4s ease-in-out;\n}\n#top #wrap_all .avia-button.av-av_button_big-58f0eebad67f220d031532303fcb127c:hover .avia-svg-icon svg:first-child{\nfill:white;\nstroke:white;\n}\n<\/style>\n<a href='https:\/\/www.keysiworld.com\/it\/contatto\/' class='avia-color-theme-color avia-font-color-theme-color avia-button avia-button-fullwidth av-av_button_big-58f0eebad67f220d031532303fcb127c avia-icon_select-yes-left-icon avia-color-theme-color'   aria-label=\"Per ulteriori informazioni contattateci.\"><span class='avia_button_icon avia_button_icon_left avia-svg-icon avia-font-svg_entypo-fontello' data-av_svg_icon='mail' data-av_iconset='svg_entypo-fontello'><svg version=\"1.1\" xmlns=\"http:\/\/www.w3.org\/2000\/svg\" width=\"29\" height=\"32\" viewBox=\"0 0 29 32\" preserveAspectRatio=\"xMidYMid meet\" aria-labelledby='av-svg-title-1' aria-describedby='av-svg-desc-1' role=\"graphics-symbol\">\n<title id='av-svg-title-1'>Mail<\/title>\n<desc id='av-svg-desc-1'>Mail<\/desc>\n<path d=\"M0.96 8.448q-1.024-0.576-0.896-1.28 0.064-0.448 0.832-0.448h27.072q1.216 0 0.64 1.024-0.256 0.448-0.768 0.704-0.448 0.192-6.144 3.264t-5.824 3.136q-0.512 0.32-1.472 0.32-0.896 0-1.472-0.32-0.128-0.064-5.824-3.136t-6.144-3.264zM28.16 11.648q0.64-0.32 0.64 0.32v11.776q0 0.512-0.544 1.024t-1.056 0.512h-25.6q-0.512 0-1.056-0.512t-0.544-1.024v-11.776q0-0.64 0.64-0.32l12.288 6.4q0.576 0.32 1.472 0.32t1.472-0.32z\"><\/path>\n<\/svg><\/span><span class='avia_iconbox_title' >Per ulteriori informazioni contattateci.<\/span><span class='avia_button_background avia-button avia-button-fullwidth avia-color-theme-color-highlight'><\/span><\/a><\/div><\/div>\n<style type=\"text\/css\" data-created_by=\"avia_inline_auto\" id=\"style-css-av-av_one_fifth-0aa7055fe62c3622faec82866afbaeb2\">\n.flex_column.av-av_one_fifth-0aa7055fe62c3622faec82866afbaeb2{\nborder-radius:0px 0px 0px 0px;\npadding:0px 0px 0px 0px;\n}\n<\/style>\n<div  class='flex_column av-av_one_fifth-0aa7055fe62c3622faec82866afbaeb2 av_one_fifth  avia-builder-el-12  el_after_av_three_fifth  avia-builder-el-last  flex_column_div av-zero-column-padding  column-top-margin'     ><\/div>\n","protected":false},"excerpt":{"rendered":"","protected":false},"author":117,"featured_media":0,"parent":2682,"menu_order":0,"comment_status":"closed","ping_status":"closed","template":"","meta":{"_acf_changed":false,"footnotes":""},"class_list":["post-2683","page","type-page","status-publish","hentry"],"acf":[],"_links":{"self":[{"href":"https:\/\/www.keysiworld.com\/it\/wp-json\/wp\/v2\/pages\/2683","targetHints":{"allow":["GET"]}}],"collection":[{"href":"https:\/\/www.keysiworld.com\/it\/wp-json\/wp\/v2\/pages"}],"about":[{"href":"https:\/\/www.keysiworld.com\/it\/wp-json\/wp\/v2\/types\/page"}],"author":[{"embeddable":true,"href":"https:\/\/www.keysiworld.com\/it\/wp-json\/wp\/v2\/users\/117"}],"replies":[{"embeddable":true,"href":"https:\/\/www.keysiworld.com\/it\/wp-json\/wp\/v2\/comments?post=2683"}],"version-history":[{"count":0,"href":"https:\/\/www.keysiworld.com\/it\/wp-json\/wp\/v2\/pages\/2683\/revisions"}],"up":[{"embeddable":true,"href":"https:\/\/www.keysiworld.com\/it\/wp-json\/wp\/v2\/pages\/2682"}],"wp:attachment":[{"href":"https:\/\/www.keysiworld.com\/it\/wp-json\/wp\/v2\/media?parent=2683"}],"curies":[{"name":"wp","href":"https:\/\/api.w.org\/{rel}","templated":true}]}}