{"id":2687,"date":"2017-03-22T19:12:12","date_gmt":"2017-03-22T19:12:12","guid":{"rendered":"https:\/\/www.keysiworld.com\/it\/programas\/keysi-urban-method\/"},"modified":"2025-10-26T23:47:57","modified_gmt":"2025-10-26T22:47:57","slug":"keysi-fighting-method","status":"publish","type":"page","link":"https:\/\/www.keysiworld.com\/it\/programmi\/keysi-fighting-method\/","title":{"rendered":"Keysi Fighting Method"},"content":{"rendered":"<div id='layer_slider_1'  class='avia-layerslider main_color avia-shadow  avia-builder-el-0  el_before_av_one_half  avia-builder-el-first  container_wrap sidebar_right'  style='height: 351px; max-width: 1410px; margin: 0 auto;'  ><\/div><div id='after_layer_slider_1'  class='main_color av_default_container_wrap container_wrap sidebar_right'  ><div class='container av-section-cont-open' ><div class='template-page content  av-content-small alpha units'><div class='post-entry post-entry-type-page post-entry-2687'><div class='entry-content-wrapper clearfix'>\n\n<style type=\"text\/css\" data-created_by=\"avia_inline_auto\" id=\"style-css-av-av_one_half-6126cab7d8fab8d08143dd2dacdf673c\">\n.flex_column.av-av_one_half-6126cab7d8fab8d08143dd2dacdf673c{\nborder-radius:0px 0px 0px 0px;\npadding:0px 0px 0px 0px;\n}\n<\/style>\n<div  class='flex_column av-av_one_half-6126cab7d8fab8d08143dd2dacdf673c av_one_half  avia-builder-el-1  el_after_av_layerslider  el_before_av_one_half  avia-builder-el-first  first flex_column_div av-zero-column-padding  '     ><section  class='av_textblock_section av-av_textblock-396ddf1f42196ca838231e61a4602801 '   itemscope=\"itemscope\" itemtype=\"https:\/\/schema.org\/CreativeWork\" ><div class='avia_textblock'  itemprop=\"text\" ><p>\u00c8 l&#8217;Arte Spagnola creata da Justo Di\u00e9guez Serrano con una sola fine, Crescita Personale attraverso lo sviluppo dell\u2019 Instinto. I movimenti ini Keysi, i loro concetti e principi seguono leggi universali che non sono limitate da alcun sistema o stile. Keysi sviluppa la mente e il corpo fondonoli insieme in un principio unico, fornendo alla persona i necessari attributi che modellano e determinano un modo di vivere come conseguenza della crescita personale.<\/p>\n<p>Se c&#8217;\u00e8 qualcosa che differenzia notevolmente Keysi di Dieguez da qualsiasi altra arte marziale sono i suoi Principi. Ci educano e ci danno la capacit\u00e0 di espressione e di auto-realizzazione, nell&#8217;ambito emozionale \/ mentale \/ fisico.<\/p>\n<\/div><\/section><\/div>\n\n<style type=\"text\/css\" data-created_by=\"avia_inline_auto\" id=\"style-css-av-av_one_half-0aa7055fe62c3622faec82866afbaeb2\">\n.flex_column.av-av_one_half-0aa7055fe62c3622faec82866afbaeb2{\nborder-radius:0px 0px 0px 0px;\npadding:0px 0px 0px 0px;\n}\n<\/style>\n<div  class='flex_column av-av_one_half-0aa7055fe62c3622faec82866afbaeb2 av_one_half  avia-builder-el-3  el_after_av_one_half  el_before_av_one_full  flex_column_div av-zero-column-padding  '     ><style type=\"text\/css\" data-created_by=\"avia_inline_auto\" id=\"style-css-av-av_image-f1cad8730623011c9aebc12ae5f11c3f\">\n.avia-image-container.av-av_image-f1cad8730623011c9aebc12ae5f11c3f img.avia_image{\nbox-shadow:none;\n}\n.avia-image-container.av-av_image-f1cad8730623011c9aebc12ae5f11c3f .av-image-caption-overlay-center{\ncolor:#ffffff;\n}\n<\/style>\n<div  class='avia-image-container av-av_image-f1cad8730623011c9aebc12ae5f11c3f av-styling- avia-align-center  avia-builder-el-4  avia-builder-el-no-sibling '   itemprop=\"image\" itemscope=\"itemscope\" itemtype=\"https:\/\/schema.org\/ImageObject\" ><div class=\"avia-image-container-inner\"><div class=\"avia-image-overlay-wrap\"><img decoding=\"async\" fetchpriority=\"high\" class='wp-image-4512 avia-img-lazy-loading-not-4512 avia_image ' src=\"https:\/\/www.keysiworld.com\/wp-content\/uploads\/2017\/03\/instructores1.jpg\" alt='' title='instructores1'  height=\"600\" width=\"1000\"  itemprop=\"thumbnailUrl\" srcset=\"https:\/\/www.keysiworld.com\/wp-content\/uploads\/2017\/03\/instructores1.jpg 1000w, https:\/\/www.keysiworld.com\/wp-content\/uploads\/2017\/03\/instructores1-450x270.jpg 450w, https:\/\/www.keysiworld.com\/wp-content\/uploads\/2017\/03\/instructores1-800x480.jpg 800w, https:\/\/www.keysiworld.com\/wp-content\/uploads\/2017\/03\/instructores1-768x461.jpg 768w, https:\/\/www.keysiworld.com\/wp-content\/uploads\/2017\/03\/instructores1-705x423.jpg 705w\" sizes=\"(max-width: 1000px) 100vw, 1000px\" \/><\/div><\/div><\/div><\/div>\n\n<style type=\"text\/css\" data-created_by=\"avia_inline_auto\" id=\"style-css-av-av_one_full-6126cab7d8fab8d08143dd2dacdf673c\">\n.flex_column.av-av_one_full-6126cab7d8fab8d08143dd2dacdf673c{\nborder-radius:0px 0px 0px 0px;\npadding:0px 0px 0px 0px;\n}\n<\/style>\n<div  class='flex_column av-av_one_full-6126cab7d8fab8d08143dd2dacdf673c av_one_full  avia-builder-el-5  el_after_av_one_half  el_before_av_hr  first flex_column_div av-zero-column-padding  column-top-margin'     ><section  class='av_textblock_section av-av_textblock-396ddf1f42196ca838231e61a4602801 '   itemscope=\"itemscope\" itemtype=\"https:\/\/schema.org\/CreativeWork\" ><div class='avia_textblock'  itemprop=\"text\" ><h3><span style=\"color: #ff6600;\"><strong>Il nostro proposito<\/strong><\/span><\/h3>\n<p>E\u2019 cambiare la vita delle persone attraverso l&#8217;ispirazione, aiutandoli a credere in se stessi.<\/p>\n<h3><span style=\"color: #ff6600;\"><strong>La nostra visione<\/strong><\/span><\/h3>\n<p>Cambiare le debolezze fisiche, mentali ed emozionali e trasformarle in abilit\u00e0.<\/p>\n<h3><span style=\"color: #ff6600;\"><strong>I nostri valori e il codice etico<\/strong><\/span><\/h3>\n<p>Scopo, rispetto, pazienza, persistenza e prospettiva.<\/p>\n<h3><span style=\"color: #ff6600;\"><strong>La nostra missione<\/strong><\/span><\/h3>\n<p>Cambiare la vita delle persone in modo che credino in s\u00e9 stesse, incoraggiandole a non rinunciare mai.<\/p>\n<h3><\/h3>\n<\/div><\/section><\/div>\n\n<style type=\"text\/css\" data-created_by=\"avia_inline_auto\" id=\"style-css-av-av_hr-fbebcb4fe7f7f93a621d8b6783460008\">\n#top .hr.hr-invisible.av-av_hr-fbebcb4fe7f7f93a621d8b6783460008{\nheight:30px;\n}\n<\/style>\n<div  class='hr av-av_hr-fbebcb4fe7f7f93a621d8b6783460008 hr-invisible  avia-builder-el-7  el_after_av_one_full  el_before_av_one_half '><span class='hr-inner '><span class=\"hr-inner-style\"><\/span><\/span><\/div>\n\n<style type=\"text\/css\" data-created_by=\"avia_inline_auto\" id=\"style-css-av-av_one_half-6126cab7d8fab8d08143dd2dacdf673c\">\n.flex_column.av-av_one_half-6126cab7d8fab8d08143dd2dacdf673c{\nborder-radius:0px 0px 0px 0px;\npadding:0px 0px 0px 0px;\n}\n<\/style>\n<div  class='flex_column av-av_one_half-6126cab7d8fab8d08143dd2dacdf673c av_one_half  avia-builder-el-8  el_after_av_hr  el_before_av_one_half  first flex_column_div av-zero-column-padding  '     ><style type=\"text\/css\" data-created_by=\"avia_inline_auto\" id=\"style-css-av-av_image-9bfae1595ad27dbf4c09d027833f6165\">\n.avia-image-container.av-av_image-9bfae1595ad27dbf4c09d027833f6165 img.avia_image{\nbox-shadow:none;\n}\n.avia-image-container.av-av_image-9bfae1595ad27dbf4c09d027833f6165 .av-image-caption-overlay-center{\ncolor:#ffffff;\n}\n<\/style>\n<div  class='avia-image-container av-av_image-9bfae1595ad27dbf4c09d027833f6165 av-styling- avia-align-center  avia-builder-el-9  avia-builder-el-no-sibling '   itemprop=\"image\" itemscope=\"itemscope\" itemtype=\"https:\/\/schema.org\/ImageObject\" ><div class=\"avia-image-container-inner\"><div class=\"avia-image-overlay-wrap\"><img decoding=\"async\" fetchpriority=\"high\" class='wp-image-4516 avia-img-lazy-loading-not-4516 avia_image ' src=\"https:\/\/www.keysiworld.com\/wp-content\/uploads\/2017\/03\/instructores2.jpg\" alt='' title='instructores2'  height=\"600\" width=\"1000\"  itemprop=\"thumbnailUrl\" srcset=\"https:\/\/www.keysiworld.com\/wp-content\/uploads\/2017\/03\/instructores2.jpg 1000w, https:\/\/www.keysiworld.com\/wp-content\/uploads\/2017\/03\/instructores2-450x270.jpg 450w, https:\/\/www.keysiworld.com\/wp-content\/uploads\/2017\/03\/instructores2-800x480.jpg 800w, https:\/\/www.keysiworld.com\/wp-content\/uploads\/2017\/03\/instructores2-768x461.jpg 768w, https:\/\/www.keysiworld.com\/wp-content\/uploads\/2017\/03\/instructores2-705x423.jpg 705w\" sizes=\"(max-width: 1000px) 100vw, 1000px\" \/><\/div><\/div><\/div><\/div>\n\n<style type=\"text\/css\" data-created_by=\"avia_inline_auto\" id=\"style-css-av-av_one_half-0aa7055fe62c3622faec82866afbaeb2\">\n.flex_column.av-av_one_half-0aa7055fe62c3622faec82866afbaeb2{\nborder-radius:0px 0px 0px 0px;\npadding:0px 0px 0px 0px;\n}\n<\/style>\n<div  class='flex_column av-av_one_half-0aa7055fe62c3622faec82866afbaeb2 av_one_half  avia-builder-el-10  el_after_av_one_half  avia-builder-el-last  flex_column_div av-zero-column-padding  '     ><section  class='av_textblock_section av-av_textblock-396ddf1f42196ca838231e61a4602801 '   itemscope=\"itemscope\" itemtype=\"https:\/\/schema.org\/CreativeWork\" ><div class='avia_textblock'  itemprop=\"text\" ><h3><span style=\"color: #ff6600;\"><strong>Cosa impari come istruttore<\/strong><\/span><\/h3>\n<p>Lo m\u00e1s importante que te vamos a ense\u00f1ar es a tener un Prop\u00f3sito, donde vas a descubrir tus limites F\u00edsicos, Mentales y Emocionales. La cosa pi\u00f9 importante che ti insegneremo \u00e8 di avere uno scopo per scoprire i tuoi limiti fisici, mentali ed emotivi.<\/p>\n<ul>\n<li>Nei limiti fisici scoprirai le tue abilit\u00e0 e le tue debolezze.<\/li>\n<li>Nei tuoi limiti mentali ed emozionali, crederai di essere limitato e scoprirai che il tuo potenziale \u00e8 illimitato.<\/li>\n<\/ul>\n<h3><span style=\"color: #ff6600;\"><strong>Una struttura e una metodologia<\/strong><\/span><\/h3>\n<p>Keysi by Justo Di\u00e9guez si sviluppa in una metodologia strutturata, progressiva e continua, con una pianificazione che si evolve quotidianamente a qualsiasi livello.<\/p>\n<p>Un insegnamento a te dedicato come futuro istruttore, in cui devi apprendere non solo con la tua memoria o intelligenza, ma anche come essere umano in costante evoluzione con tutti i tuoi limiti e capacit\u00e0.<\/p>\n<p>In questo modo conoscerai &#8220;il come&#8221;, &#8220;il perch\u00e8&#8221;, &#8220;il dove&#8221; e &#8220;il fino a dove&#8221; in ogni momento del vostro sviluppo in Keysi by Justo Di\u00e9guez.<\/p>\n<h3><span style=\"color: #ff6600;\"><strong>Il tipo di insegnamento che ti offriamo<\/strong><\/span><\/h3>\n<p>Imparerai ad essere un insegnante e come insegnare, per questo ti daremo una struttura basata sulla conoscenza, l&#8217;esperienza e il successo. Solo in un modo strutturato possiamo trasmettere ai nostri studenti la motivazione per crescere ogni giorno.<\/p>\n<\/div><\/section><br \/>\n<div  class='avia-button-wrap avia-button-center  avia-builder-el-12  el_after_av_textblock  avia-builder-el-last '>\n<style type=\"text\/css\" data-created_by=\"avia_inline_auto\" id=\"style-css-av-mh8auh83-547697daea92070196605879478e14b7\">\n#top #wrap_all .avia-button.av-mh8auh83-547697daea92070196605879478e14b7:hover{\ncolor:white;\ntransition:all 0.4s ease-in-out;\n}\n#top #wrap_all .avia-button.av-mh8auh83-547697daea92070196605879478e14b7:hover .avia-svg-icon svg:first-child{\nfill:white;\nstroke:white;\n}\n<\/style>\n<a href='https:\/\/www.keysiworld.com\/it\/contatto\/' class='avia-color-theme-color avia-font-color-theme-color avia-button avia-button-fullwidth av-mh8auh83-547697daea92070196605879478e14b7 avia-icon_select-yes-left-icon avia-color-theme-color'   aria-label=\"Per ulteriori informazioni contattateci.\"><span class='avia_button_icon avia_button_icon_left avia-svg-icon avia-font-svg_entypo-fontello' data-av_svg_icon='mail' data-av_iconset='svg_entypo-fontello'><svg version=\"1.1\" xmlns=\"http:\/\/www.w3.org\/2000\/svg\" width=\"29\" height=\"32\" viewBox=\"0 0 29 32\" preserveAspectRatio=\"xMidYMid meet\" aria-labelledby='av-svg-title-1' aria-describedby='av-svg-desc-1' role=\"graphics-symbol\">\n<title id='av-svg-title-1'>Mail<\/title>\n<desc id='av-svg-desc-1'>Mail<\/desc>\n<path d=\"M0.96 8.448q-1.024-0.576-0.896-1.28 0.064-0.448 0.832-0.448h27.072q1.216 0 0.64 1.024-0.256 0.448-0.768 0.704-0.448 0.192-6.144 3.264t-5.824 3.136q-0.512 0.32-1.472 0.32-0.896 0-1.472-0.32-0.128-0.064-5.824-3.136t-6.144-3.264zM28.16 11.648q0.64-0.32 0.64 0.32v11.776q0 0.512-0.544 1.024t-1.056 0.512h-25.6q-0.512 0-1.056-0.512t-0.544-1.024v-11.776q0-0.64 0.64-0.32l12.288 6.4q0.576 0.32 1.472 0.32t1.472-0.32z\"><\/path>\n<\/svg><\/span><span class='avia_iconbox_title' >Per ulteriori informazioni contattateci.<\/span><span class='avia_button_background avia-button avia-button-fullwidth avia-color-theme-color-highlight'><\/span><\/a><\/div><\/p><\/div>\n","protected":false},"excerpt":{"rendered":"","protected":false},"author":117,"featured_media":0,"parent":2682,"menu_order":0,"comment_status":"closed","ping_status":"closed","template":"","meta":{"_acf_changed":false,"footnotes":""},"class_list":["post-2687","page","type-page","status-publish","hentry"],"acf":[],"_links":{"self":[{"href":"https:\/\/www.keysiworld.com\/it\/wp-json\/wp\/v2\/pages\/2687","targetHints":{"allow":["GET"]}}],"collection":[{"href":"https:\/\/www.keysiworld.com\/it\/wp-json\/wp\/v2\/pages"}],"about":[{"href":"https:\/\/www.keysiworld.com\/it\/wp-json\/wp\/v2\/types\/page"}],"author":[{"embeddable":true,"href":"https:\/\/www.keysiworld.com\/it\/wp-json\/wp\/v2\/users\/117"}],"replies":[{"embeddable":true,"href":"https:\/\/www.keysiworld.com\/it\/wp-json\/wp\/v2\/comments?post=2687"}],"version-history":[{"count":0,"href":"https:\/\/www.keysiworld.com\/it\/wp-json\/wp\/v2\/pages\/2687\/revisions"}],"up":[{"embeddable":true,"href":"https:\/\/www.keysiworld.com\/it\/wp-json\/wp\/v2\/pages\/2682"}],"wp:attachment":[{"href":"https:\/\/www.keysiworld.com\/it\/wp-json\/wp\/v2\/media?parent=2687"}],"curies":[{"name":"wp","href":"https:\/\/api.w.org\/{rel}","templated":true}]}}