{"id":6362,"date":"2017-05-30T14:20:54","date_gmt":"2017-05-30T14:20:54","guid":{"rendered":"https:\/\/www.keysiworld.com\/historia\/"},"modified":"2019-10-04T06:17:03","modified_gmt":"2019-10-04T06:17:03","slug":"justo-dieguez-it","status":"publish","type":"page","link":"https:\/\/www.keysiworld.com\/it\/keysi-world\/justo-dieguez-it\/","title":{"rendered":"Justo Dieguez"},"content":{"rendered":"<div id='layer_slider_1'  class='avia-layerslider main_color avia-shadow  avia-builder-el-0  el_before_av_one_half  avia-builder-el-first  container_wrap sidebar_right'  style='height: 171px; max-width: 1410px; margin: 0 auto;'  ><\/div><div id='after_layer_slider_1'  class='main_color av_default_container_wrap container_wrap sidebar_right'  ><div class='container av-section-cont-open' ><div class='template-page content  av-content-small alpha units'><div class='post-entry post-entry-type-page post-entry-6362'><div class='entry-content-wrapper clearfix'>\n\n<style type=\"text\/css\" data-created_by=\"avia_inline_auto\" id=\"style-css-av-av_one_half-6126cab7d8fab8d08143dd2dacdf673c\">\n.flex_column.av-av_one_half-6126cab7d8fab8d08143dd2dacdf673c{\nborder-radius:0px 0px 0px 0px;\npadding:0px 0px 0px 0px;\n}\n<\/style>\n<div  class='flex_column av-av_one_half-6126cab7d8fab8d08143dd2dacdf673c av_one_half  avia-builder-el-1  el_after_av_layerslider  el_before_av_one_half  avia-builder-el-first  first flex_column_div av-zero-column-padding  '     ><section  class='av_textblock_section av-av_textblock-396ddf1f42196ca838231e61a4602801 '   itemscope=\"itemscope\" itemtype=\"https:\/\/schema.org\/CreativeWork\" ><div class='avia_textblock'  itemprop=\"text\" ><h4><\/h4>\n<h4><span style=\"color: #ff6600;\">JUSTO DIEGUEZ<\/span><\/h4>\n<p>Justo Di\u00e9guez (Keysi) \u00e8 nato il 12 ottobre 1957, in una piccola citt\u00e0 mineraria a Siviglia, in Spagna, suo padre \u00e8 stato trasferito in una piccola citt\u00e0 chiamata Ultrillas in provincia di Teruel.<\/p>\n<p><strong>&#8220;La citt\u00e0 dove ho vissuto da bambino era un luogo molto speciale e difficile, l\u00ec imparavi a combattere e difendere te stessi o subito le conseguenze.&#8221;<\/strong> Fin da giovanissimo aveva gi\u00e0 assistito ad alcune situazioni brutali e si rese presto conto che se voleva fare qualcosa per la sua vita aveva bisogno di fuggire da l\u00ec. All&#8217;et\u00e0 di 10 anni trascorse 3 anni in un monastero salesiano. Dopo quel periodo senza trovare risposte \u00e8 tornato a casa e a 14 anni ha iniziato a lavorare nelle miniere.<\/p>\n<p>La miniera \u00e8 un luogo duro e difficile per un bambino, pieno di uomini violenti e spietati che hanno vissuto senza timore di recriminazioni. E&#8217; qui che Justo si \u00e8 posto un obiettivo: non diventare una vittima. <strong>&#8220;Non mi sono mai sentito come una vittima. Questo \u00e8 stato un periodo estremo e brutale della mia vita, \u00e8 stato nelle miniere dove ho perso molti dei miei buoni amici. Ho passato 6 lunghi anni in questo ambiente estremo e violento.&#8221;<\/strong> La miniera \u00e8 crollata, intrappolando e uccidendo la maggior parte dei lavoratori nella galleria &#8220;Ricordo ancora il fragoroso ruggito della terra che si attorciglia all&#8217;interno.<\/p>\n<p>E &#8216;stato sufficiente, ha lasciato le miniere e si un\u00ec alle forze speciali, &#8220;COE-22&#8221;. il suo carattere fermo, divenne rapidamente un soldato riconosciuto per le sue caratteristiche eccezionali Dopo aver lasciato l&#8217;esercito ha iniziato un lungo viaggio di ricerca nel mondo delle arti marziali.<\/p>\n<p>E&#8217; stato addestrato come istruttore a diversi livelli, senza trovare risposte. La risposta non si trova all&#8217;esterno. <strong>&#8220;Questo cammino inizia in se stessi, nel credere in chi sei e nel non permettere a nessuno di dirti chi devi essere.&#8221;<\/strong><\/p>\n<p><strong>&#8220;Scoprite il mondo di Keysi, vivete l&#8217;avventura espressa nel profondo di voi senza le barriere della tecnica imposta. Questo pensiero \u00e8 stata la chiave che mi ha aperto le porte della mia mente, ed \u00e8 quello che vogliamo trasmettervi in Keysi.&#8221;<\/strong><\/p>\n<\/div><\/section><\/div>\n<style type=\"text\/css\" data-created_by=\"avia_inline_auto\" id=\"style-css-av-av_one_half-0aa7055fe62c3622faec82866afbaeb2\">\n.flex_column.av-av_one_half-0aa7055fe62c3622faec82866afbaeb2{\nborder-radius:0px 0px 0px 0px;\npadding:0px 0px 0px 0px;\n}\n<\/style>\n<div  class='flex_column av-av_one_half-0aa7055fe62c3622faec82866afbaeb2 av_one_half  avia-builder-el-3  el_after_av_one_half  el_before_av_one_half  flex_column_div av-zero-column-padding  '     ><style type=\"text\/css\" data-created_by=\"avia_inline_auto\" id=\"style-css-av-av_image-dab9535b9faa60a8f8bd94697f858c09\">\n.avia-image-container.av-av_image-dab9535b9faa60a8f8bd94697f858c09 img.avia_image{\nbox-shadow:none;\n}\n.avia-image-container.av-av_image-dab9535b9faa60a8f8bd94697f858c09 .av-image-caption-overlay-center{\ncolor:#ffffff;\n}\n<\/style>\n<div  class='avia-image-container av-av_image-dab9535b9faa60a8f8bd94697f858c09 av-styling- avia-align-center  avia-builder-el-4  avia-builder-el-no-sibling '   itemprop=\"image\" itemscope=\"itemscope\" itemtype=\"https:\/\/schema.org\/ImageObject\" ><div class=\"avia-image-container-inner\"><div class=\"avia-image-overlay-wrap\"><img decoding=\"async\" fetchpriority=\"high\" class='wp-image-3788 avia-img-lazy-loading-not-3788 avia_image ' src=\"https:\/\/www.keysiworld.com\/wp-content\/uploads\/2017\/02\/MASTER-JUSTO-7.jpg\" alt='' title='Justo Dieguez Fundador de Keysi'  height=\"703\" width=\"450\"  itemprop=\"thumbnailUrl\"  \/><\/div><\/div><\/div><\/div>\n<style type=\"text\/css\" data-created_by=\"avia_inline_auto\" id=\"style-css-av-av_one_half-6126cab7d8fab8d08143dd2dacdf673c\">\n.flex_column.av-av_one_half-6126cab7d8fab8d08143dd2dacdf673c{\nborder-radius:0px 0px 0px 0px;\npadding:0px 0px 0px 0px;\n}\n<\/style>\n<div  class='flex_column av-av_one_half-6126cab7d8fab8d08143dd2dacdf673c av_one_half  avia-builder-el-5  el_after_av_one_half  el_before_av_one_half  first flex_column_div av-zero-column-padding  column-top-margin'     ><style type=\"text\/css\" data-created_by=\"avia_inline_auto\" id=\"style-css-av-av_image-a5cb7f5a50beb6c12b793307ab0a0d4c\">\n.avia-image-container.av-av_image-a5cb7f5a50beb6c12b793307ab0a0d4c img.avia_image{\nbox-shadow:none;\n}\n.avia-image-container.av-av_image-a5cb7f5a50beb6c12b793307ab0a0d4c .av-image-caption-overlay-center{\ncolor:#ffffff;\n}\n<\/style>\n<div  class='avia-image-container av-av_image-a5cb7f5a50beb6c12b793307ab0a0d4c av-styling- avia-align-center  avia-builder-el-6  avia-builder-el-no-sibling '   itemprop=\"image\" itemscope=\"itemscope\" itemtype=\"https:\/\/schema.org\/ImageObject\" ><div class=\"avia-image-container-inner\"><div class=\"avia-image-overlay-wrap\"><img decoding=\"async\" fetchpriority=\"high\" class='wp-image-8819 avia-img-lazy-loading-not-8819 avia_image ' src=\"https:\/\/www.keysiworld.com\/wp-content\/uploads\/2019\/10\/Justo_Militar.jpg\" alt='' title='Justo_Militar'  height=\"600\" width=\"600\"  itemprop=\"thumbnailUrl\" srcset=\"https:\/\/www.keysiworld.com\/wp-content\/uploads\/2019\/10\/Justo_Militar.jpg 600w, https:\/\/www.keysiworld.com\/wp-content\/uploads\/2019\/10\/Justo_Militar-80x80.jpg 80w, https:\/\/www.keysiworld.com\/wp-content\/uploads\/2019\/10\/Justo_Militar-36x36.jpg 36w, https:\/\/www.keysiworld.com\/wp-content\/uploads\/2019\/10\/Justo_Militar-180x180.jpg 180w, https:\/\/www.keysiworld.com\/wp-content\/uploads\/2019\/10\/Justo_Militar-120x120.jpg 120w, https:\/\/www.keysiworld.com\/wp-content\/uploads\/2019\/10\/Justo_Militar-450x450.jpg 450w\" sizes=\"(max-width: 600px) 100vw, 600px\" \/><\/div><\/div><\/div><\/div>\n<style type=\"text\/css\" data-created_by=\"avia_inline_auto\" id=\"style-css-av-av_one_half-0aa7055fe62c3622faec82866afbaeb2\">\n.flex_column.av-av_one_half-0aa7055fe62c3622faec82866afbaeb2{\nborder-radius:0px 0px 0px 0px;\npadding:0px 0px 0px 0px;\n}\n<\/style>\n<div  class='flex_column av-av_one_half-0aa7055fe62c3622faec82866afbaeb2 av_one_half  avia-builder-el-7  el_after_av_one_half  el_before_av_heading  flex_column_div av-zero-column-padding  column-top-margin'     ><style type=\"text\/css\" data-created_by=\"avia_inline_auto\" id=\"style-css-av-av_image-b139a715b418937a208c0ba4d95ef5ed\">\n.avia-image-container.av-av_image-b139a715b418937a208c0ba4d95ef5ed img.avia_image{\nbox-shadow:none;\n}\n.avia-image-container.av-av_image-b139a715b418937a208c0ba4d95ef5ed .av-image-caption-overlay-center{\ncolor:#ffffff;\n}\n<\/style>\n<div  class='avia-image-container av-av_image-b139a715b418937a208c0ba4d95ef5ed av-styling- avia-align-center  avia-builder-el-8  avia-builder-el-no-sibling '   itemprop=\"image\" itemscope=\"itemscope\" itemtype=\"https:\/\/schema.org\/ImageObject\" ><div class=\"avia-image-container-inner\"><div class=\"avia-image-overlay-wrap\"><img decoding=\"async\" fetchpriority=\"high\" class='wp-image-8844 avia-img-lazy-loading-not-8844 avia_image ' src=\"https:\/\/www.keysiworld.com\/wp-content\/uploads\/2019\/10\/Justo_Dan_Inosanto_2004.png\" alt='' title='Justo_Dan_Inosanto_2004'  height=\"600\" width=\"600\"  itemprop=\"thumbnailUrl\" srcset=\"https:\/\/www.keysiworld.com\/wp-content\/uploads\/2019\/10\/Justo_Dan_Inosanto_2004.png 600w, https:\/\/www.keysiworld.com\/wp-content\/uploads\/2019\/10\/Justo_Dan_Inosanto_2004-80x80.png 80w, https:\/\/www.keysiworld.com\/wp-content\/uploads\/2019\/10\/Justo_Dan_Inosanto_2004-36x36.png 36w, https:\/\/www.keysiworld.com\/wp-content\/uploads\/2019\/10\/Justo_Dan_Inosanto_2004-180x180.png 180w, https:\/\/www.keysiworld.com\/wp-content\/uploads\/2019\/10\/Justo_Dan_Inosanto_2004-120x120.png 120w, https:\/\/www.keysiworld.com\/wp-content\/uploads\/2019\/10\/Justo_Dan_Inosanto_2004-450x450.png 450w\" sizes=\"(max-width: 600px) 100vw, 600px\" \/><\/div><\/div><\/div><\/div>\n<style type=\"text\/css\" data-created_by=\"avia_inline_auto\" id=\"style-css-av-av_heading-7b9517521aeb4207abe6f5f9d41e1561\">\n#top .av-special-heading.av-av_heading-7b9517521aeb4207abe6f5f9d41e1561{\npadding-bottom:10px;\n}\nbody .av-special-heading.av-av_heading-7b9517521aeb4207abe6f5f9d41e1561 .av-special-heading-tag .heading-char{\nfont-size:25px;\n}\n.av-special-heading.av-av_heading-7b9517521aeb4207abe6f5f9d41e1561 .av-subheading{\nfont-size:15px;\n}\n<\/style>\n<div  class='av-special-heading av-av_heading-7b9517521aeb4207abe6f5f9d41e1561 av-special-heading-h3  avia-builder-el-9  el_after_av_one_half  el_before_av_toggle_container '><h3 class='av-special-heading-tag '  itemprop=\"headline\"  >FAQS<\/h3><div class=\"special-heading-border\"><div class=\"special-heading-inner-border\"><\/div><\/div><\/div>\n<div  class='togglecontainer av-av_toggle_container-58d3b55d78679e2c4a6f7b2e625e97f8  avia-builder-el-10  el_after_av_heading  avia-builder-el-last  toggle_close_all' >\n<section class='av_toggle_section av-av_toggle-c31523fd18162191b87674fa6a4c9db9'  itemscope=\"itemscope\" itemtype=\"https:\/\/schema.org\/CreativeWork\" ><div role=\"tablist\" class=\"single_toggle\" data-tags=\"{Tutto} \"  ><p id='toggle-toggle-id-1' data-fake-id='#toggle-id-1' class='toggler  activeTitle av-title-above '  itemprop=\"headline\"  role='tab' tabindex='0' aria-controls='toggle-id-1' data-slide-speed=\"200\" data-title=\"Perch\u00e9 si chiama Keysi?\" data-title-open=\"\" data-aria_collapsed=\"Clicca per espandere: Perch\u00e9 si chiama Keysi?\" data-aria_expanded=\"Fare clic per chiudere: Perch\u00e9 si chiama Keysi?\">Perch\u00e9 si chiama Keysi?<span class=\"toggle_icon\"><span class=\"vert_icon\"><\/span><span class=\"hor_icon\"><\/span><\/span><\/p><div id='toggle-id-1' aria-labelledby='toggle-toggle-id-1' role='region' class='toggle_wrap  active_tc av-title-above' style='display:block;' ><div class='toggle_content invers-color '  itemprop=\"text\" ><p>El nacimiento de la palabra \u201cKeysi\u201d data de la infancia de Justo Di\u00e9guez. Siendo un ni\u00f1o peque\u00f1o que estaba aprendiendo a hablar, tuvo una pronunciaci\u00f3n involuntaria de \u201cQue S\u00ed\u201d que significa \u201c\u00a1S\u00ed lo har\u00e9!\u201d<\/p>\n<\/div><\/div><\/div><\/section>\n<section class='av_toggle_section av-av_toggle-ef97cd72f5d664c5b6ed10b4d337e6d1'  itemscope=\"itemscope\" itemtype=\"https:\/\/schema.org\/CreativeWork\" ><div role=\"tablist\" class=\"single_toggle\" data-tags=\"{Tutto} \"  ><p id='toggle-toggle-id-2' data-fake-id='#toggle-id-2' class='toggler  av-title-above '  itemprop=\"headline\"  role='tab' tabindex='0' aria-controls='toggle-id-2' data-slide-speed=\"200\" data-title=\"Quando \u00e8 stato stabilito KEYSI?\" data-title-open=\"\" data-aria_collapsed=\"Clicca per espandere: Quando \u00e8 stato stabilito KEYSI?\" data-aria_expanded=\"Fare clic per chiudere: Quando \u00e8 stato stabilito KEYSI?\">Quando \u00e8 stato stabilito KEYSI?<span class=\"toggle_icon\"><span class=\"vert_icon\"><\/span><span class=\"hor_icon\"><\/span><\/span><\/p><div id='toggle-id-2' aria-labelledby='toggle-toggle-id-2' role='region' class='toggle_wrap  av-title-above'  ><div class='toggle_content invers-color '  itemprop=\"text\" ><p>El m\u00e9todo Keysi fue mostrado al p\u00fablico en 1980. Durante un per\u00edodo de 32 a\u00f1os (1980-2012), Justo Di\u00e9guez comenz\u00f3 a impartir seminarios de autodefensa en todo el mundo. Fue en 2012 cuando la empresa KFM da lugar a la actual, conocida como Keysi World.<\/p>\n<\/div><\/div><\/div><\/section>\n<section class='av_toggle_section av-av_toggle-7d1717c293bb53bc0f6a7f120af885d2'  itemscope=\"itemscope\" itemtype=\"https:\/\/schema.org\/CreativeWork\" ><div role=\"tablist\" class=\"single_toggle\" data-tags=\"{Tutto} \"  ><p id='toggle-toggle-id-3' data-fake-id='#toggle-id-3' class='toggler  av-title-above '  itemprop=\"headline\"  role='tab' tabindex='0' aria-controls='toggle-id-3' data-slide-speed=\"200\" data-title=\"Cosa c\u2019era prima di Keysi?\" data-title-open=\"\" data-aria_collapsed=\"Clicca per espandere: Cosa c\u2019era prima di Keysi?\" data-aria_expanded=\"Fare clic per chiudere: Cosa c\u2019era prima di Keysi?\">Cosa c\u2019era prima di Keysi?<span class=\"toggle_icon\"><span class=\"vert_icon\"><\/span><span class=\"hor_icon\"><\/span><\/span><\/p><div id='toggle-id-3' aria-labelledby='toggle-toggle-id-3' role='region' class='toggle_wrap  av-title-above'  ><div class='toggle_content invers-color '  itemprop=\"text\" ><p>La Academia de Autodefensa \u201cKeysi\u201d en Puerto de Sagunto se remonta a 1975. Fue entonces cuando Justo Di\u00e9guez ense\u00f1\u00f3 autodefensa de diferentes estilos, destacando Filipino Kali, Jet Kune Do y boxeo. Durante el per\u00edodo de 1975 a 1980, Justo Di\u00e9guez, a trav\u00e9s de su conocimiento, comenz\u00f3 a desarrollar un programa de autodefensa enfocado a las necesidades de la vida real. Gracias a las lagunas observadas en otros sistemas y a su conocimiento adquirido en la materia, pudo fundar el m\u00e9todo Keysi, lejos de reglas preestablecidas, sin tatami ni cinturones.<\/p>\n<\/div><\/div><\/div><\/section>\n<\/div>\n","protected":false},"excerpt":{"rendered":"","protected":false},"author":117,"featured_media":0,"parent":7485,"menu_order":0,"comment_status":"closed","ping_status":"closed","template":"","meta":{"_acf_changed":false,"footnotes":""},"class_list":["post-6362","page","type-page","status-publish","hentry"],"acf":[],"_links":{"self":[{"href":"https:\/\/www.keysiworld.com\/it\/wp-json\/wp\/v2\/pages\/6362","targetHints":{"allow":["GET"]}}],"collection":[{"href":"https:\/\/www.keysiworld.com\/it\/wp-json\/wp\/v2\/pages"}],"about":[{"href":"https:\/\/www.keysiworld.com\/it\/wp-json\/wp\/v2\/types\/page"}],"author":[{"embeddable":true,"href":"https:\/\/www.keysiworld.com\/it\/wp-json\/wp\/v2\/users\/117"}],"replies":[{"embeddable":true,"href":"https:\/\/www.keysiworld.com\/it\/wp-json\/wp\/v2\/comments?post=6362"}],"version-history":[{"count":0,"href":"https:\/\/www.keysiworld.com\/it\/wp-json\/wp\/v2\/pages\/6362\/revisions"}],"up":[{"embeddable":true,"href":"https:\/\/www.keysiworld.com\/it\/wp-json\/wp\/v2\/pages\/7485"}],"wp:attachment":[{"href":"https:\/\/www.keysiworld.com\/it\/wp-json\/wp\/v2\/media?parent=6362"}],"curies":[{"name":"wp","href":"https:\/\/api.w.org\/{rel}","templated":true}]}}