{"id":6400,"date":"2017-06-02T11:41:36","date_gmt":"2017-06-02T11:41:36","guid":{"rendered":"https:\/\/www.keysiworld.com\/keysi-en-el-cine\/"},"modified":"2018-09-13T15:59:13","modified_gmt":"2018-09-13T15:59:13","slug":"keysi-nel-cinema","status":"publish","type":"page","link":"https:\/\/www.keysiworld.com\/it\/keysi-world\/keysi-nel-cinema\/","title":{"rendered":"Keysi Nel Cinema"},"content":{"rendered":"<div id='layer_slider_1'  class='avia-layerslider main_color avia-shadow  avia-builder-el-0  el_before_av_hr  avia-builder-el-first  container_wrap sidebar_right'  style='height: 171px; max-width: 1410px; margin: 0 auto;'  ><\/div><div id='after_layer_slider_1'  class='main_color av_default_container_wrap container_wrap sidebar_right'  ><div class='container av-section-cont-open' ><div class='template-page content  av-content-small alpha units'><div class='post-entry post-entry-type-page post-entry-6400'><div class='entry-content-wrapper clearfix'>\n\n<style type=\"text\/css\" data-created_by=\"avia_inline_auto\" id=\"style-css-av-av_hr-616cd310f4c6bf63bbd1f033802c1165\">\n#top .hr.hr-invisible.av-av_hr-616cd310f4c6bf63bbd1f033802c1165{\nheight:20px;\n}\n<\/style>\n<div  class='hr av-av_hr-616cd310f4c6bf63bbd1f033802c1165 hr-invisible  avia-builder-el-1  el_after_av_layerslider  el_before_av_textblock  avia-builder-el-first '><span class='hr-inner '><span class=\"hr-inner-style\"><\/span><\/span><\/div>\n<section  class='av_textblock_section av-av_textblock-396ddf1f42196ca838231e61a4602801 '   itemscope=\"itemscope\" itemtype=\"https:\/\/schema.org\/CreativeWork\" ><div class='avia_textblock'  itemprop=\"text\" ><h4><span style=\"color: #ff6600;\">KEYSI NEL CINEMA<\/span><\/h4>\n<p id=\"tw-target-text\" class=\"tw-data-text tw-ta tw-text-small\" dir=\"ltr\" data-placeholder=\"Traducci\u00f3n\"><span lang=\"es\"><a href=\"https:\/\/www.keysiworld.com\/wp-content\/uploads\/2017\/01\/14993569_1233268316734945_8997217029260496518_n.jpg\"><img decoding=\"async\" class=\"alignright wp-image-137\" src=\"https:\/\/www.keysiworld.com\/wp-content\/uploads\/2017\/01\/14993569_1233268316734945_8997217029260496518_n.jpg\" alt=\"Keysi en el cine\" width=\"350\" height=\"\" data-id=\"137\" srcset=\"https:\/\/www.keysiworld.com\/wp-content\/uploads\/2017\/01\/14993569_1233268316734945_8997217029260496518_n.jpg 480w, https:\/\/www.keysiworld.com\/wp-content\/uploads\/2017\/01\/14993569_1233268316734945_8997217029260496518_n-450x661.jpg 450w\" sizes=\"(max-width: 480px) 100vw, 480px\" \/><\/a>Nel corso della sua carriera professionale, Justo Di\u00e9guez ha lavorato come coreografo d&#8217;azione, attore e specialista. Ma non \u00e8 stato fino all&#8217;arrivo di &#8220;Batman Begins&#8221; quando il suo metodo di autodifesa divenne noto al mondo intero. Pi\u00f9 tardi \u00e8 stato usato frequentemente data la sua luminosit\u00e0 e dinamismo in altri film di Hollywood come:<\/span><\/p>\n<p class=\"p1\"><span class=\"s1\"><b>Mission: Impossible III<\/b><\/span><\/p>\n<p class=\"p1\"><span class=\"s1\"><b>Batman Begins<\/b><\/span><\/p>\n<p class=\"p1\"><span class=\"s1\"><b>Il Cavaliere Oscuro<\/b><\/span><\/p>\n<p class=\"p1\"><span class=\"s1\"><b>Quantum of Solace (007)<\/b><\/span><\/p>\n<p class=\"p1\"><span class=\"s1\"><b>Scontro Tra Titani<\/b><\/span><\/p>\n<p class=\"p1\"><span class=\"s1\"><b>Il Trono Di Spade (Prima Stagione)<\/b><\/span><\/p>\n<p class=\"p1\"><span class=\"s1\"><b>Jack Reacher<\/b><\/span><\/p>\n<p class=\"p1\"><span class=\"s1\"><b>Jack Reacher: Never go back<\/b><\/span><\/p>\n<h4><\/h4>\n<\/div><\/section>\n\n<style type=\"text\/css\" data-created_by=\"avia_inline_auto\" id=\"style-css-av-av_one_full-6126cab7d8fab8d08143dd2dacdf673c\">\n.flex_column.av-av_one_full-6126cab7d8fab8d08143dd2dacdf673c{\nborder-radius:0px 0px 0px 0px;\npadding:0px 0px 0px 0px;\n}\n<\/style>\n<div  class='flex_column av-av_one_full-6126cab7d8fab8d08143dd2dacdf673c av_one_full  avia-builder-el-3  el_after_av_textblock  el_before_av_heading  first flex_column_div av-zero-column-padding  column-top-margin'     ><div  class='avia-video av-av_video-8bc4274017eb6aed59bd59698b9964f7 avia-video-16-9 av-no-preview-image avia-video-load-always av-lazyload-immediate av-lazyload-video-embed'  itemprop=\"video\" itemtype=\"https:\/\/schema.org\/VideoObject\"  data-original_url='https:\/\/www.youtube.com\/watch?v=6w-Msj_M5lM'><script type='text\/html' class='av-video-tmpl'><div class='avia-iframe-wrap'><iframe loading=\"lazy\" width=\"1500\" height=\"844\" src=\"https:\/\/www.youtube.com\/embed\/6w-Msj_M5lM?feature=oembed&autoplay=0&loop=0&controls=1&mute=0\" frameborder=\"0\" allowfullscreen><\/iframe><\/div><\/script><div class='av-click-to-play-overlay'><div class=\"avia_playpause_icon\"><\/div><\/div><\/div><\/div>\n\n<style type=\"text\/css\" data-created_by=\"avia_inline_auto\" id=\"style-css-av-av_heading-7b9517521aeb4207abe6f5f9d41e1561\">\n#top .av-special-heading.av-av_heading-7b9517521aeb4207abe6f5f9d41e1561{\npadding-bottom:10px;\n}\nbody .av-special-heading.av-av_heading-7b9517521aeb4207abe6f5f9d41e1561 .av-special-heading-tag .heading-char{\nfont-size:25px;\n}\n.av-special-heading.av-av_heading-7b9517521aeb4207abe6f5f9d41e1561 .av-subheading{\nfont-size:15px;\n}\n<\/style>\n<div  class='av-special-heading av-av_heading-7b9517521aeb4207abe6f5f9d41e1561 av-special-heading-h3  avia-builder-el-5  el_after_av_one_full  el_before_av_toggle_container '><h3 class='av-special-heading-tag '  itemprop=\"headline\"  >FAQS<\/h3><div class=\"special-heading-border\"><div class=\"special-heading-inner-border\"><\/div><\/div><\/div>\n<div  class='togglecontainer av-av_toggle_container-58d3b55d78679e2c4a6f7b2e625e97f8  avia-builder-el-6  el_after_av_heading  avia-builder-el-last  toggle_close_all' >\n<section class='av_toggle_section av-av_toggle-701ba67febd686490872e29d0772475f'  itemscope=\"itemscope\" itemtype=\"https:\/\/schema.org\/CreativeWork\" ><div role=\"tablist\" class=\"single_toggle\" data-tags=\"{Tutto} \"  ><p id='toggle-toggle-id-1' data-fake-id='#toggle-id-1' class='toggler  activeTitle av-title-above '  itemprop=\"headline\"  role='tab' tabindex='0' aria-controls='toggle-id-1' data-slide-speed=\"200\" data-title=\"\u00bfPor qu\u00e9 se llama Keysi?\" data-title-open=\"\" data-aria_collapsed=\"Clicca per espandere: \u00bfPor qu\u00e9 se llama Keysi?\" data-aria_expanded=\"Fare clic per chiudere: \u00bfPor qu\u00e9 se llama Keysi?\">\u00bfPor qu\u00e9 se llama Keysi?<span class=\"toggle_icon\"><span class=\"vert_icon\"><\/span><span class=\"hor_icon\"><\/span><\/span><\/p><div id='toggle-id-1' aria-labelledby='toggle-toggle-id-1' role='region' class='toggle_wrap  active_tc av-title-above' style='display:block;' ><div class='toggle_content invers-color '  itemprop=\"text\" ><p><span style=\"color: #000000;\">El nacimiento de la palabra \u201cKeysi\u201d data de la infancia de Justo Di\u00e9guez. Como un ni\u00f1o peque\u00f1o que estaba aprendiendo a hablar, tengo una pronunciaci\u00f3n involuntaria de la palabra espa\u00f1ola \u201cQue Si\u201d que significa \u201c\u00a1S\u00ed lo har\u00e9!\u201d<\/span><\/p>\n<\/div><\/div><\/div><\/section>\n<section class='av_toggle_section av-av_toggle-8b66ccd16b7f7c5aa8b6331ffd1cd4d6'  itemscope=\"itemscope\" itemtype=\"https:\/\/schema.org\/CreativeWork\" ><div role=\"tablist\" class=\"single_toggle\" data-tags=\"{Tutto} \"  ><p id='toggle-toggle-id-2' data-fake-id='#toggle-id-2' class='toggler  av-title-above '  itemprop=\"headline\"  role='tab' tabindex='0' aria-controls='toggle-id-2' data-slide-speed=\"200\" data-title=\"\u00bfQu\u00e9 fue antes de Keysi?\" data-title-open=\"\" data-aria_collapsed=\"Clicca per espandere: \u00bfQu\u00e9 fue antes de Keysi?\" data-aria_expanded=\"Fare clic per chiudere: \u00bfQu\u00e9 fue antes de Keysi?\">\u00bfQu\u00e9 fue antes de Keysi?<span class=\"toggle_icon\"><span class=\"vert_icon\"><\/span><span class=\"hor_icon\"><\/span><\/span><\/p><div id='toggle-id-2' aria-labelledby='toggle-toggle-id-2' role='region' class='toggle_wrap  av-title-above'  ><div class='toggle_content invers-color '  itemprop=\"text\" ><p><span style=\"color: #000000;\">La Academia de Autodefensa \u201cKeysi\u201d se remonta a 1975, y es durante este per\u00edodo en que Justo Di\u00e9guez ense\u00f1\u00f3 autodefensa en diferentes estilos; Entre ellos podemos destacar Filipino Kali, Jet Kune Do y el boxeo. Durante el per\u00edodo de 1975-1980, en el cual Justo Di\u00e9guez, a trav\u00e9s de su conocimiento, comenc\u00e9 a desarrollar un programa de autodefensa con una necesidad de vida real. Con el conocimiento de todas las habilidades de autodefensa que he observado, he observado enormes lagunas al hablar de autodefensa de la vida real, lejos de reglas sin tatami o un anillo.<\/span><\/p>\n<\/div><\/div><\/div><\/section>\n<section class='av_toggle_section av-av_toggle-77de48f582b04b99c83012d2243967c4'  itemscope=\"itemscope\" itemtype=\"https:\/\/schema.org\/CreativeWork\" ><div role=\"tablist\" class=\"single_toggle\" data-tags=\"{Tutto} \"  ><p id='toggle-toggle-id-3' data-fake-id='#toggle-id-3' class='toggler  av-title-above '  itemprop=\"headline\"  role='tab' tabindex='0' aria-controls='toggle-id-3' data-slide-speed=\"200\" data-title=\"\u00bfCu\u00e1ndo se fund\u00f3 KEYSI?\" data-title-open=\"\" data-aria_collapsed=\"Clicca per espandere: \u00bfCu\u00e1ndo se fund\u00f3 KEYSI?\" data-aria_expanded=\"Fare clic per chiudere: \u00bfCu\u00e1ndo se fund\u00f3 KEYSI?\">\u00bfCu\u00e1ndo se fund\u00f3 KEYSI?<span class=\"toggle_icon\"><span class=\"vert_icon\"><\/span><span class=\"hor_icon\"><\/span><\/span><\/p><div id='toggle-id-3' aria-labelledby='toggle-toggle-id-3' role='region' class='toggle_wrap  av-title-above'  ><div class='toggle_content invers-color '  itemprop=\"text\" ><p><span style=\"color: #000000;\">Keysi fue creado en 1980, per\u00edodo en el que Justo Di\u00e9guez comenz\u00f3 a impartir seminarios de autodefensa en todo el mundo. Este per\u00edodo se compone de 32 a\u00f1os (1980-2012), cuando la empresa KFM fue disuelta hasta hoy, ahora conocida como \u201cKeysi por Justo Di\u00e9guez\u201d.<\/span><\/p>\n<\/div><\/div><\/div><\/section>\n<\/div>\n","protected":false},"excerpt":{"rendered":"","protected":false},"author":117,"featured_media":0,"parent":7485,"menu_order":0,"comment_status":"closed","ping_status":"closed","template":"","meta":{"_acf_changed":false,"footnotes":""},"class_list":["post-6400","page","type-page","status-publish","hentry"],"acf":[],"_links":{"self":[{"href":"https:\/\/www.keysiworld.com\/it\/wp-json\/wp\/v2\/pages\/6400","targetHints":{"allow":["GET"]}}],"collection":[{"href":"https:\/\/www.keysiworld.com\/it\/wp-json\/wp\/v2\/pages"}],"about":[{"href":"https:\/\/www.keysiworld.com\/it\/wp-json\/wp\/v2\/types\/page"}],"author":[{"embeddable":true,"href":"https:\/\/www.keysiworld.com\/it\/wp-json\/wp\/v2\/users\/117"}],"replies":[{"embeddable":true,"href":"https:\/\/www.keysiworld.com\/it\/wp-json\/wp\/v2\/comments?post=6400"}],"version-history":[{"count":0,"href":"https:\/\/www.keysiworld.com\/it\/wp-json\/wp\/v2\/pages\/6400\/revisions"}],"up":[{"embeddable":true,"href":"https:\/\/www.keysiworld.com\/it\/wp-json\/wp\/v2\/pages\/7485"}],"wp:attachment":[{"href":"https:\/\/www.keysiworld.com\/it\/wp-json\/wp\/v2\/media?parent=6400"}],"curies":[{"name":"wp","href":"https:\/\/api.w.org\/{rel}","templated":true}]}}