{"id":6857,"date":"2017-07-04T23:01:09","date_gmt":"2017-07-04T23:01:09","guid":{"rendered":"https:\/\/www.keysiworld.com\/politica-de-privacidad\/"},"modified":"2020-06-01T02:08:56","modified_gmt":"2020-06-01T02:08:56","slug":"politica-sulla-privacy","status":"publish","type":"page","link":"https:\/\/www.keysiworld.com\/it\/politica-sulla-privacy\/","title":{"rendered":"Politica sulla Privacy"},"content":{"rendered":"<h2><strong>Informativa sulla privacy<\/strong><\/h2>\n<h3><strong>1. informazioni all&#8217;utente<\/strong><\/h3>\n<p><strong>KEYSI WORLD SL<\/strong>, di seguito responsabile, \u00e8 responsabile del trattamento dei dati personali dell&#8217;utente e informa che tali dati saranno trattati in conformit\u00e0 con le disposizioni del regolamento (UE) 2016\/679 del 27 aprile (GDPR) e della legge organica 3\/2018 del 5 di dicembre (LOPDGDD), pertanto vengono fornite le seguenti informazioni sul trattamento:<\/p>\n<p><strong>Fine del trattamento<\/strong>: Mantenere una relazione commerciale con l&#8217;utente. Le operazioni pianificate per eseguire il trattamento sono:<\/p>\n<ul>\n<li>Referral di comunicazioni pubblicitarie commerciali via e-mail, fax, SMS, MMS, Le comunit\u00e0 sociali o qualsiasi altro mezzo elettronico o fisico, presente o futuro, che Rendere possibili le comunicazioni commerciali. Tali comunicazioni saranno effettuate Responsabili e relativi ai loro prodotti e servizi, o ai loro collaboratori o Con cui il venditore ha raggiunto un accordo di promozione. In questo caso, il Terze parti non avranno mai accesso ai dati personali.<\/li>\n<li>Elaborare ordini, richieste o qualsiasi tipo di richiesta effettuata dall&#8217;utente per Attraverso una qualsiasi delle forme di contatto che vengono messi a vostra disposizione.<\/li>\n<li>Invia la newsletter del sito.<\/li>\n<\/ul>\n<p><strong>Fine del trattamento<\/strong>: consenso dell&#8217;interessato.<\/p>\n<p><strong>Criteri SISTEMA operativo di conservazione dei dati<\/strong>: Essi sono conservati per un periodo non superiore a quello necessario per mantenere la fine del trattamento e quando non sono pi\u00f9 necessari a tal fine, sono rimossi con adeguate misure di sicurezza per garantire che il seudonimizaci\u00f3n di la distruzione totale dello stesso.<\/p>\n<p><strong>Comunicazione dei dati<\/strong>: I dati non saranno comunicati a terzi, salvo obblighi di legge.<\/p>\n<p><strong>Diritti che assistono l&#8217;utente<\/strong>:<\/p>\n<ul>\n<li>Diritto di revocare il consenso in qualsiasi momento.<\/li>\n<li>Diritto di accesso, rettifica, portabilit\u00e0 e soppressione dei suoi dati e limitazione o opposizione al trattamento.<\/li>\n<li>Diritto di presentare un reclamo all&#8217;autorit\u00e0 di controllo (www. AEPD. Es) Se ritieni che il trattamento non sia conforme alle normative vigenti.<\/li>\n<\/ul>\n<p><strong>Dettagli di contatto per esercitare i tuoi diritti<\/strong>:<\/p>\n<p>Keysi WORLD SL. Calle Almendros, 55 Bajo-46520 Puerto de Sagunto (Valencia). Posta elettronica: info@keysiworld.com<\/p>\n<p>&nbsp;<\/p>\n<h3><strong>2. carattere obbligatorio o facoltativo IVO delle informazioni fornite dall&#8217;utente<\/strong><\/h3>\n<p>Gli utenti, segnando le caselle corrispondenti e l&#8217;immissione dei dati Campi, contrassegnati con un asterisco (*) nel modulo di contatto o presentati in moduli di download, espressamente accettati e liberamente e inequivocabilmente, che i tuoi dati sono necessari per soddisfare la tua richiesta, da parte del fornitore, essendo volontario l&#8217;inclusione dei dati neli restanti campi. L&#8217;utente garantisce che i dati personali forniti alla persona responsabile sono veritieri ed \u00e8 responsabile della comunicazione di eventuali modifiche Lo stesso.<\/p>\n<p>La persona responsabile informa e garantisce espressamente agli utenti che i loro dati Non saranno ceduti in nessun caso a terzi, e che ogni qualvolta Fatto Qualche tipo di trasferimento di dati personali, sar\u00e0 richiesto in precedenza il consenso, informato e inequivocabile da parte degli utenti. Tutti i dati richiesti a Trav\u00e9S del sito sono obbligatori, in quanto sono necessari per la fornitura di un servizio ottimale per l&#8217;utente. Se non vengono forniti tutti i dati, le informazioni e i servizi forniti non sono garantiti per essere pienamente adattati al loro ndi ecesidades.<\/p>\n<p>&nbsp;<\/p>\n<h3><strong>3. misure di sicurezza<\/strong><\/h3>\n<p>Che in conformit\u00e0 con le disposizioni della normativa vigente in materia di protezione dei dati personali, il responsabile \u00e8 conforme a tutte le disposizioni del regolamento GDPR per il trattamento dei dati personali di sua responsabilit\u00e0, e ManifieStamente con i principi descritti all&#8217;articolo 5 del GDPR, per i quali sono trattati lecitamente, lealmente e in modo trasparente in relazione alla persona interessata e appropriati, pertinenti e limitati a quanto necessario in relazione alle finalit\u00e0 per le quali sono Trattati.<\/p>\n<p>Il responsabile garantisce di aver implementato adeguate politiche tecniche e organizzative per attuare le misure di sicurezza stabilite dal GDPR al fine di tutelare i diritti e le libert\u00e0 degli utenti e ha comunicado le informazioni giuste in modo che possano esercitarli.<\/p>\n","protected":false},"excerpt":{"rendered":"<p>Informativa sulla privacy 1. informazioni all&#8217;utente KEYSI WORLD SL, di seguito responsabile, \u00e8 responsabile del trattamento dei dati personali dell&#8217;utente e informa che tali dati saranno trattati in conformit\u00e0 con le disposizioni del regolamento (UE) 2016\/679 del 27 aprile (GDPR) e della legge organica 3\/2018 del 5 di dicembre (LOPDGDD), pertanto vengono fornite le seguenti [&hellip;]<\/p>\n","protected":false},"author":117,"featured_media":0,"parent":0,"menu_order":0,"comment_status":"closed","ping_status":"closed","template":"","meta":{"_acf_changed":false,"footnotes":""},"class_list":["post-6857","page","type-page","status-publish","hentry"],"acf":[],"_links":{"self":[{"href":"https:\/\/www.keysiworld.com\/it\/wp-json\/wp\/v2\/pages\/6857","targetHints":{"allow":["GET"]}}],"collection":[{"href":"https:\/\/www.keysiworld.com\/it\/wp-json\/wp\/v2\/pages"}],"about":[{"href":"https:\/\/www.keysiworld.com\/it\/wp-json\/wp\/v2\/types\/page"}],"author":[{"embeddable":true,"href":"https:\/\/www.keysiworld.com\/it\/wp-json\/wp\/v2\/users\/117"}],"replies":[{"embeddable":true,"href":"https:\/\/www.keysiworld.com\/it\/wp-json\/wp\/v2\/comments?post=6857"}],"version-history":[{"count":0,"href":"https:\/\/www.keysiworld.com\/it\/wp-json\/wp\/v2\/pages\/6857\/revisions"}],"wp:attachment":[{"href":"https:\/\/www.keysiworld.com\/it\/wp-json\/wp\/v2\/media?parent=6857"}],"curies":[{"name":"wp","href":"https:\/\/api.w.org\/{rel}","templated":true}]}}